{"id":2602,"date":"2019-09-27T10:35:21","date_gmt":"2019-09-27T08:35:43","guid":{"rendered":"https:\/\/trigon.ch\/aktives-wdm\/"},"modified":"2020-05-22T14:36:53","modified_gmt":"2020-05-22T12:36:53","slug":"wdm-actif","status":"publish","type":"page","link":"https:\/\/trigon.ch\/fr\/solutions-de-reseau\/wdm\/wdm-actif\/","title":{"rendered":"WDM actif"},"content":{"rendered":"","protected":false},"excerpt":{"rendered":"","protected":false},"author":1,"featured_media":1205,"parent":2665,"menu_order":2,"comment_status":"closed","ping_status":"closed","template":"","meta":{"_acf_changed":false,"inline_featured_image":false,"footnotes":""},"class_list":["post-2602","page","type-page","status-publish","has-post-thumbnail","hentry"],"acf":{"inhalts_module":[{"acf_fc_layout":"heading","seo_title":{"titel":"Technologie WDM active: intelligente et s\u00fbre","tag":"h1"},"headline":"Chaque point du r\u00e9seau peut \u00eatre surveill\u00e9 gr\u00e2ce aux composants DWDM actifs.\r\n"},{"acf_fc_layout":"text","text":"<h2>Actif = v\u00e9rifiable, flexible et s\u00fbr<\/h2>\n<p><strong>La technologie WDM active<\/strong> permet de transmettre des bandes passantes exprim\u00e9es en <strong>gigabits<\/strong> et <strong>t\u00e9rabits<\/strong>. Des bandes passantes dynamiques sont \u00e9galement possibles. Vos <strong>donn\u00e9es sont transmises crypt\u00e9es<\/strong> et les protocoles <strong>Fibre Channel<\/strong> et <strong>Ethernet<\/strong> sont possibles sous toutes leurs formes. D\u00e9couvrez les avantages des composants actifs et n&#8217;h\u00e9sitez pas \u00e0 nous contacter au sujet des d\u00e9fis auxquels vous \u00eates confront\u00e9s. Nous vous fournissons le mat\u00e9riel et les logiciels ad\u00e9quats pour votre r\u00e9seau <a href=\"https:\/\/trigon.ch\/fr\/solutions-de-reseau\/wdm\/\">WDM<\/a>.<\/p>\n<p>&nbsp;<\/p>\n<h3>Les 6\u00a0avantages des syst\u00e8mes WDM actifs<\/h3>\n<ol>\n<li><strong>Surveillance possible:<\/strong> Chaque point du r\u00e9seau peut \u00eatre surveill\u00e9 gr\u00e2ce \u00e0 l&#8217;utilisation des composants actifs. L&#8217;interface du r\u00e9seau interne ou du fournisseur de services peut \u00eatre surveill\u00e9e gr\u00e2ce \u00e0 un point de d\u00e9marcation clair, qui est tr\u00e8s utile pour rechercher les sources d&#8217;erreur.<\/li>\n<li><strong>Longue distance:<\/strong> Les centres de donn\u00e9es peuvent \u00eatre \u00e9loign\u00e9s les uns des autres. L&#8217;utilisation de composants actifs permet de ma\u00eetriser les longues distances.<\/li>\n<li><strong>Toutes les topologies de r\u00e9seau sont possibles:<\/strong> Les composants actifs permettent de cr\u00e9er des r\u00e9seaux point \u00e0 point ET des r\u00e9seaux en anneau ou des r\u00e9seaux maill\u00e9s. Vous trouverez plus d&#8217;informations sur la <a href=\"https:\/\/trigon.ch\/fr\/gestion-de-reseau\/topologie-de-reseau\/\">topologie de r\u00e9seau<\/a> ici ((lien vers la page de la topologie de r\u00e9seau)).<\/li>\n<li><strong>Transfert \u00e0 2\u00a0voies:<\/strong> Les composants actifs permettent d&#8217;avoir recours \u00e0 une connexion redondante en cas de dysfonctionnement li\u00e9 \u00e0 une fibre optique.<\/li>\n<li><strong>Bande passante instantan\u00e9e:<\/strong> Les r\u00e9seaux actifs utilisent une technologie qui permet d&#8217;augmenter <strong>la bande passante<\/strong> \u00e0 court terme. Certains mod\u00e8les de licences int\u00e9ressants de nos fournisseurs permettent l&#8217;installation d&#8217;appareils performants, qu&#8217;il est possible d&#8217;adapter instantan\u00e9ment \u00e0 vos besoins de bande passante au moyen de <strong>cl\u00e9s de licence<\/strong> &#8211; avec possibilit\u00e9 d&#8217;augmenter la bande passante, mais aussi de la r\u00e9duire \u00e0 nouveau.<\/li>\n<li><strong>Cryptage:<\/strong> Seuls les composants WDM actifs permettent un trafic de donn\u00e9es crypt\u00e9.<\/li>\n<\/ol>\n<p>&nbsp;<\/p>\n<p>Vous recherchez une solution moins sophistiqu\u00e9e? Dans ce cas, nous vous recommandons un <a href=\"https:\/\/trigon.ch\/fr\/solutions-de-reseau\/wdm\/wdm-passif\/\">syst\u00e8me WDM passif<\/a>. Plus facile \u00e0 configurer, il est aussi moins cher \u00e0 construire et \u00e0 entretenir.<\/p>\n"},{"acf_fc_layout":"image_text","image_on_right":false,"text":"<h3>Notre offre<\/h3>\n<p>Nous vous soutenons activement avec notre expertise. Nous planifions, configurons, testons et accompagnons le d\u00e9ploiement ou nous vous livrons simplement le mat\u00e9riel dont vous avez besoin. Pour que votre r\u00e9seau corresponde parfaitement \u00e0 vos besoins!<\/p>\n","image":{"ID":1937,"id":1937,"title":"Im Gespr\u00e4ch","filename":"Im-Gespr\u00e4ch-scaled.jpg","filesize":376568,"url":"https:\/\/trigon.ch\/wp-content\/uploads\/2019\/11\/Im-Gespr\u00e4ch-scaled.jpg","link":"https:\/\/trigon.ch\/fr\/netzwerkloesungen\/wdm\/aktives-wdm\/im-gespraech\/","alt":"","author":"2","description":"","caption":"","name":"im-gespraech","status":"inherit","uploaded_to":37,"date":"2019-11-15 15:48:46","modified":"2019-11-15 15:51:32","menu_order":0,"mime_type":"image\/jpeg","type":"image","subtype":"jpeg","icon":"https:\/\/trigon.ch\/wp-includes\/images\/media\/default.png","width":2560,"height":1707,"sizes":{"thumbnail":"https:\/\/trigon.ch\/wp-content\/uploads\/2019\/11\/Im-Gespr\u00e4ch-150x150.jpg","thumbnail-width":150,"thumbnail-height":150,"medium":"https:\/\/trigon.ch\/wp-content\/uploads\/2019\/11\/Im-Gespr\u00e4ch-300x200.jpg","medium-width":300,"medium-height":200,"medium_large":"https:\/\/trigon.ch\/wp-content\/uploads\/2019\/11\/Im-Gespr\u00e4ch-768x512.jpg","medium_large-width":768,"medium_large-height":512,"large":"https:\/\/trigon.ch\/wp-content\/uploads\/2019\/11\/Im-Gespr\u00e4ch-2880x1620.jpg","large-width":1024,"large-height":576,"1536x1536":"https:\/\/trigon.ch\/wp-content\/uploads\/2019\/11\/Im-Gespr\u00e4ch-1536x1024.jpg","1536x1536-width":1536,"1536x1536-height":1024,"2048x2048":"https:\/\/trigon.ch\/wp-content\/uploads\/2019\/11\/Im-Gespr\u00e4ch-2048x1365.jpg","2048x2048-width":2048,"2048x2048-height":1365,"large_bad":"https:\/\/trigon.ch\/wp-content\/uploads\/2019\/11\/Im-Gespr\u00e4ch-288x162.jpg","large_bad-width":288,"large_bad-height":162,"team":"https:\/\/trigon.ch\/wp-content\/uploads\/2019\/11\/Im-Gespr\u00e4ch-500x500.jpg","team-width":500,"team-height":500,"team_bad":"https:\/\/trigon.ch\/wp-content\/uploads\/2019\/11\/Im-Gespr\u00e4ch-40x40.jpg","team_bad-width":40,"team_bad-height":40,"news":"https:\/\/trigon.ch\/wp-content\/uploads\/2019\/11\/Im-Gespr\u00e4ch-370x270.jpg","news-width":370,"news-height":270,"news_bad":"https:\/\/trigon.ch\/wp-content\/uploads\/2019\/11\/Im-Gespr\u00e4ch-37x27.jpg","news_bad-width":37,"news_bad-height":27,"client":"https:\/\/trigon.ch\/wp-content\/uploads\/2019\/11\/Im-Gespr\u00e4ch-320x180.jpg","client-width":320,"client-height":180,"client_bad":"https:\/\/trigon.ch\/wp-content\/uploads\/2019\/11\/Im-Gespr\u00e4ch-32x18.jpg","client_bad-width":32,"client_bad-height":18,"teaser":"https:\/\/trigon.ch\/wp-content\/uploads\/2019\/11\/Im-Gespr\u00e4ch-600x480.jpg","teaser-width":600,"teaser-height":480,"teaser_bad":"https:\/\/trigon.ch\/wp-content\/uploads\/2019\/11\/Im-Gespr\u00e4ch-60x48.jpg","teaser_bad-width":60,"teaser_bad-height":48}}},{"acf_fc_layout":"contact","team":{"ID":2799,"post_author":"1","post_date":"2019-09-27 12:14:58","post_date_gmt":"2019-09-27 10:14:17","post_content":"","post_title":"Daniel Grob","post_excerpt":"","post_status":"private","comment_status":"closed","ping_status":"closed","post_password":"","post_name":"daniel-grob-2","to_ping":"","pinged":"","post_modified":"2026-02-11 14:11:25","post_modified_gmt":"2026-02-11 13:11:25","post_content_filtered":"","post_parent":0,"guid":"https:\/\/trigon.ch\/?team=daniel-grob-2","menu_order":6,"post_type":"team","post_mime_type":"","comment_count":"0","filter":"raw"},"text":"Je serai heureux de vous conseiller sur la construction d'un r\u00e9seau sur mesure, avec des composants WDM actifs."}],"inhaltsmodule_clone":{"inhalts_module":[{"acf_fc_layout":"heading","seo_title":{"titel":"Technologie WDM active: intelligente et s\u00fbre","tag":"h1"},"headline":"Chaque point du r\u00e9seau peut \u00eatre surveill\u00e9 gr\u00e2ce aux composants DWDM actifs.\r\n"},{"acf_fc_layout":"text","text":"<h2>Actif = v\u00e9rifiable, flexible et s\u00fbr<\/h2>\n<p><strong>La technologie WDM active<\/strong> permet de transmettre des bandes passantes exprim\u00e9es en <strong>gigabits<\/strong> et <strong>t\u00e9rabits<\/strong>. Des bandes passantes dynamiques sont \u00e9galement possibles. Vos <strong>donn\u00e9es sont transmises crypt\u00e9es<\/strong> et les protocoles <strong>Fibre Channel<\/strong> et <strong>Ethernet<\/strong> sont possibles sous toutes leurs formes. D\u00e9couvrez les avantages des composants actifs et n&#8217;h\u00e9sitez pas \u00e0 nous contacter au sujet des d\u00e9fis auxquels vous \u00eates confront\u00e9s. Nous vous fournissons le mat\u00e9riel et les logiciels ad\u00e9quats pour votre r\u00e9seau <a href=\"https:\/\/trigon.ch\/fr\/solutions-de-reseau\/wdm\/\">WDM<\/a>.<\/p>\n<p>&nbsp;<\/p>\n<h3>Les 6\u00a0avantages des syst\u00e8mes WDM actifs<\/h3>\n<ol>\n<li><strong>Surveillance possible:<\/strong> Chaque point du r\u00e9seau peut \u00eatre surveill\u00e9 gr\u00e2ce \u00e0 l&#8217;utilisation des composants actifs. L&#8217;interface du r\u00e9seau interne ou du fournisseur de services peut \u00eatre surveill\u00e9e gr\u00e2ce \u00e0 un point de d\u00e9marcation clair, qui est tr\u00e8s utile pour rechercher les sources d&#8217;erreur.<\/li>\n<li><strong>Longue distance:<\/strong> Les centres de donn\u00e9es peuvent \u00eatre \u00e9loign\u00e9s les uns des autres. L&#8217;utilisation de composants actifs permet de ma\u00eetriser les longues distances.<\/li>\n<li><strong>Toutes les topologies de r\u00e9seau sont possibles:<\/strong> Les composants actifs permettent de cr\u00e9er des r\u00e9seaux point \u00e0 point ET des r\u00e9seaux en anneau ou des r\u00e9seaux maill\u00e9s. Vous trouverez plus d&#8217;informations sur la <a href=\"https:\/\/trigon.ch\/fr\/gestion-de-reseau\/topologie-de-reseau\/\">topologie de r\u00e9seau<\/a> ici ((lien vers la page de la topologie de r\u00e9seau)).<\/li>\n<li><strong>Transfert \u00e0 2\u00a0voies:<\/strong> Les composants actifs permettent d&#8217;avoir recours \u00e0 une connexion redondante en cas de dysfonctionnement li\u00e9 \u00e0 une fibre optique.<\/li>\n<li><strong>Bande passante instantan\u00e9e:<\/strong> Les r\u00e9seaux actifs utilisent une technologie qui permet d&#8217;augmenter <strong>la bande passante<\/strong> \u00e0 court terme. Certains mod\u00e8les de licences int\u00e9ressants de nos fournisseurs permettent l&#8217;installation d&#8217;appareils performants, qu&#8217;il est possible d&#8217;adapter instantan\u00e9ment \u00e0 vos besoins de bande passante au moyen de <strong>cl\u00e9s de licence<\/strong> &#8211; avec possibilit\u00e9 d&#8217;augmenter la bande passante, mais aussi de la r\u00e9duire \u00e0 nouveau.<\/li>\n<li><strong>Cryptage:<\/strong> Seuls les composants WDM actifs permettent un trafic de donn\u00e9es crypt\u00e9.<\/li>\n<\/ol>\n<p>&nbsp;<\/p>\n<p>Vous recherchez une solution moins sophistiqu\u00e9e? Dans ce cas, nous vous recommandons un <a href=\"https:\/\/trigon.ch\/fr\/solutions-de-reseau\/wdm\/wdm-passif\/\">syst\u00e8me WDM passif<\/a>. Plus facile \u00e0 configurer, il est aussi moins cher \u00e0 construire et \u00e0 entretenir.<\/p>\n"},{"acf_fc_layout":"image_text","image_on_right":false,"text":"<h3>Notre offre<\/h3>\n<p>Nous vous soutenons activement avec notre expertise. Nous planifions, configurons, testons et accompagnons le d\u00e9ploiement ou nous vous livrons simplement le mat\u00e9riel dont vous avez besoin. Pour que votre r\u00e9seau corresponde parfaitement \u00e0 vos besoins!<\/p>\n","image":{"ID":1937,"id":1937,"title":"Im Gespr\u00e4ch","filename":"Im-Gespr\u00e4ch-scaled.jpg","filesize":376568,"url":"https:\/\/trigon.ch\/wp-content\/uploads\/2019\/11\/Im-Gespr\u00e4ch-scaled.jpg","link":"https:\/\/trigon.ch\/fr\/netzwerkloesungen\/wdm\/aktives-wdm\/im-gespraech\/","alt":"","author":"2","description":"","caption":"","name":"im-gespraech","status":"inherit","uploaded_to":37,"date":"2019-11-15 15:48:46","modified":"2019-11-15 15:51:32","menu_order":0,"mime_type":"image\/jpeg","type":"image","subtype":"jpeg","icon":"https:\/\/trigon.ch\/wp-includes\/images\/media\/default.png","width":2560,"height":1707,"sizes":{"thumbnail":"https:\/\/trigon.ch\/wp-content\/uploads\/2019\/11\/Im-Gespr\u00e4ch-150x150.jpg","thumbnail-width":150,"thumbnail-height":150,"medium":"https:\/\/trigon.ch\/wp-content\/uploads\/2019\/11\/Im-Gespr\u00e4ch-300x200.jpg","medium-width":300,"medium-height":200,"medium_large":"https:\/\/trigon.ch\/wp-content\/uploads\/2019\/11\/Im-Gespr\u00e4ch-768x512.jpg","medium_large-width":768,"medium_large-height":512,"large":"https:\/\/trigon.ch\/wp-content\/uploads\/2019\/11\/Im-Gespr\u00e4ch-2880x1620.jpg","large-width":1024,"large-height":576,"1536x1536":"https:\/\/trigon.ch\/wp-content\/uploads\/2019\/11\/Im-Gespr\u00e4ch-1536x1024.jpg","1536x1536-width":1536,"1536x1536-height":1024,"2048x2048":"https:\/\/trigon.ch\/wp-content\/uploads\/2019\/11\/Im-Gespr\u00e4ch-2048x1365.jpg","2048x2048-width":2048,"2048x2048-height":1365,"large_bad":"https:\/\/trigon.ch\/wp-content\/uploads\/2019\/11\/Im-Gespr\u00e4ch-288x162.jpg","large_bad-width":288,"large_bad-height":162,"team":"https:\/\/trigon.ch\/wp-content\/uploads\/2019\/11\/Im-Gespr\u00e4ch-500x500.jpg","team-width":500,"team-height":500,"team_bad":"https:\/\/trigon.ch\/wp-content\/uploads\/2019\/11\/Im-Gespr\u00e4ch-40x40.jpg","team_bad-width":40,"team_bad-height":40,"news":"https:\/\/trigon.ch\/wp-content\/uploads\/2019\/11\/Im-Gespr\u00e4ch-370x270.jpg","news-width":370,"news-height":270,"news_bad":"https:\/\/trigon.ch\/wp-content\/uploads\/2019\/11\/Im-Gespr\u00e4ch-37x27.jpg","news_bad-width":37,"news_bad-height":27,"client":"https:\/\/trigon.ch\/wp-content\/uploads\/2019\/11\/Im-Gespr\u00e4ch-320x180.jpg","client-width":320,"client-height":180,"client_bad":"https:\/\/trigon.ch\/wp-content\/uploads\/2019\/11\/Im-Gespr\u00e4ch-32x18.jpg","client_bad-width":32,"client_bad-height":18,"teaser":"https:\/\/trigon.ch\/wp-content\/uploads\/2019\/11\/Im-Gespr\u00e4ch-600x480.jpg","teaser-width":600,"teaser-height":480,"teaser_bad":"https:\/\/trigon.ch\/wp-content\/uploads\/2019\/11\/Im-Gespr\u00e4ch-60x48.jpg","teaser_bad-width":60,"teaser_bad-height":48}}},{"acf_fc_layout":"contact","team":{"ID":2799,"post_author":"1","post_date":"2019-09-27 12:14:58","post_date_gmt":"2019-09-27 10:14:17","post_content":"","post_title":"Daniel Grob","post_excerpt":"","post_status":"private","comment_status":"closed","ping_status":"closed","post_password":"","post_name":"daniel-grob-2","to_ping":"","pinged":"","post_modified":"2026-02-11 14:11:25","post_modified_gmt":"2026-02-11 13:11:25","post_content_filtered":"","post_parent":0,"guid":"https:\/\/trigon.ch\/?team=daniel-grob-2","menu_order":6,"post_type":"team","post_mime_type":"","comment_count":"0","filter":"raw"},"text":"Je serai heureux de vous conseiller sur la construction d'un r\u00e9seau sur mesure, avec des composants WDM actifs."}]},"feature_image_vertical_focus":"50"},"yoast_head":"<!-- This site is optimized with the Yoast SEO plugin v27.4 - https:\/\/yoast.com\/product\/yoast-seo-wordpress\/ -->\n<title>WDM actif | Trigon AG<\/title>\n<meta name=\"description\" content=\"Redondants, crypt\u00e9s et flexibles \u2013 les composants WDM actifs offrent de nombreux avantages gr\u00e2ce \u00e0 l&#039;intelligence. Informez-vous d\u00e8s maintenant!\" \/>\n<meta name=\"robots\" content=\"index, follow, max-snippet:-1, max-image-preview:large, max-video-preview:-1\" \/>\n<link rel=\"canonical\" href=\"https:\/\/trigon.ch\/fr\/solutions-de-reseau\/wdm\/wdm-actif\/\" \/>\n<meta property=\"og:locale\" content=\"fr_FR\" \/>\n<meta property=\"og:type\" content=\"article\" \/>\n<meta property=\"og:title\" content=\"WDM actif | Trigon AG\" \/>\n<meta property=\"og:description\" content=\"Redondants, crypt\u00e9s et flexibles \u2013 les composants WDM actifs offrent de nombreux avantages gr\u00e2ce \u00e0 l&#039;intelligence. Informez-vous d\u00e8s maintenant!\" \/>\n<meta property=\"og:url\" content=\"https:\/\/trigon.ch\/fr\/solutions-de-reseau\/wdm\/wdm-actif\/\" \/>\n<meta property=\"og:site_name\" content=\"Trigon AG\" \/>\n<meta property=\"article:modified_time\" content=\"2020-05-22T12:36:53+00:00\" \/>\n<meta property=\"og:image\" content=\"https:\/\/trigon.ch\/wp-content\/uploads\/2019\/11\/Trigon_Aktives-WDM_1920x1080px.jpg\" \/>\n\t<meta property=\"og:image:width\" content=\"1920\" \/>\n\t<meta property=\"og:image:height\" content=\"1080\" \/>\n\t<meta property=\"og:image:type\" content=\"image\/jpeg\" \/>\n<meta name=\"twitter:card\" content=\"summary_large_image\" \/>\n<script type=\"application\/ld+json\" class=\"yoast-schema-graph\">{\"@context\":\"https:\\\/\\\/schema.org\",\"@graph\":[{\"@type\":\"WebPage\",\"@id\":\"https:\\\/\\\/trigon.ch\\\/fr\\\/solutions-de-reseau\\\/wdm\\\/wdm-actif\\\/\",\"url\":\"https:\\\/\\\/trigon.ch\\\/fr\\\/solutions-de-reseau\\\/wdm\\\/wdm-actif\\\/\",\"name\":\"WDM actif | Trigon AG\",\"isPartOf\":{\"@id\":\"https:\\\/\\\/trigon.ch\\\/#website\"},\"primaryImageOfPage\":{\"@id\":\"https:\\\/\\\/trigon.ch\\\/fr\\\/solutions-de-reseau\\\/wdm\\\/wdm-actif\\\/#primaryimage\"},\"image\":{\"@id\":\"https:\\\/\\\/trigon.ch\\\/fr\\\/solutions-de-reseau\\\/wdm\\\/wdm-actif\\\/#primaryimage\"},\"thumbnailUrl\":\"https:\\\/\\\/trigon.ch\\\/wp-content\\\/uploads\\\/2019\\\/11\\\/Trigon_Aktives-WDM_1920x1080px.jpg\",\"datePublished\":\"2019-09-27T08:35:43+00:00\",\"dateModified\":\"2020-05-22T12:36:53+00:00\",\"description\":\"Redondants, crypt\u00e9s et flexibles \u2013 les composants WDM actifs offrent de nombreux avantages gr\u00e2ce \u00e0 l'intelligence. Informez-vous d\u00e8s maintenant!\",\"breadcrumb\":{\"@id\":\"https:\\\/\\\/trigon.ch\\\/fr\\\/solutions-de-reseau\\\/wdm\\\/wdm-actif\\\/#breadcrumb\"},\"inLanguage\":\"fr-FR\",\"potentialAction\":[{\"@type\":\"ReadAction\",\"target\":[\"https:\\\/\\\/trigon.ch\\\/fr\\\/solutions-de-reseau\\\/wdm\\\/wdm-actif\\\/\"]}]},{\"@type\":\"ImageObject\",\"inLanguage\":\"fr-FR\",\"@id\":\"https:\\\/\\\/trigon.ch\\\/fr\\\/solutions-de-reseau\\\/wdm\\\/wdm-actif\\\/#primaryimage\",\"url\":\"https:\\\/\\\/trigon.ch\\\/wp-content\\\/uploads\\\/2019\\\/11\\\/Trigon_Aktives-WDM_1920x1080px.jpg\",\"contentUrl\":\"https:\\\/\\\/trigon.ch\\\/wp-content\\\/uploads\\\/2019\\\/11\\\/Trigon_Aktives-WDM_1920x1080px.jpg\",\"width\":1920,\"height\":1080},{\"@type\":\"BreadcrumbList\",\"@id\":\"https:\\\/\\\/trigon.ch\\\/fr\\\/solutions-de-reseau\\\/wdm\\\/wdm-actif\\\/#breadcrumb\",\"itemListElement\":[{\"@type\":\"ListItem\",\"position\":1,\"name\":\"Home\",\"item\":\"https:\\\/\\\/trigon.ch\\\/fr\\\/\"},{\"@type\":\"ListItem\",\"position\":2,\"name\":\"Solutions de r\u00e9seau\",\"item\":\"https:\\\/\\\/trigon.ch\\\/fr\\\/solutions-de-reseau\\\/\"},{\"@type\":\"ListItem\",\"position\":3,\"name\":\"WDM\",\"item\":\"https:\\\/\\\/trigon.ch\\\/fr\\\/solutions-de-reseau\\\/wdm\\\/\"},{\"@type\":\"ListItem\",\"position\":4,\"name\":\"WDM actif\"}]},{\"@type\":\"WebSite\",\"@id\":\"https:\\\/\\\/trigon.ch\\\/#website\",\"url\":\"https:\\\/\\\/trigon.ch\\\/\",\"name\":\"Trigon AG\",\"description\":\"\",\"potentialAction\":[{\"@type\":\"SearchAction\",\"target\":{\"@type\":\"EntryPoint\",\"urlTemplate\":\"https:\\\/\\\/trigon.ch\\\/?s={search_term_string}\"},\"query-input\":{\"@type\":\"PropertyValueSpecification\",\"valueRequired\":true,\"valueName\":\"search_term_string\"}}],\"inLanguage\":\"fr-FR\"}]}<\/script>\n<!-- \/ Yoast SEO plugin. -->","yoast_head_json":{"title":"WDM actif | Trigon AG","description":"Redondants, crypt\u00e9s et flexibles \u2013 les composants WDM actifs offrent de nombreux avantages gr\u00e2ce \u00e0 l'intelligence. Informez-vous d\u00e8s maintenant!","robots":{"index":"index","follow":"follow","max-snippet":"max-snippet:-1","max-image-preview":"max-image-preview:large","max-video-preview":"max-video-preview:-1"},"canonical":"https:\/\/trigon.ch\/fr\/solutions-de-reseau\/wdm\/wdm-actif\/","og_locale":"fr_FR","og_type":"article","og_title":"WDM actif | Trigon AG","og_description":"Redondants, crypt\u00e9s et flexibles \u2013 les composants WDM actifs offrent de nombreux avantages gr\u00e2ce \u00e0 l'intelligence. Informez-vous d\u00e8s maintenant!","og_url":"https:\/\/trigon.ch\/fr\/solutions-de-reseau\/wdm\/wdm-actif\/","og_site_name":"Trigon AG","article_modified_time":"2020-05-22T12:36:53+00:00","og_image":[{"width":1920,"height":1080,"url":"https:\/\/trigon.ch\/wp-content\/uploads\/2019\/11\/Trigon_Aktives-WDM_1920x1080px.jpg","type":"image\/jpeg"}],"twitter_card":"summary_large_image","schema":{"@context":"https:\/\/schema.org","@graph":[{"@type":"WebPage","@id":"https:\/\/trigon.ch\/fr\/solutions-de-reseau\/wdm\/wdm-actif\/","url":"https:\/\/trigon.ch\/fr\/solutions-de-reseau\/wdm\/wdm-actif\/","name":"WDM actif | Trigon AG","isPartOf":{"@id":"https:\/\/trigon.ch\/#website"},"primaryImageOfPage":{"@id":"https:\/\/trigon.ch\/fr\/solutions-de-reseau\/wdm\/wdm-actif\/#primaryimage"},"image":{"@id":"https:\/\/trigon.ch\/fr\/solutions-de-reseau\/wdm\/wdm-actif\/#primaryimage"},"thumbnailUrl":"https:\/\/trigon.ch\/wp-content\/uploads\/2019\/11\/Trigon_Aktives-WDM_1920x1080px.jpg","datePublished":"2019-09-27T08:35:43+00:00","dateModified":"2020-05-22T12:36:53+00:00","description":"Redondants, crypt\u00e9s et flexibles \u2013 les composants WDM actifs offrent de nombreux avantages gr\u00e2ce \u00e0 l'intelligence. Informez-vous d\u00e8s maintenant!","breadcrumb":{"@id":"https:\/\/trigon.ch\/fr\/solutions-de-reseau\/wdm\/wdm-actif\/#breadcrumb"},"inLanguage":"fr-FR","potentialAction":[{"@type":"ReadAction","target":["https:\/\/trigon.ch\/fr\/solutions-de-reseau\/wdm\/wdm-actif\/"]}]},{"@type":"ImageObject","inLanguage":"fr-FR","@id":"https:\/\/trigon.ch\/fr\/solutions-de-reseau\/wdm\/wdm-actif\/#primaryimage","url":"https:\/\/trigon.ch\/wp-content\/uploads\/2019\/11\/Trigon_Aktives-WDM_1920x1080px.jpg","contentUrl":"https:\/\/trigon.ch\/wp-content\/uploads\/2019\/11\/Trigon_Aktives-WDM_1920x1080px.jpg","width":1920,"height":1080},{"@type":"BreadcrumbList","@id":"https:\/\/trigon.ch\/fr\/solutions-de-reseau\/wdm\/wdm-actif\/#breadcrumb","itemListElement":[{"@type":"ListItem","position":1,"name":"Home","item":"https:\/\/trigon.ch\/fr\/"},{"@type":"ListItem","position":2,"name":"Solutions de r\u00e9seau","item":"https:\/\/trigon.ch\/fr\/solutions-de-reseau\/"},{"@type":"ListItem","position":3,"name":"WDM","item":"https:\/\/trigon.ch\/fr\/solutions-de-reseau\/wdm\/"},{"@type":"ListItem","position":4,"name":"WDM actif"}]},{"@type":"WebSite","@id":"https:\/\/trigon.ch\/#website","url":"https:\/\/trigon.ch\/","name":"Trigon AG","description":"","potentialAction":[{"@type":"SearchAction","target":{"@type":"EntryPoint","urlTemplate":"https:\/\/trigon.ch\/?s={search_term_string}"},"query-input":{"@type":"PropertyValueSpecification","valueRequired":true,"valueName":"search_term_string"}}],"inLanguage":"fr-FR"}]}},"_links":{"self":[{"href":"https:\/\/trigon.ch\/fr\/wp-json\/wp\/v2\/pages\/2602","targetHints":{"allow":["GET"]}}],"collection":[{"href":"https:\/\/trigon.ch\/fr\/wp-json\/wp\/v2\/pages"}],"about":[{"href":"https:\/\/trigon.ch\/fr\/wp-json\/wp\/v2\/types\/page"}],"author":[{"embeddable":true,"href":"https:\/\/trigon.ch\/fr\/wp-json\/wp\/v2\/users\/1"}],"replies":[{"embeddable":true,"href":"https:\/\/trigon.ch\/fr\/wp-json\/wp\/v2\/comments?post=2602"}],"version-history":[{"count":0,"href":"https:\/\/trigon.ch\/fr\/wp-json\/wp\/v2\/pages\/2602\/revisions"}],"up":[{"embeddable":true,"href":"https:\/\/trigon.ch\/fr\/wp-json\/wp\/v2\/pages\/2665"}],"wp:featuredmedia":[{"embeddable":true,"href":"https:\/\/trigon.ch\/fr\/wp-json\/wp\/v2\/media\/1205"}],"wp:attachment":[{"href":"https:\/\/trigon.ch\/fr\/wp-json\/wp\/v2\/media?parent=2602"}],"curies":[{"name":"wp","href":"https:\/\/api.w.org\/{rel}","templated":true}]}}