{"id":2607,"date":"2019-09-27T10:30:21","date_gmt":"2019-09-27T08:30:24","guid":{"rendered":"https:\/\/trigon.ch\/netzwerkloesungen\/"},"modified":"2020-05-22T14:36:25","modified_gmt":"2020-05-22T12:36:25","slug":"solutions-de-reseau","status":"publish","type":"page","link":"https:\/\/trigon.ch\/fr\/solutions-de-reseau\/","title":{"rendered":"Solutions de r\u00e9seau"},"content":{"rendered":"","protected":false},"excerpt":{"rendered":"","protected":false},"author":1,"featured_media":1278,"parent":0,"menu_order":1,"comment_status":"closed","ping_status":"closed","template":"","meta":{"_acf_changed":false,"inline_featured_image":false,"footnotes":""},"class_list":["post-2607","page","type-page","status-publish","has-post-thumbnail","hentry"],"acf":{"inhalts_module":[{"acf_fc_layout":"heading","seo_title":{"titel":"Nos solutions de r\u00e9seau","tag":"h1"},"headline":"En tant que fournisseur de r\u00e9seaux p\u00e9rennes pour les clients professionnels, nous \u00e9valuons le meilleur mat\u00e9riel et les meilleurs logiciels au monde et nous vous les procurons. Nous ne sommes donc pas seulement revendeurs, mais aussi partenaires de solution privil\u00e9gi\u00e9s. Nous concevons la topologie, testons et configurons le mat\u00e9riel et assurons \u00e9galement l'installation dans vos locaux."},{"acf_fc_layout":"text","text":"<h2>Ce que nos clients sont en droit d&#8217;attendre de nous<\/h2>\n<p>En tant que client, vous trouverez chez nous une solution de <strong>r\u00e9seau flexible et \u00e9volutive<\/strong>, parfaitement adapt\u00e9e \u00e0 vos besoins et \u00e0 vos d\u00e9fis. Non seulement \u00e0 vos besoins d&#8217;aujourd&#8217;hui, mais aussi \u00e0 ceux de demain. \u00c0 cette fin, nous vous guidons en toute s\u00e9curit\u00e9 dans l&#8217;univers complexe des possibilit\u00e9s de transmission, des protocoles et des produits ainsi que des nouvelles technologies et tendances.<\/p>\n"},{"acf_fc_layout":"highlights","seo_title":{"titel":"Quelles sont les caract\u00e9ristiques d'un bon r\u00e9seau?","tag":"h2"},"highlights":[{"title":"Performance","text":"La capacit\u00e9 et le rythme de la transmission doivent correspondre au cas d'utilisation."},{"title":"Fiabilit\u00e9","text":"Stable, sans coupure. Aujourd'hui, les temps d'arr\u00eat ne sont plus accept\u00e9s."},{"title":"Cryptage","text":"La s\u00e9curit\u00e9 des donn\u00e9es transmises doit \u00eatre garantie."},{"title":"Intuitivit\u00e9","text":"Personne n'aime la complication. La facilit\u00e9 d'utilisation est un v\u00e9ritable atout!"}]},{"acf_fc_layout":"teasers_four","type":"network-solutions","seo_title":{"titel":"Quelle solution de r\u00e9seau souhaitez-vous?","tag":"h2"},"teasers":[{"teaser":{"seo_title":{"titel":"High speed","tag":"h3"},"text":"Le WDM optimise la capacit\u00e9 de la fibre optique, par exemple entre deux centres de donn\u00e9es. Parfait pour les longues distances, crypt\u00e9 et redondant si n\u00e9cessaire.","link":{"title":"Vers le WDM","url":"https:\/\/trigon.ch\/fr\/solutions-de-reseau\/wdm\/","target":""}}},{"teaser":{"seo_title":{"titel":"Haut d\u00e9bit","tag":"h3"},"text":"Le FTTH ravit les clients avec le haut d\u00e9bit. La fibre optique arrive directement jusqu'aux foyers, offrant ainsi un Internet rapide et performant. Nous fournissons le c\u0153ur de r\u00e9seau, le r\u00e9seau d'acc\u00e8s et le CPE.","link":{"title":"Vers le FTTH","url":"https:\/\/trigon.ch\/fr\/solutions-de-reseau\/ftth\/","target":""}}},{"teaser":{"seo_title":{"titel":"Sans fil","tag":"h3"},"text":"Les objets en mouvement, les terrains peu praticables ou l'IoT exigent des alternatives au cuivre ou \u00e0 la fibre de verre. Ce que nous proposons: LoRa, r\u00e9seau maill\u00e9 et communications mobiles.","link":{"title":"Vers l'IoT","url":"https:\/\/trigon.ch\/fr\/solutions-de-reseau\/iot-gateways-devices\/","target":""}}},{"teaser":{"seo_title":{"titel":"Constance","tag":"h3"},"text":"Le MPLS est une technologie fond\u00e9e sur les paquets qui r\u00e9pond parfaitement aux besoins sp\u00e9cifiques des infrastructures critiques.","link":{"title":"Vers le MPLS","url":"https:\/\/trigon.ch\/fr\/solutions-de-reseau\/mpls\/","target":""}}}]},{"acf_fc_layout":"contact","team":{"ID":2786,"post_author":"1","post_date":"2019-09-27 12:12:58","post_date_gmt":"2019-09-27 10:12:45","post_content":"","post_title":"Rinaldo Zanella","post_excerpt":"","post_status":"private","comment_status":"closed","ping_status":"closed","post_password":"","post_name":"rinaldo-zanella-3","to_ping":"","pinged":"","post_modified":"2026-02-11 14:11:07","post_modified_gmt":"2026-02-11 13:11:07","post_content_filtered":"","post_parent":0,"guid":"https:\/\/trigon.ch\/?team=rinaldo-zanella-3","menu_order":3,"post_type":"team","post_mime_type":"","comment_count":"0","filter":"raw"},"text":"Quelle solution de r\u00e9seau puis-je vous pr\u00e9senter?"},{"acf_fc_layout":"clients","seo_title":{"titel":"Ces clients font confiance \u00e0 notre expertise r\u00e9seau","tag":"h2"},"show_all":false,"taxonomy":{"term_id":54,"name":"Provisionnement","slug":"provisionnement","term_group":0,"term_taxonomy_id":54,"taxonomy":"tag-client","description":"","parent":52,"count":5,"filter":"raw"}},{"acf_fc_layout":"partners","seo_title":{"titel":"Des fabricants de renom pour les solutions de r\u00e9seau","tag":"h2"},"show_all_partners":false,"taxonomy":{"term_id":44,"name":"FTTH","slug":"ftth","term_group":0,"term_taxonomy_id":44,"taxonomy":"tag-partner","description":"","parent":41,"count":3,"filter":"raw"}},{"acf_fc_layout":"teasers_news","seo_title":{"titel":"Blog de Trigon","tag":"h2"},"show_all":false,"link":{"title":"Plus d'articles","url":"https:\/\/trigon.ch\/fr\/a-propos-de-trigon\/blog\/","target":""}}],"inhaltsmodule_clone":{"inhalts_module":[{"acf_fc_layout":"heading","seo_title":{"titel":"Nos solutions de r\u00e9seau","tag":"h1"},"headline":"En tant que fournisseur de r\u00e9seaux p\u00e9rennes pour les clients professionnels, nous \u00e9valuons le meilleur mat\u00e9riel et les meilleurs logiciels au monde et nous vous les procurons. Nous ne sommes donc pas seulement revendeurs, mais aussi partenaires de solution privil\u00e9gi\u00e9s. Nous concevons la topologie, testons et configurons le mat\u00e9riel et assurons \u00e9galement l'installation dans vos locaux."},{"acf_fc_layout":"text","text":"<h2>Ce que nos clients sont en droit d&#8217;attendre de nous<\/h2>\n<p>En tant que client, vous trouverez chez nous une solution de <strong>r\u00e9seau flexible et \u00e9volutive<\/strong>, parfaitement adapt\u00e9e \u00e0 vos besoins et \u00e0 vos d\u00e9fis. Non seulement \u00e0 vos besoins d&#8217;aujourd&#8217;hui, mais aussi \u00e0 ceux de demain. \u00c0 cette fin, nous vous guidons en toute s\u00e9curit\u00e9 dans l&#8217;univers complexe des possibilit\u00e9s de transmission, des protocoles et des produits ainsi que des nouvelles technologies et tendances.<\/p>\n"},{"acf_fc_layout":"highlights","seo_title":{"titel":"Quelles sont les caract\u00e9ristiques d'un bon r\u00e9seau?","tag":"h2"},"highlights":[{"title":"Performance","text":"La capacit\u00e9 et le rythme de la transmission doivent correspondre au cas d'utilisation."},{"title":"Fiabilit\u00e9","text":"Stable, sans coupure. Aujourd'hui, les temps d'arr\u00eat ne sont plus accept\u00e9s."},{"title":"Cryptage","text":"La s\u00e9curit\u00e9 des donn\u00e9es transmises doit \u00eatre garantie."},{"title":"Intuitivit\u00e9","text":"Personne n'aime la complication. La facilit\u00e9 d'utilisation est un v\u00e9ritable atout!"}]},{"acf_fc_layout":"teasers_four","type":"network-solutions","seo_title":{"titel":"Quelle solution de r\u00e9seau souhaitez-vous?","tag":"h2"},"teasers":[{"teaser":{"seo_title":{"titel":"High speed","tag":"h3"},"text":"Le WDM optimise la capacit\u00e9 de la fibre optique, par exemple entre deux centres de donn\u00e9es. Parfait pour les longues distances, crypt\u00e9 et redondant si n\u00e9cessaire.","link":{"title":"Vers le WDM","url":"https:\/\/trigon.ch\/fr\/solutions-de-reseau\/wdm\/","target":""}}},{"teaser":{"seo_title":{"titel":"Haut d\u00e9bit","tag":"h3"},"text":"Le FTTH ravit les clients avec le haut d\u00e9bit. La fibre optique arrive directement jusqu'aux foyers, offrant ainsi un Internet rapide et performant. Nous fournissons le c\u0153ur de r\u00e9seau, le r\u00e9seau d'acc\u00e8s et le CPE.","link":{"title":"Vers le FTTH","url":"https:\/\/trigon.ch\/fr\/solutions-de-reseau\/ftth\/","target":""}}},{"teaser":{"seo_title":{"titel":"Sans fil","tag":"h3"},"text":"Les objets en mouvement, les terrains peu praticables ou l'IoT exigent des alternatives au cuivre ou \u00e0 la fibre de verre. Ce que nous proposons: LoRa, r\u00e9seau maill\u00e9 et communications mobiles.","link":{"title":"Vers l'IoT","url":"https:\/\/trigon.ch\/fr\/solutions-de-reseau\/iot-gateways-devices\/","target":""}}},{"teaser":{"seo_title":{"titel":"Constance","tag":"h3"},"text":"Le MPLS est une technologie fond\u00e9e sur les paquets qui r\u00e9pond parfaitement aux besoins sp\u00e9cifiques des infrastructures critiques.","link":{"title":"Vers le MPLS","url":"https:\/\/trigon.ch\/fr\/solutions-de-reseau\/mpls\/","target":""}}}]},{"acf_fc_layout":"contact","team":{"ID":2786,"post_author":"1","post_date":"2019-09-27 12:12:58","post_date_gmt":"2019-09-27 10:12:45","post_content":"","post_title":"Rinaldo Zanella","post_excerpt":"","post_status":"private","comment_status":"closed","ping_status":"closed","post_password":"","post_name":"rinaldo-zanella-3","to_ping":"","pinged":"","post_modified":"2026-02-11 14:11:07","post_modified_gmt":"2026-02-11 13:11:07","post_content_filtered":"","post_parent":0,"guid":"https:\/\/trigon.ch\/?team=rinaldo-zanella-3","menu_order":3,"post_type":"team","post_mime_type":"","comment_count":"0","filter":"raw"},"text":"Quelle solution de r\u00e9seau puis-je vous pr\u00e9senter?"},{"acf_fc_layout":"clients","seo_title":{"titel":"Ces clients font confiance \u00e0 notre expertise r\u00e9seau","tag":"h2"},"show_all":false,"taxonomy":{"term_id":54,"name":"Provisionnement","slug":"provisionnement","term_group":0,"term_taxonomy_id":54,"taxonomy":"tag-client","description":"","parent":52,"count":5,"filter":"raw"}},{"acf_fc_layout":"partners","seo_title":{"titel":"Des fabricants de renom pour les solutions de r\u00e9seau","tag":"h2"},"show_all_partners":false,"taxonomy":{"term_id":44,"name":"FTTH","slug":"ftth","term_group":0,"term_taxonomy_id":44,"taxonomy":"tag-partner","description":"","parent":41,"count":3,"filter":"raw"}},{"acf_fc_layout":"teasers_news","seo_title":{"titel":"Blog de Trigon","tag":"h2"},"show_all":false,"link":{"title":"Plus d'articles","url":"https:\/\/trigon.ch\/fr\/a-propos-de-trigon\/blog\/","target":""}}]},"feature_image_vertical_focus":"50"},"yoast_head":"<!-- This site is optimized with the Yoast SEO plugin v27.4 - https:\/\/yoast.com\/product\/yoast-seo-wordpress\/ -->\n<title>Solutions et technologie de r\u00e9eseau pour la communication de donn\u00e9es | Trigon AG<\/title>\n<meta name=\"description\" content=\"Vous avez des besoins exigeants concernant votre technologie de transmission. Nous vous offrons des solutions de r\u00e9seau innovantes. Mat\u00e9riel et logiciels. Testez notre offre!\" \/>\n<meta name=\"robots\" content=\"index, follow, max-snippet:-1, max-image-preview:large, max-video-preview:-1\" \/>\n<link rel=\"canonical\" href=\"https:\/\/trigon.ch\/fr\/solutions-de-reseau\/\" \/>\n<meta property=\"og:locale\" content=\"fr_FR\" \/>\n<meta property=\"og:type\" content=\"article\" \/>\n<meta property=\"og:title\" content=\"Solutions et technologie de r\u00e9eseau pour la communication de donn\u00e9es | Trigon AG\" \/>\n<meta property=\"og:description\" content=\"Vous avez des besoins exigeants concernant votre technologie de transmission. Nous vous offrons des solutions de r\u00e9seau innovantes. Mat\u00e9riel et logiciels. Testez notre offre!\" \/>\n<meta property=\"og:url\" content=\"https:\/\/trigon.ch\/fr\/solutions-de-reseau\/\" \/>\n<meta property=\"og:site_name\" content=\"Trigon AG\" \/>\n<meta property=\"article:modified_time\" content=\"2020-05-22T12:36:25+00:00\" \/>\n<meta property=\"og:image\" content=\"https:\/\/trigon.ch\/wp-content\/uploads\/2019\/11\/Trigon_Netzwerkl\u00f6sungen_1920x1080px.jpg\" \/>\n\t<meta property=\"og:image:width\" content=\"1920\" \/>\n\t<meta property=\"og:image:height\" content=\"1080\" \/>\n\t<meta property=\"og:image:type\" content=\"image\/jpeg\" \/>\n<meta name=\"twitter:card\" content=\"summary_large_image\" \/>\n<script type=\"application\/ld+json\" class=\"yoast-schema-graph\">{\"@context\":\"https:\\\/\\\/schema.org\",\"@graph\":[{\"@type\":\"WebPage\",\"@id\":\"https:\\\/\\\/trigon.ch\\\/fr\\\/solutions-de-reseau\\\/\",\"url\":\"https:\\\/\\\/trigon.ch\\\/fr\\\/solutions-de-reseau\\\/\",\"name\":\"Solutions et technologie de r\u00e9eseau pour la communication de donn\u00e9es | Trigon AG\",\"isPartOf\":{\"@id\":\"https:\\\/\\\/trigon.ch\\\/#website\"},\"primaryImageOfPage\":{\"@id\":\"https:\\\/\\\/trigon.ch\\\/fr\\\/solutions-de-reseau\\\/#primaryimage\"},\"image\":{\"@id\":\"https:\\\/\\\/trigon.ch\\\/fr\\\/solutions-de-reseau\\\/#primaryimage\"},\"thumbnailUrl\":\"https:\\\/\\\/trigon.ch\\\/wp-content\\\/uploads\\\/2019\\\/11\\\/Trigon_Netzwerkl\u00f6sungen_1920x1080px.jpg\",\"datePublished\":\"2019-09-27T08:30:24+00:00\",\"dateModified\":\"2020-05-22T12:36:25+00:00\",\"description\":\"Vous avez des besoins exigeants concernant votre technologie de transmission. Nous vous offrons des solutions de r\u00e9seau innovantes. Mat\u00e9riel et logiciels. Testez notre offre!\",\"breadcrumb\":{\"@id\":\"https:\\\/\\\/trigon.ch\\\/fr\\\/solutions-de-reseau\\\/#breadcrumb\"},\"inLanguage\":\"fr-FR\",\"potentialAction\":[{\"@type\":\"ReadAction\",\"target\":[\"https:\\\/\\\/trigon.ch\\\/fr\\\/solutions-de-reseau\\\/\"]}]},{\"@type\":\"ImageObject\",\"inLanguage\":\"fr-FR\",\"@id\":\"https:\\\/\\\/trigon.ch\\\/fr\\\/solutions-de-reseau\\\/#primaryimage\",\"url\":\"https:\\\/\\\/trigon.ch\\\/wp-content\\\/uploads\\\/2019\\\/11\\\/Trigon_Netzwerkl\u00f6sungen_1920x1080px.jpg\",\"contentUrl\":\"https:\\\/\\\/trigon.ch\\\/wp-content\\\/uploads\\\/2019\\\/11\\\/Trigon_Netzwerkl\u00f6sungen_1920x1080px.jpg\",\"width\":1920,\"height\":1080},{\"@type\":\"BreadcrumbList\",\"@id\":\"https:\\\/\\\/trigon.ch\\\/fr\\\/solutions-de-reseau\\\/#breadcrumb\",\"itemListElement\":[{\"@type\":\"ListItem\",\"position\":1,\"name\":\"Home\",\"item\":\"https:\\\/\\\/trigon.ch\\\/fr\\\/\"},{\"@type\":\"ListItem\",\"position\":2,\"name\":\"Solutions de r\u00e9seau\"}]},{\"@type\":\"WebSite\",\"@id\":\"https:\\\/\\\/trigon.ch\\\/#website\",\"url\":\"https:\\\/\\\/trigon.ch\\\/\",\"name\":\"Trigon AG\",\"description\":\"\",\"potentialAction\":[{\"@type\":\"SearchAction\",\"target\":{\"@type\":\"EntryPoint\",\"urlTemplate\":\"https:\\\/\\\/trigon.ch\\\/?s={search_term_string}\"},\"query-input\":{\"@type\":\"PropertyValueSpecification\",\"valueRequired\":true,\"valueName\":\"search_term_string\"}}],\"inLanguage\":\"fr-FR\"}]}<\/script>\n<!-- \/ Yoast SEO plugin. -->","yoast_head_json":{"title":"Solutions et technologie de r\u00e9eseau pour la communication de donn\u00e9es | Trigon AG","description":"Vous avez des besoins exigeants concernant votre technologie de transmission. Nous vous offrons des solutions de r\u00e9seau innovantes. Mat\u00e9riel et logiciels. Testez notre offre!","robots":{"index":"index","follow":"follow","max-snippet":"max-snippet:-1","max-image-preview":"max-image-preview:large","max-video-preview":"max-video-preview:-1"},"canonical":"https:\/\/trigon.ch\/fr\/solutions-de-reseau\/","og_locale":"fr_FR","og_type":"article","og_title":"Solutions et technologie de r\u00e9eseau pour la communication de donn\u00e9es | Trigon AG","og_description":"Vous avez des besoins exigeants concernant votre technologie de transmission. Nous vous offrons des solutions de r\u00e9seau innovantes. Mat\u00e9riel et logiciels. Testez notre offre!","og_url":"https:\/\/trigon.ch\/fr\/solutions-de-reseau\/","og_site_name":"Trigon AG","article_modified_time":"2020-05-22T12:36:25+00:00","og_image":[{"width":1920,"height":1080,"url":"https:\/\/trigon.ch\/wp-content\/uploads\/2019\/11\/Trigon_Netzwerkl\u00f6sungen_1920x1080px.jpg","type":"image\/jpeg"}],"twitter_card":"summary_large_image","schema":{"@context":"https:\/\/schema.org","@graph":[{"@type":"WebPage","@id":"https:\/\/trigon.ch\/fr\/solutions-de-reseau\/","url":"https:\/\/trigon.ch\/fr\/solutions-de-reseau\/","name":"Solutions et technologie de r\u00e9eseau pour la communication de donn\u00e9es | Trigon AG","isPartOf":{"@id":"https:\/\/trigon.ch\/#website"},"primaryImageOfPage":{"@id":"https:\/\/trigon.ch\/fr\/solutions-de-reseau\/#primaryimage"},"image":{"@id":"https:\/\/trigon.ch\/fr\/solutions-de-reseau\/#primaryimage"},"thumbnailUrl":"https:\/\/trigon.ch\/wp-content\/uploads\/2019\/11\/Trigon_Netzwerkl\u00f6sungen_1920x1080px.jpg","datePublished":"2019-09-27T08:30:24+00:00","dateModified":"2020-05-22T12:36:25+00:00","description":"Vous avez des besoins exigeants concernant votre technologie de transmission. Nous vous offrons des solutions de r\u00e9seau innovantes. Mat\u00e9riel et logiciels. Testez notre offre!","breadcrumb":{"@id":"https:\/\/trigon.ch\/fr\/solutions-de-reseau\/#breadcrumb"},"inLanguage":"fr-FR","potentialAction":[{"@type":"ReadAction","target":["https:\/\/trigon.ch\/fr\/solutions-de-reseau\/"]}]},{"@type":"ImageObject","inLanguage":"fr-FR","@id":"https:\/\/trigon.ch\/fr\/solutions-de-reseau\/#primaryimage","url":"https:\/\/trigon.ch\/wp-content\/uploads\/2019\/11\/Trigon_Netzwerkl\u00f6sungen_1920x1080px.jpg","contentUrl":"https:\/\/trigon.ch\/wp-content\/uploads\/2019\/11\/Trigon_Netzwerkl\u00f6sungen_1920x1080px.jpg","width":1920,"height":1080},{"@type":"BreadcrumbList","@id":"https:\/\/trigon.ch\/fr\/solutions-de-reseau\/#breadcrumb","itemListElement":[{"@type":"ListItem","position":1,"name":"Home","item":"https:\/\/trigon.ch\/fr\/"},{"@type":"ListItem","position":2,"name":"Solutions de r\u00e9seau"}]},{"@type":"WebSite","@id":"https:\/\/trigon.ch\/#website","url":"https:\/\/trigon.ch\/","name":"Trigon AG","description":"","potentialAction":[{"@type":"SearchAction","target":{"@type":"EntryPoint","urlTemplate":"https:\/\/trigon.ch\/?s={search_term_string}"},"query-input":{"@type":"PropertyValueSpecification","valueRequired":true,"valueName":"search_term_string"}}],"inLanguage":"fr-FR"}]}},"_links":{"self":[{"href":"https:\/\/trigon.ch\/fr\/wp-json\/wp\/v2\/pages\/2607","targetHints":{"allow":["GET"]}}],"collection":[{"href":"https:\/\/trigon.ch\/fr\/wp-json\/wp\/v2\/pages"}],"about":[{"href":"https:\/\/trigon.ch\/fr\/wp-json\/wp\/v2\/types\/page"}],"author":[{"embeddable":true,"href":"https:\/\/trigon.ch\/fr\/wp-json\/wp\/v2\/users\/1"}],"replies":[{"embeddable":true,"href":"https:\/\/trigon.ch\/fr\/wp-json\/wp\/v2\/comments?post=2607"}],"version-history":[{"count":0,"href":"https:\/\/trigon.ch\/fr\/wp-json\/wp\/v2\/pages\/2607\/revisions"}],"wp:featuredmedia":[{"embeddable":true,"href":"https:\/\/trigon.ch\/fr\/wp-json\/wp\/v2\/media\/1278"}],"wp:attachment":[{"href":"https:\/\/trigon.ch\/fr\/wp-json\/wp\/v2\/media?parent=2607"}],"curies":[{"name":"wp","href":"https:\/\/api.w.org\/{rel}","templated":true}]}}