{"id":2637,"date":"2019-09-27T10:32:21","date_gmt":"2019-09-27T08:32:37","guid":{"rendered":"https:\/\/trigon.ch\/kunden\/"},"modified":"2020-05-22T14:41:55","modified_gmt":"2020-05-22T12:41:55","slug":"clients","status":"publish","type":"page","link":"https:\/\/trigon.ch\/fr\/clients\/","title":{"rendered":"Clients"},"content":{"rendered":"","protected":false},"excerpt":{"rendered":"","protected":false},"author":1,"featured_media":0,"parent":0,"menu_order":2,"comment_status":"closed","ping_status":"closed","template":"","meta":{"_acf_changed":false,"inline_featured_image":false,"footnotes":""},"class_list":["post-2637","page","type-page","status-publish","hentry"],"acf":{"inhalts_module":[{"acf_fc_layout":"text","text":"<h1 class=\"p1\" style=\"text-align: center;\">Clients<\/h1>\n<h5 class=\"p1\" style=\"text-align: center;\">Parmi nos clients, nous comptons des PME et des grandes entreprises de tous les secteurs, comme des transporteurs, des fournisseurs de services Internet, des fournisseurs d&#8217;\u00e9nergie, des autorit\u00e9s publiques et des fournisseurs de r\u00e9seaux r\u00e9sidentiels, ainsi que des op\u00e9rateurs d&#8217;infrastructures critiques. Derri\u00e8re chacun de ces clients se cache une histoire unique, ainsi qu&#8217;une r\u00e9ussite dans les domaines de la technologie de r\u00e9seau et de transmission \u00e0 laquelle Trigon a contribu\u00e9.<\/h5>\n"},{"acf_fc_layout":"clients","seo_title":{"titel":"","tag":"div"},"show_all":true,"taxonomy":false}],"inhaltsmodule_clone":{"inhalts_module":[{"acf_fc_layout":"text","text":"<h1 class=\"p1\" style=\"text-align: center;\">Clients<\/h1>\n<h5 class=\"p1\" style=\"text-align: center;\">Parmi nos clients, nous comptons des PME et des grandes entreprises de tous les secteurs, comme des transporteurs, des fournisseurs de services Internet, des fournisseurs d&#8217;\u00e9nergie, des autorit\u00e9s publiques et des fournisseurs de r\u00e9seaux r\u00e9sidentiels, ainsi que des op\u00e9rateurs d&#8217;infrastructures critiques. Derri\u00e8re chacun de ces clients se cache une histoire unique, ainsi qu&#8217;une r\u00e9ussite dans les domaines de la technologie de r\u00e9seau et de transmission \u00e0 laquelle Trigon a contribu\u00e9.<\/h5>\n"},{"acf_fc_layout":"clients","seo_title":{"titel":"","tag":"div"},"show_all":true,"taxonomy":false}]},"feature_image_vertical_focus":"50"},"yoast_head":"<!-- This site is optimized with the Yoast SEO plugin v27.3 - https:\/\/yoast.com\/product\/yoast-seo-wordpress\/ -->\n<title>Clients et rapports de projet | Trigon AG<\/title>\n<meta name=\"description\" content=\"Nous cr\u00e9ons des r\u00e9seaux pour des clients satisfaits, issus de tous les secteurs. Lisez nos rapports de projet!\" \/>\n<meta name=\"robots\" content=\"index, follow, max-snippet:-1, max-image-preview:large, max-video-preview:-1\" \/>\n<link rel=\"canonical\" href=\"https:\/\/trigon.ch\/fr\/clients\/\" \/>\n<meta property=\"og:locale\" content=\"fr_FR\" \/>\n<meta property=\"og:type\" content=\"article\" \/>\n<meta property=\"og:title\" content=\"Clients et rapports de projet | Trigon AG\" \/>\n<meta property=\"og:description\" content=\"Nous cr\u00e9ons des r\u00e9seaux pour des clients satisfaits, issus de tous les secteurs. Lisez nos rapports de projet!\" \/>\n<meta property=\"og:url\" content=\"https:\/\/trigon.ch\/fr\/clients\/\" \/>\n<meta property=\"og:site_name\" content=\"Trigon AG\" \/>\n<meta property=\"article:modified_time\" content=\"2020-05-22T12:41:55+00:00\" \/>\n<meta name=\"twitter:card\" content=\"summary_large_image\" \/>\n<script type=\"application\/ld+json\" class=\"yoast-schema-graph\">{\"@context\":\"https:\\\/\\\/schema.org\",\"@graph\":[{\"@type\":\"WebPage\",\"@id\":\"https:\\\/\\\/trigon.ch\\\/fr\\\/clients\\\/\",\"url\":\"https:\\\/\\\/trigon.ch\\\/fr\\\/clients\\\/\",\"name\":\"Clients et rapports de projet | Trigon AG\",\"isPartOf\":{\"@id\":\"https:\\\/\\\/trigon.ch\\\/#website\"},\"datePublished\":\"2019-09-27T08:32:37+00:00\",\"dateModified\":\"2020-05-22T12:41:55+00:00\",\"description\":\"Nous cr\u00e9ons des r\u00e9seaux pour des clients satisfaits, issus de tous les secteurs. Lisez nos rapports de projet!\",\"breadcrumb\":{\"@id\":\"https:\\\/\\\/trigon.ch\\\/fr\\\/clients\\\/#breadcrumb\"},\"inLanguage\":\"fr-FR\",\"potentialAction\":[{\"@type\":\"ReadAction\",\"target\":[\"https:\\\/\\\/trigon.ch\\\/fr\\\/clients\\\/\"]}]},{\"@type\":\"BreadcrumbList\",\"@id\":\"https:\\\/\\\/trigon.ch\\\/fr\\\/clients\\\/#breadcrumb\",\"itemListElement\":[{\"@type\":\"ListItem\",\"position\":1,\"name\":\"Home\",\"item\":\"https:\\\/\\\/trigon.ch\\\/fr\\\/\"},{\"@type\":\"ListItem\",\"position\":2,\"name\":\"Clients\"}]},{\"@type\":\"WebSite\",\"@id\":\"https:\\\/\\\/trigon.ch\\\/#website\",\"url\":\"https:\\\/\\\/trigon.ch\\\/\",\"name\":\"Trigon AG\",\"description\":\"\",\"potentialAction\":[{\"@type\":\"SearchAction\",\"target\":{\"@type\":\"EntryPoint\",\"urlTemplate\":\"https:\\\/\\\/trigon.ch\\\/?s={search_term_string}\"},\"query-input\":{\"@type\":\"PropertyValueSpecification\",\"valueRequired\":true,\"valueName\":\"search_term_string\"}}],\"inLanguage\":\"fr-FR\"}]}<\/script>\n<!-- \/ Yoast SEO plugin. -->","yoast_head_json":{"title":"Clients et rapports de projet | Trigon AG","description":"Nous cr\u00e9ons des r\u00e9seaux pour des clients satisfaits, issus de tous les secteurs. Lisez nos rapports de projet!","robots":{"index":"index","follow":"follow","max-snippet":"max-snippet:-1","max-image-preview":"max-image-preview:large","max-video-preview":"max-video-preview:-1"},"canonical":"https:\/\/trigon.ch\/fr\/clients\/","og_locale":"fr_FR","og_type":"article","og_title":"Clients et rapports de projet | Trigon AG","og_description":"Nous cr\u00e9ons des r\u00e9seaux pour des clients satisfaits, issus de tous les secteurs. Lisez nos rapports de projet!","og_url":"https:\/\/trigon.ch\/fr\/clients\/","og_site_name":"Trigon AG","article_modified_time":"2020-05-22T12:41:55+00:00","twitter_card":"summary_large_image","schema":{"@context":"https:\/\/schema.org","@graph":[{"@type":"WebPage","@id":"https:\/\/trigon.ch\/fr\/clients\/","url":"https:\/\/trigon.ch\/fr\/clients\/","name":"Clients et rapports de projet | Trigon AG","isPartOf":{"@id":"https:\/\/trigon.ch\/#website"},"datePublished":"2019-09-27T08:32:37+00:00","dateModified":"2020-05-22T12:41:55+00:00","description":"Nous cr\u00e9ons des r\u00e9seaux pour des clients satisfaits, issus de tous les secteurs. Lisez nos rapports de projet!","breadcrumb":{"@id":"https:\/\/trigon.ch\/fr\/clients\/#breadcrumb"},"inLanguage":"fr-FR","potentialAction":[{"@type":"ReadAction","target":["https:\/\/trigon.ch\/fr\/clients\/"]}]},{"@type":"BreadcrumbList","@id":"https:\/\/trigon.ch\/fr\/clients\/#breadcrumb","itemListElement":[{"@type":"ListItem","position":1,"name":"Home","item":"https:\/\/trigon.ch\/fr\/"},{"@type":"ListItem","position":2,"name":"Clients"}]},{"@type":"WebSite","@id":"https:\/\/trigon.ch\/#website","url":"https:\/\/trigon.ch\/","name":"Trigon AG","description":"","potentialAction":[{"@type":"SearchAction","target":{"@type":"EntryPoint","urlTemplate":"https:\/\/trigon.ch\/?s={search_term_string}"},"query-input":{"@type":"PropertyValueSpecification","valueRequired":true,"valueName":"search_term_string"}}],"inLanguage":"fr-FR"}]}},"_links":{"self":[{"href":"https:\/\/trigon.ch\/fr\/wp-json\/wp\/v2\/pages\/2637","targetHints":{"allow":["GET"]}}],"collection":[{"href":"https:\/\/trigon.ch\/fr\/wp-json\/wp\/v2\/pages"}],"about":[{"href":"https:\/\/trigon.ch\/fr\/wp-json\/wp\/v2\/types\/page"}],"author":[{"embeddable":true,"href":"https:\/\/trigon.ch\/fr\/wp-json\/wp\/v2\/users\/1"}],"replies":[{"embeddable":true,"href":"https:\/\/trigon.ch\/fr\/wp-json\/wp\/v2\/comments?post=2637"}],"version-history":[{"count":0,"href":"https:\/\/trigon.ch\/fr\/wp-json\/wp\/v2\/pages\/2637\/revisions"}],"wp:attachment":[{"href":"https:\/\/trigon.ch\/fr\/wp-json\/wp\/v2\/media?parent=2637"}],"curies":[{"name":"wp","href":"https:\/\/api.w.org\/{rel}","templated":true}]}}