{"id":2665,"date":"2019-09-27T10:34:21","date_gmt":"2019-09-27T08:34:03","guid":{"rendered":"https:\/\/trigon.ch\/solutions-de-reseau\/wdm\/"},"modified":"2020-05-22T15:56:47","modified_gmt":"2020-05-22T13:56:47","slug":"wdm","status":"publish","type":"page","link":"https:\/\/trigon.ch\/fr\/solutions-de-reseau\/wdm\/","title":{"rendered":"WDM"},"content":{"rendered":"","protected":false},"excerpt":{"rendered":"","protected":false},"author":1,"featured_media":782,"parent":2607,"menu_order":0,"comment_status":"closed","ping_status":"closed","template":"","meta":{"_acf_changed":false,"inline_featured_image":false,"footnotes":""},"class_list":["post-2665","page","type-page","status-publish","has-post-thumbnail","hentry"],"acf":{"inhalts_module":[{"acf_fc_layout":"heading","seo_title":{"titel":"WDM: rapide et performant","tag":"h1"},"headline":"Vous voulez transf\u00e9rer n x 100\u00a0gigabits? \u00c0 la vitesse de la lumi\u00e8re? Aucun probl\u00e8me avec la technologie WDM. Avec DWDM et CWDM, vous pouvez tirer le meilleur parti de votre infrastructure en fibre optique et permettre \u00e0 vos clients d'obtenir davantage de bande passante."},{"acf_fc_layout":"anchors","type":"network-solutions","anchors":[{"title":"Pourquoi le WDM?","text":"Solutions WDM actives vs passives","tag":"h2"},{"title":"Qui en b\u00e9n\u00e9ficie?","text":"\u00c0 qui b\u00e9n\u00e9ficie le WDM?","tag":"h2"},{"title":"5\u00a0faits ","text":"5 faits WDM pertinents","tag":"h2"},{"title":"Notre offre ","text":"Des solutions WDM de fabricants renomm\u00e9s","tag":"h2"},{"title":"R\u00e9f\u00e9rences","text":"Des clients satisfaits","tag":"h2"}]},{"acf_fc_layout":"text","text":"<h2>Pourquoi le WDM?<\/h2>\n<p class=\"p1\">Les exigences en mati\u00e8re de volume de communication et de fiabilit\u00e9 des r\u00e9seaux de transmission et des flux de donn\u00e9es augmentent. Si autrefois 10\u00a0Mbit suffisaient pour un poste de travail, maintenant la norme est de 1 GbE, et dans quelques ann\u00e9es, 10 GbE deviendront la norme. Il est logique que la technologie de transmission soit d\u00e9finie \u00e0 une vitesse de 100\u00a0GbE, une capacit\u00e9 notamment exig\u00e9e par <a href=\"https:\/\/trigon.ch\/fr\/solutions-de-reseau\/wdm\/dci-san\/\"><strong>les centres de donn\u00e9es<\/strong> et <strong>les r\u00e9seaux de stockage<\/strong><\/a>. Is the sky the limit? De notre c\u00f4t\u00e9, nous travaillons d\u00e9j\u00e0 sur des projets qui offriront une capacit\u00e9 de transmission de 2,4\u00a0t\u00e9rabits\/s en\u00a02020.<\/p>\n"},{"acf_fc_layout":"text","text":"<h2>Augmenter la capacit\u00e9 de la fibre optique \u00e0 un prix raisonnable gr\u00e2ce au WDM<\/h2>\n<p class=\"p1\">Con\u00e7ue pour l&#8217;industrie du transport et d\u00e9sormais accessible \u00e0 toutes les entreprises, la technologie WDM moderne optimise la capacit\u00e9 de transmission de la fibre optique. Avec le WDM (Wavelength Division Multiplexing, multiplexage en longueur d&#8217;onde), les donn\u00e9es seront bient\u00f4t transf\u00e9r\u00e9es \u00e0 x Tbit\/s. Cette technologie est bas\u00e9e sur la \u00abfibre morte\u00bb, c&#8217;est-\u00e0-dire une fibre optique pouvant \u00eatre lou\u00e9e, qui est disponible dans plus en plus de secteurs; en Suisse, de nombreux zones urbaines sont d\u00e9j\u00e0 bien desservies. Il reste pourtant des goulots d&#8217;\u00e9tranglement. Avec le <strong>DWDM<\/strong> (Dense Wavelength Division Multiplexing, multiplexage en longueur d&#8217;onde dense) et le <strong>CWDM<\/strong> (Coarse Wavelength Division Multiplexing, multiplexage en longueur d&#8217;onde brut), l&#8217;on dispose de technologies de fibre optique qui permettent de r\u00e9pondre \u00e0 la demande accrue de bande passante de la part des clients et de tirer le meilleur parti des infrastructures existantes en fibre optique \/ fibre morte.<\/p>\n"},{"acf_fc_layout":"teasers_two","type":"network-solutions","seo_title":{"titel":"Solutions WDM actives vs passives","tag":"h2"},"teasers":[{"teaser":{"seo_title":{"titel":"Intelligentes et s\u00fbres","tag":"h3"},"text":"Des bandes passantes agr\u00e9g\u00e9es, crypt\u00e9es au besoin. Des transitions d\u00e9finies qui sont surveill\u00e9es. Test\u00e9es et largement utilis\u00e9es. ","link":{"title":"En savoir plus sur le WDM actif","url":"https:\/\/trigon.ch\/fr\/solutions-de-reseau\/wdm\/wdm-actif\/","target":""}}},{"teaser":{"seo_title":{"titel":"Simples et peu co\u00fbteuses","tag":"h3"},"text":"Une mise en place facile, un fonctionnement fiable. Peu d'expertise en fibre optique n\u00e9cessaire, fonctionnement selon le principe modulaire. Vous \u00eates int\u00e9ress\u00e9?","link":{"title":"En savoir plus sur le WDM passif","url":"https:\/\/trigon.ch\/fr\/solutions-de-reseau\/wdm\/wdm-passif\/","target":""}}}]},{"acf_fc_layout":"text","text":"<h2>\u00c0 qui b\u00e9n\u00e9ficie le WDM?<\/h2>\n<p>La technologie WDM tire son origine des op\u00e9rateurs de c\u00e2bles sous-marins dont la pose \u00e9tait co\u00fbteuse et tr\u00e8s difficile. Aujourd&#8217;hui, l&#8217;\u00e9ventail d&#8217;offres DWDM et CWDM s&#8217;est d\u00e9velopp\u00e9 et des solutions de transmission sont \u00e9galement propos\u00e9es aux <strong>entreprises<\/strong>, aux <strong>op\u00e9rateurs de centres de donn\u00e9es<\/strong> et aux <strong>organismes de droit public<\/strong>. Quelques exemples?<\/p>\n<ul>\n<li><a href=\"https:\/\/trigon.ch\/fr\/solutions-de-reseau\/wdm\/dci-san\/\">DCI et SAN &#8211; Interconnexion des centres de donn\u00e9es et r\u00e9seaux de stockage<\/a><\/li>\n<li>Grands r\u00e9seaux d&#8217;entreprise WDM<\/li>\n<li>R\u00e9seaux WDM porteurs<\/li>\n<\/ul>\n"},{"acf_fc_layout":"text","text":"<h2>5 faits WDM pertinents<\/h2>\n<ol>\n<li><strong>Un TCO convaincant:<\/strong><br \/>\na. utilisation optimale de la fibre optique<br \/>\nb. faible consommation d&#8217;\u00e9nergie<br \/>\nc. faibles co\u00fbts de location pour la fibre morte<\/li>\n<li><strong>S\u00e9curit\u00e9 gr\u00e2ce \u00e0 la redondance:<\/strong> nous planifions les r\u00e9seaux WDM de fa\u00e7on redondante et vous aidons \u00e0 respecter les exigences r\u00e9glementaires et de s\u00e9curit\u00e9.<\/li>\n<li><strong>S\u00e9curit\u00e9 gr\u00e2ce au cryptage:<\/strong> toutes les donn\u00e9es sont crypt\u00e9es et s\u00e9curis\u00e9es sur le chemin entre deux points de r\u00e9seau.<\/li>\n<li><strong>Faibles latences:<\/strong> la technologie WDM permet d&#8217;acc\u00e9der aux bases de donn\u00e9es en temps r\u00e9el.<\/li>\n<li><strong>Bande passante instantan\u00e9e:<\/strong> construisez avec nous un r\u00e9seau performant et utilisez la capacit\u00e9 que vous voulez. Vous pouvez ainsi rester flexible lorsque vous souhaitez davantage de puissance. En achetant la licence, vous augmentez instantan\u00e9ment la capacit\u00e9.<\/li>\n<\/ol>\n"},{"acf_fc_layout":"contact","team":{"ID":2799,"post_author":"1","post_date":"2019-09-27 12:14:58","post_date_gmt":"2019-09-27 10:14:17","post_content":"","post_title":"Daniel Grob","post_excerpt":"","post_status":"private","comment_status":"closed","ping_status":"closed","post_password":"","post_name":"daniel-grob-2","to_ping":"","pinged":"","post_modified":"2026-02-11 14:11:25","post_modified_gmt":"2026-02-11 13:11:25","post_content_filtered":"","post_parent":0,"guid":"https:\/\/trigon.ch\/?team=daniel-grob-2","menu_order":6,"post_type":"team","post_mime_type":"","comment_count":"0","filter":"raw"},"text":"Votre cas d'utilisation est-il similaire ou diff\u00e9rent? Nous trouverons la solution appropri\u00e9e \u00e0 votre d\u00e9fi WDM."},{"acf_fc_layout":"text","text":"<h2>Des solutions WDM de fabricants renomm\u00e9s<\/h2>\n<p>Qu&#8217;il s&#8217;agisse de transpondeurs, de muxpondeurs, de multiplexeurs temporels (TDM), de commutateurs optiques ou d&#8217;\u00e9metteurs-r\u00e9cepteurs\/SFP, nous pouvons vous fournir tous les composants dont vous avez besoin pour votre r\u00e9seau performant. Nous ne sommes pas seulement revendeurs, nous \u00e9valuons \u00e9galement les composants les plus int\u00e9ressants dans le monde entier, nous les testons dans notre laboratoire et les configurons pour votre application. Vous \u00eates int\u00e9ress\u00e9? Testez nos comp\u00e9tences!<\/p>\n"},{"acf_fc_layout":"partners","seo_title":{"titel":"","tag":"div"},"show_all_partners":false,"taxonomy":{"term_id":50,"name":"WDM - Wavelength Division Multiplexing","slug":"wdm-wavelength-division-multiplexing","term_group":0,"term_taxonomy_id":50,"taxonomy":"tag-partner","description":"","parent":41,"count":4,"filter":"raw"}},{"acf_fc_layout":"text","text":"<h2>Des clients satisfaits<\/h2>\n<p>Depuis 15\u00a0ans, nous avons pu d\u00e9montrer notre expertise WDM aupr\u00e8s de clients issus de tous les domaines. Et vous, comment pouvons-nous vous aider?<\/p>\n"},{"acf_fc_layout":"clients","seo_title":{"titel":"","tag":"div"},"show_all":false,"taxonomy":{"term_id":62,"name":"WDM - Wavelength Division Multiplexing","slug":"wdm-wavelength-division-multiplexing","term_group":0,"term_taxonomy_id":62,"taxonomy":"tag-client","description":"","parent":56,"count":22,"filter":"raw"}}],"inhaltsmodule_clone":{"inhalts_module":[{"acf_fc_layout":"heading","seo_title":{"titel":"WDM: rapide et performant","tag":"h1"},"headline":"Vous voulez transf\u00e9rer n x 100\u00a0gigabits? \u00c0 la vitesse de la lumi\u00e8re? Aucun probl\u00e8me avec la technologie WDM. Avec DWDM et CWDM, vous pouvez tirer le meilleur parti de votre infrastructure en fibre optique et permettre \u00e0 vos clients d'obtenir davantage de bande passante."},{"acf_fc_layout":"anchors","type":"network-solutions","anchors":[{"title":"Pourquoi le WDM?","text":"Solutions WDM actives vs passives","tag":"h2"},{"title":"Qui en b\u00e9n\u00e9ficie?","text":"\u00c0 qui b\u00e9n\u00e9ficie le WDM?","tag":"h2"},{"title":"5\u00a0faits ","text":"5 faits WDM pertinents","tag":"h2"},{"title":"Notre offre ","text":"Des solutions WDM de fabricants renomm\u00e9s","tag":"h2"},{"title":"R\u00e9f\u00e9rences","text":"Des clients satisfaits","tag":"h2"}]},{"acf_fc_layout":"text","text":"<h2>Pourquoi le WDM?<\/h2>\n<p class=\"p1\">Les exigences en mati\u00e8re de volume de communication et de fiabilit\u00e9 des r\u00e9seaux de transmission et des flux de donn\u00e9es augmentent. Si autrefois 10\u00a0Mbit suffisaient pour un poste de travail, maintenant la norme est de 1 GbE, et dans quelques ann\u00e9es, 10 GbE deviendront la norme. Il est logique que la technologie de transmission soit d\u00e9finie \u00e0 une vitesse de 100\u00a0GbE, une capacit\u00e9 notamment exig\u00e9e par <a href=\"https:\/\/trigon.ch\/fr\/solutions-de-reseau\/wdm\/dci-san\/\"><strong>les centres de donn\u00e9es<\/strong> et <strong>les r\u00e9seaux de stockage<\/strong><\/a>. Is the sky the limit? De notre c\u00f4t\u00e9, nous travaillons d\u00e9j\u00e0 sur des projets qui offriront une capacit\u00e9 de transmission de 2,4\u00a0t\u00e9rabits\/s en\u00a02020.<\/p>\n"},{"acf_fc_layout":"text","text":"<h2>Augmenter la capacit\u00e9 de la fibre optique \u00e0 un prix raisonnable gr\u00e2ce au WDM<\/h2>\n<p class=\"p1\">Con\u00e7ue pour l&#8217;industrie du transport et d\u00e9sormais accessible \u00e0 toutes les entreprises, la technologie WDM moderne optimise la capacit\u00e9 de transmission de la fibre optique. Avec le WDM (Wavelength Division Multiplexing, multiplexage en longueur d&#8217;onde), les donn\u00e9es seront bient\u00f4t transf\u00e9r\u00e9es \u00e0 x Tbit\/s. Cette technologie est bas\u00e9e sur la \u00abfibre morte\u00bb, c&#8217;est-\u00e0-dire une fibre optique pouvant \u00eatre lou\u00e9e, qui est disponible dans plus en plus de secteurs; en Suisse, de nombreux zones urbaines sont d\u00e9j\u00e0 bien desservies. Il reste pourtant des goulots d&#8217;\u00e9tranglement. Avec le <strong>DWDM<\/strong> (Dense Wavelength Division Multiplexing, multiplexage en longueur d&#8217;onde dense) et le <strong>CWDM<\/strong> (Coarse Wavelength Division Multiplexing, multiplexage en longueur d&#8217;onde brut), l&#8217;on dispose de technologies de fibre optique qui permettent de r\u00e9pondre \u00e0 la demande accrue de bande passante de la part des clients et de tirer le meilleur parti des infrastructures existantes en fibre optique \/ fibre morte.<\/p>\n"},{"acf_fc_layout":"teasers_two","type":"network-solutions","seo_title":{"titel":"Solutions WDM actives vs passives","tag":"h2"},"teasers":[{"teaser":{"seo_title":{"titel":"Intelligentes et s\u00fbres","tag":"h3"},"text":"Des bandes passantes agr\u00e9g\u00e9es, crypt\u00e9es au besoin. Des transitions d\u00e9finies qui sont surveill\u00e9es. Test\u00e9es et largement utilis\u00e9es. ","link":{"title":"En savoir plus sur le WDM actif","url":"https:\/\/trigon.ch\/fr\/solutions-de-reseau\/wdm\/wdm-actif\/","target":""}}},{"teaser":{"seo_title":{"titel":"Simples et peu co\u00fbteuses","tag":"h3"},"text":"Une mise en place facile, un fonctionnement fiable. Peu d'expertise en fibre optique n\u00e9cessaire, fonctionnement selon le principe modulaire. Vous \u00eates int\u00e9ress\u00e9?","link":{"title":"En savoir plus sur le WDM passif","url":"https:\/\/trigon.ch\/fr\/solutions-de-reseau\/wdm\/wdm-passif\/","target":""}}}]},{"acf_fc_layout":"text","text":"<h2>\u00c0 qui b\u00e9n\u00e9ficie le WDM?<\/h2>\n<p>La technologie WDM tire son origine des op\u00e9rateurs de c\u00e2bles sous-marins dont la pose \u00e9tait co\u00fbteuse et tr\u00e8s difficile. Aujourd&#8217;hui, l&#8217;\u00e9ventail d&#8217;offres DWDM et CWDM s&#8217;est d\u00e9velopp\u00e9 et des solutions de transmission sont \u00e9galement propos\u00e9es aux <strong>entreprises<\/strong>, aux <strong>op\u00e9rateurs de centres de donn\u00e9es<\/strong> et aux <strong>organismes de droit public<\/strong>. Quelques exemples?<\/p>\n<ul>\n<li><a href=\"https:\/\/trigon.ch\/fr\/solutions-de-reseau\/wdm\/dci-san\/\">DCI et SAN &#8211; Interconnexion des centres de donn\u00e9es et r\u00e9seaux de stockage<\/a><\/li>\n<li>Grands r\u00e9seaux d&#8217;entreprise WDM<\/li>\n<li>R\u00e9seaux WDM porteurs<\/li>\n<\/ul>\n"},{"acf_fc_layout":"text","text":"<h2>5 faits WDM pertinents<\/h2>\n<ol>\n<li><strong>Un TCO convaincant:<\/strong><br \/>\na. utilisation optimale de la fibre optique<br \/>\nb. faible consommation d&#8217;\u00e9nergie<br \/>\nc. faibles co\u00fbts de location pour la fibre morte<\/li>\n<li><strong>S\u00e9curit\u00e9 gr\u00e2ce \u00e0 la redondance:<\/strong> nous planifions les r\u00e9seaux WDM de fa\u00e7on redondante et vous aidons \u00e0 respecter les exigences r\u00e9glementaires et de s\u00e9curit\u00e9.<\/li>\n<li><strong>S\u00e9curit\u00e9 gr\u00e2ce au cryptage:<\/strong> toutes les donn\u00e9es sont crypt\u00e9es et s\u00e9curis\u00e9es sur le chemin entre deux points de r\u00e9seau.<\/li>\n<li><strong>Faibles latences:<\/strong> la technologie WDM permet d&#8217;acc\u00e9der aux bases de donn\u00e9es en temps r\u00e9el.<\/li>\n<li><strong>Bande passante instantan\u00e9e:<\/strong> construisez avec nous un r\u00e9seau performant et utilisez la capacit\u00e9 que vous voulez. Vous pouvez ainsi rester flexible lorsque vous souhaitez davantage de puissance. En achetant la licence, vous augmentez instantan\u00e9ment la capacit\u00e9.<\/li>\n<\/ol>\n"},{"acf_fc_layout":"contact","team":{"ID":2799,"post_author":"1","post_date":"2019-09-27 12:14:58","post_date_gmt":"2019-09-27 10:14:17","post_content":"","post_title":"Daniel Grob","post_excerpt":"","post_status":"private","comment_status":"closed","ping_status":"closed","post_password":"","post_name":"daniel-grob-2","to_ping":"","pinged":"","post_modified":"2026-02-11 14:11:25","post_modified_gmt":"2026-02-11 13:11:25","post_content_filtered":"","post_parent":0,"guid":"https:\/\/trigon.ch\/?team=daniel-grob-2","menu_order":6,"post_type":"team","post_mime_type":"","comment_count":"0","filter":"raw"},"text":"Votre cas d'utilisation est-il similaire ou diff\u00e9rent? Nous trouverons la solution appropri\u00e9e \u00e0 votre d\u00e9fi WDM."},{"acf_fc_layout":"text","text":"<h2>Des solutions WDM de fabricants renomm\u00e9s<\/h2>\n<p>Qu&#8217;il s&#8217;agisse de transpondeurs, de muxpondeurs, de multiplexeurs temporels (TDM), de commutateurs optiques ou d&#8217;\u00e9metteurs-r\u00e9cepteurs\/SFP, nous pouvons vous fournir tous les composants dont vous avez besoin pour votre r\u00e9seau performant. Nous ne sommes pas seulement revendeurs, nous \u00e9valuons \u00e9galement les composants les plus int\u00e9ressants dans le monde entier, nous les testons dans notre laboratoire et les configurons pour votre application. Vous \u00eates int\u00e9ress\u00e9? Testez nos comp\u00e9tences!<\/p>\n"},{"acf_fc_layout":"partners","seo_title":{"titel":"","tag":"div"},"show_all_partners":false,"taxonomy":{"term_id":50,"name":"WDM - Wavelength Division Multiplexing","slug":"wdm-wavelength-division-multiplexing","term_group":0,"term_taxonomy_id":50,"taxonomy":"tag-partner","description":"","parent":41,"count":4,"filter":"raw"}},{"acf_fc_layout":"text","text":"<h2>Des clients satisfaits<\/h2>\n<p>Depuis 15\u00a0ans, nous avons pu d\u00e9montrer notre expertise WDM aupr\u00e8s de clients issus de tous les domaines. Et vous, comment pouvons-nous vous aider?<\/p>\n"},{"acf_fc_layout":"clients","seo_title":{"titel":"","tag":"div"},"show_all":false,"taxonomy":{"term_id":62,"name":"WDM - Wavelength Division Multiplexing","slug":"wdm-wavelength-division-multiplexing","term_group":0,"term_taxonomy_id":62,"taxonomy":"tag-client","description":"","parent":56,"count":22,"filter":"raw"}}]},"feature_image_vertical_focus":"90"},"yoast_head":"<!-- This site is optimized with the Yoast SEO plugin v27.3 - https:\/\/yoast.com\/product\/yoast-seo-wordpress\/ -->\n<title>WDM \u2013 Multiplexage en longueur d&#039;onde | Trigon AG<\/title>\n<meta name=\"description\" content=\"Il vous faut plus de bande passante? Vous voulez optimiser intelligemment les capacit\u00e9s de la fibre optique? C&#039;est possible gr\u00e2ce \u00e0 nos syst\u00e8mes WDM. Demandez nos solutions d\u00e8s aujourd&#039;hui.\" \/>\n<meta name=\"robots\" content=\"index, follow, max-snippet:-1, max-image-preview:large, max-video-preview:-1\" \/>\n<link rel=\"canonical\" href=\"https:\/\/trigon.ch\/fr\/solutions-de-reseau\/wdm\/\" \/>\n<meta property=\"og:locale\" content=\"fr_FR\" \/>\n<meta property=\"og:type\" content=\"article\" \/>\n<meta property=\"og:title\" content=\"WDM \u2013 Multiplexage en longueur d&#039;onde | Trigon AG\" \/>\n<meta property=\"og:description\" content=\"Il vous faut plus de bande passante? Vous voulez optimiser intelligemment les capacit\u00e9s de la fibre optique? C&#039;est possible gr\u00e2ce \u00e0 nos syst\u00e8mes WDM. Demandez nos solutions d\u00e8s aujourd&#039;hui.\" \/>\n<meta property=\"og:url\" content=\"https:\/\/trigon.ch\/fr\/solutions-de-reseau\/wdm\/\" \/>\n<meta property=\"og:site_name\" content=\"Trigon AG\" \/>\n<meta property=\"article:modified_time\" content=\"2020-05-22T13:56:47+00:00\" \/>\n<meta property=\"og:image\" content=\"https:\/\/trigon.ch\/wp-content\/uploads\/2019\/11\/Trigon_WDM_1920x1080px.jpg\" \/>\n\t<meta property=\"og:image:width\" content=\"1920\" \/>\n\t<meta property=\"og:image:height\" content=\"1080\" \/>\n\t<meta property=\"og:image:type\" content=\"image\/jpeg\" \/>\n<meta name=\"twitter:card\" content=\"summary_large_image\" \/>\n<script type=\"application\/ld+json\" class=\"yoast-schema-graph\">{\"@context\":\"https:\\\/\\\/schema.org\",\"@graph\":[{\"@type\":\"WebPage\",\"@id\":\"https:\\\/\\\/trigon.ch\\\/fr\\\/solutions-de-reseau\\\/wdm\\\/\",\"url\":\"https:\\\/\\\/trigon.ch\\\/fr\\\/solutions-de-reseau\\\/wdm\\\/\",\"name\":\"WDM \u2013 Multiplexage en longueur d'onde | Trigon AG\",\"isPartOf\":{\"@id\":\"https:\\\/\\\/trigon.ch\\\/#website\"},\"primaryImageOfPage\":{\"@id\":\"https:\\\/\\\/trigon.ch\\\/fr\\\/solutions-de-reseau\\\/wdm\\\/#primaryimage\"},\"image\":{\"@id\":\"https:\\\/\\\/trigon.ch\\\/fr\\\/solutions-de-reseau\\\/wdm\\\/#primaryimage\"},\"thumbnailUrl\":\"https:\\\/\\\/trigon.ch\\\/wp-content\\\/uploads\\\/2019\\\/11\\\/Trigon_WDM_1920x1080px.jpg\",\"datePublished\":\"2019-09-27T08:34:03+00:00\",\"dateModified\":\"2020-05-22T13:56:47+00:00\",\"description\":\"Il vous faut plus de bande passante? Vous voulez optimiser intelligemment les capacit\u00e9s de la fibre optique? C'est possible gr\u00e2ce \u00e0 nos syst\u00e8mes WDM. Demandez nos solutions d\u00e8s aujourd'hui.\",\"breadcrumb\":{\"@id\":\"https:\\\/\\\/trigon.ch\\\/fr\\\/solutions-de-reseau\\\/wdm\\\/#breadcrumb\"},\"inLanguage\":\"fr-FR\",\"potentialAction\":[{\"@type\":\"ReadAction\",\"target\":[\"https:\\\/\\\/trigon.ch\\\/fr\\\/solutions-de-reseau\\\/wdm\\\/\"]}]},{\"@type\":\"ImageObject\",\"inLanguage\":\"fr-FR\",\"@id\":\"https:\\\/\\\/trigon.ch\\\/fr\\\/solutions-de-reseau\\\/wdm\\\/#primaryimage\",\"url\":\"https:\\\/\\\/trigon.ch\\\/wp-content\\\/uploads\\\/2019\\\/11\\\/Trigon_WDM_1920x1080px.jpg\",\"contentUrl\":\"https:\\\/\\\/trigon.ch\\\/wp-content\\\/uploads\\\/2019\\\/11\\\/Trigon_WDM_1920x1080px.jpg\",\"width\":1920,\"height\":1080},{\"@type\":\"BreadcrumbList\",\"@id\":\"https:\\\/\\\/trigon.ch\\\/fr\\\/solutions-de-reseau\\\/wdm\\\/#breadcrumb\",\"itemListElement\":[{\"@type\":\"ListItem\",\"position\":1,\"name\":\"Home\",\"item\":\"https:\\\/\\\/trigon.ch\\\/fr\\\/\"},{\"@type\":\"ListItem\",\"position\":2,\"name\":\"Solutions de r\u00e9seau\",\"item\":\"https:\\\/\\\/trigon.ch\\\/fr\\\/solutions-de-reseau\\\/\"},{\"@type\":\"ListItem\",\"position\":3,\"name\":\"WDM\"}]},{\"@type\":\"WebSite\",\"@id\":\"https:\\\/\\\/trigon.ch\\\/#website\",\"url\":\"https:\\\/\\\/trigon.ch\\\/\",\"name\":\"Trigon AG\",\"description\":\"\",\"potentialAction\":[{\"@type\":\"SearchAction\",\"target\":{\"@type\":\"EntryPoint\",\"urlTemplate\":\"https:\\\/\\\/trigon.ch\\\/?s={search_term_string}\"},\"query-input\":{\"@type\":\"PropertyValueSpecification\",\"valueRequired\":true,\"valueName\":\"search_term_string\"}}],\"inLanguage\":\"fr-FR\"}]}<\/script>\n<!-- \/ Yoast SEO plugin. -->","yoast_head_json":{"title":"WDM \u2013 Multiplexage en longueur d'onde | Trigon AG","description":"Il vous faut plus de bande passante? Vous voulez optimiser intelligemment les capacit\u00e9s de la fibre optique? C'est possible gr\u00e2ce \u00e0 nos syst\u00e8mes WDM. Demandez nos solutions d\u00e8s aujourd'hui.","robots":{"index":"index","follow":"follow","max-snippet":"max-snippet:-1","max-image-preview":"max-image-preview:large","max-video-preview":"max-video-preview:-1"},"canonical":"https:\/\/trigon.ch\/fr\/solutions-de-reseau\/wdm\/","og_locale":"fr_FR","og_type":"article","og_title":"WDM \u2013 Multiplexage en longueur d'onde | Trigon AG","og_description":"Il vous faut plus de bande passante? Vous voulez optimiser intelligemment les capacit\u00e9s de la fibre optique? C'est possible gr\u00e2ce \u00e0 nos syst\u00e8mes WDM. Demandez nos solutions d\u00e8s aujourd'hui.","og_url":"https:\/\/trigon.ch\/fr\/solutions-de-reseau\/wdm\/","og_site_name":"Trigon AG","article_modified_time":"2020-05-22T13:56:47+00:00","og_image":[{"width":1920,"height":1080,"url":"https:\/\/trigon.ch\/wp-content\/uploads\/2019\/11\/Trigon_WDM_1920x1080px.jpg","type":"image\/jpeg"}],"twitter_card":"summary_large_image","schema":{"@context":"https:\/\/schema.org","@graph":[{"@type":"WebPage","@id":"https:\/\/trigon.ch\/fr\/solutions-de-reseau\/wdm\/","url":"https:\/\/trigon.ch\/fr\/solutions-de-reseau\/wdm\/","name":"WDM \u2013 Multiplexage en longueur d'onde | Trigon AG","isPartOf":{"@id":"https:\/\/trigon.ch\/#website"},"primaryImageOfPage":{"@id":"https:\/\/trigon.ch\/fr\/solutions-de-reseau\/wdm\/#primaryimage"},"image":{"@id":"https:\/\/trigon.ch\/fr\/solutions-de-reseau\/wdm\/#primaryimage"},"thumbnailUrl":"https:\/\/trigon.ch\/wp-content\/uploads\/2019\/11\/Trigon_WDM_1920x1080px.jpg","datePublished":"2019-09-27T08:34:03+00:00","dateModified":"2020-05-22T13:56:47+00:00","description":"Il vous faut plus de bande passante? Vous voulez optimiser intelligemment les capacit\u00e9s de la fibre optique? C'est possible gr\u00e2ce \u00e0 nos syst\u00e8mes WDM. Demandez nos solutions d\u00e8s aujourd'hui.","breadcrumb":{"@id":"https:\/\/trigon.ch\/fr\/solutions-de-reseau\/wdm\/#breadcrumb"},"inLanguage":"fr-FR","potentialAction":[{"@type":"ReadAction","target":["https:\/\/trigon.ch\/fr\/solutions-de-reseau\/wdm\/"]}]},{"@type":"ImageObject","inLanguage":"fr-FR","@id":"https:\/\/trigon.ch\/fr\/solutions-de-reseau\/wdm\/#primaryimage","url":"https:\/\/trigon.ch\/wp-content\/uploads\/2019\/11\/Trigon_WDM_1920x1080px.jpg","contentUrl":"https:\/\/trigon.ch\/wp-content\/uploads\/2019\/11\/Trigon_WDM_1920x1080px.jpg","width":1920,"height":1080},{"@type":"BreadcrumbList","@id":"https:\/\/trigon.ch\/fr\/solutions-de-reseau\/wdm\/#breadcrumb","itemListElement":[{"@type":"ListItem","position":1,"name":"Home","item":"https:\/\/trigon.ch\/fr\/"},{"@type":"ListItem","position":2,"name":"Solutions de r\u00e9seau","item":"https:\/\/trigon.ch\/fr\/solutions-de-reseau\/"},{"@type":"ListItem","position":3,"name":"WDM"}]},{"@type":"WebSite","@id":"https:\/\/trigon.ch\/#website","url":"https:\/\/trigon.ch\/","name":"Trigon AG","description":"","potentialAction":[{"@type":"SearchAction","target":{"@type":"EntryPoint","urlTemplate":"https:\/\/trigon.ch\/?s={search_term_string}"},"query-input":{"@type":"PropertyValueSpecification","valueRequired":true,"valueName":"search_term_string"}}],"inLanguage":"fr-FR"}]}},"_links":{"self":[{"href":"https:\/\/trigon.ch\/fr\/wp-json\/wp\/v2\/pages\/2665","targetHints":{"allow":["GET"]}}],"collection":[{"href":"https:\/\/trigon.ch\/fr\/wp-json\/wp\/v2\/pages"}],"about":[{"href":"https:\/\/trigon.ch\/fr\/wp-json\/wp\/v2\/types\/page"}],"author":[{"embeddable":true,"href":"https:\/\/trigon.ch\/fr\/wp-json\/wp\/v2\/users\/1"}],"replies":[{"embeddable":true,"href":"https:\/\/trigon.ch\/fr\/wp-json\/wp\/v2\/comments?post=2665"}],"version-history":[{"count":0,"href":"https:\/\/trigon.ch\/fr\/wp-json\/wp\/v2\/pages\/2665\/revisions"}],"up":[{"embeddable":true,"href":"https:\/\/trigon.ch\/fr\/wp-json\/wp\/v2\/pages\/2607"}],"wp:featuredmedia":[{"embeddable":true,"href":"https:\/\/trigon.ch\/fr\/wp-json\/wp\/v2\/media\/782"}],"wp:attachment":[{"href":"https:\/\/trigon.ch\/fr\/wp-json\/wp\/v2\/media?parent=2665"}],"curies":[{"name":"wp","href":"https:\/\/api.w.org\/{rel}","templated":true}]}}