{"id":2695,"date":"2019-09-27T10:34:21","date_gmt":"2019-09-27T08:34:20","guid":{"rendered":"https:\/\/trigon.ch\/solutions-de-reseau\/wdm\/passives-wdm\/"},"modified":"2020-05-22T16:00:52","modified_gmt":"2020-05-22T14:00:52","slug":"wdm-passif","status":"publish","type":"page","link":"https:\/\/trigon.ch\/fr\/solutions-de-reseau\/wdm\/wdm-passif\/","title":{"rendered":"WDM passif"},"content":{"rendered":"","protected":false},"excerpt":{"rendered":"","protected":false},"author":1,"featured_media":1217,"parent":2665,"menu_order":0,"comment_status":"closed","ping_status":"closed","template":"","meta":{"_acf_changed":false,"inline_featured_image":false,"footnotes":""},"class_list":["post-2695","page","type-page","status-publish","has-post-thumbnail","hentry"],"acf":{"inhalts_module":[{"acf_fc_layout":"heading","seo_title":{"titel":"R\u00e9seaux WDM passifs: simples et peu co\u00fbteux","tag":"h1"},"headline":"La solution parfaite pour les fournisseurs de r\u00e9seau qui construisent et entretiennent des r\u00e9seaux pour leurs propres services."},{"acf_fc_layout":"text","text":"<h2>Qu&#8217;est-ce qui distingue le WDM passif?<\/h2>\n<p>Un <strong>syst\u00e8me WDM passif<\/strong>, \u00e9galement appel\u00e9 WDM <strong>int\u00e9gr\u00e9<\/strong> ou <strong>optique passif<\/strong>, utilise des composants optiques Mux et Demux qui fonctionnent sans alimentation \u00e9lectrique ni utilisation de logiciels.<\/p>\n<p><strong>Les avantages sont les suivants:<\/strong><\/p>\n<ul>\n<li>Mat\u00e9riel peu co\u00fbteux<\/li>\n<li>Fonctionnement fiable<\/li>\n<li>Facile \u00e0 construire, \u00e0 exploiter et \u00e0 entretenir<\/li>\n<li>Peu de sources d&#8217;erreur, donc un MTBF (mean time between failure, temps moyen entre pannes) maximis\u00e9.<\/li>\n<\/ul>\n<p><strong>Les composants passifs excellent par:<\/strong><\/p>\n<ul>\n<li>De courtes distances<\/li>\n<li>Une <a href=\"https:\/\/trigon.ch\/fr\/gestion-de-reseau\/topologie-de-reseau\/\">topologie de r\u00e9seau<\/a> point \u00e0 point<\/li>\n<li>Leur utilisation sans cryptage n\u00e9cessaire<\/li>\n<\/ul>\n"},{"acf_fc_layout":"image_text","image_on_right":false,"text":"<h2 class=\"h2 h4\">Qu&#8217;est-ce que les produits tiers DWDM?<\/h2>\n<p>Avec les syst\u00e8mes WDM passifs, la technologie WDM est transf\u00e9r\u00e9e dans les p\u00e9riph\u00e9riques. <a href=\"https:\/\/www.smartoptics.com\/\">Smartoptics<\/a> offre une large gamme d&#8217;optiques enfichables:<\/p>\n<p><strong>SFP cod\u00e9s<\/strong> avec toutes les vitesses Ethernet, de tous les fabricants renomm\u00e9s de commutateurs.<\/p>\n<p>En ce qui concerne les fabricants <strong>Cisco<\/strong> et <strong>Brocade<\/strong>, nous distribuons des <strong>SFP certifi\u00e9s<\/strong> pour une utilisation dans les r\u00e9seaux de stockage (SAN).<\/p>\n","image":{"ID":1740,"id":1740,"title":"Smartoptics SO-SFP-16GFC-ER-grupp","filename":"Smartoptics-SO-SFP-16GFC-ER-grupp.png","filesize":36988,"url":"https:\/\/trigon.ch\/wp-content\/uploads\/2019\/11\/Smartoptics-SO-SFP-16GFC-ER-grupp.png","link":"https:\/\/trigon.ch\/fr\/netzwerkloesungen\/wdm\/passives-wdm\/smartoptics-so-sfp-16gfc-er-grupp\/","alt":"SFP von Smartoptics SO-SFP-16GFC-ER","author":"2","description":"","caption":"","name":"smartoptics-so-sfp-16gfc-er-grupp","status":"inherit","uploaded_to":36,"date":"2019-11-13 10:51:59","modified":"2019-11-13 10:52:53","menu_order":0,"mime_type":"image\/png","type":"image","subtype":"png","icon":"https:\/\/trigon.ch\/wp-includes\/images\/media\/default.png","width":820,"height":540,"sizes":{"thumbnail":"https:\/\/trigon.ch\/wp-content\/uploads\/2019\/11\/Smartoptics-SO-SFP-16GFC-ER-grupp-150x150.png","thumbnail-width":150,"thumbnail-height":150,"medium":"https:\/\/trigon.ch\/wp-content\/uploads\/2019\/11\/Smartoptics-SO-SFP-16GFC-ER-grupp-300x198.png","medium-width":300,"medium-height":198,"medium_large":"https:\/\/trigon.ch\/wp-content\/uploads\/2019\/11\/Smartoptics-SO-SFP-16GFC-ER-grupp-768x506.png","medium_large-width":768,"medium_large-height":506,"large":"https:\/\/trigon.ch\/wp-content\/uploads\/2019\/11\/Smartoptics-SO-SFP-16GFC-ER-grupp.png","large-width":820,"large-height":540,"1536x1536":"https:\/\/trigon.ch\/wp-content\/uploads\/2019\/11\/Smartoptics-SO-SFP-16GFC-ER-grupp.png","1536x1536-width":820,"1536x1536-height":540,"2048x2048":"https:\/\/trigon.ch\/wp-content\/uploads\/2019\/11\/Smartoptics-SO-SFP-16GFC-ER-grupp.png","2048x2048-width":820,"2048x2048-height":540,"large_bad":"https:\/\/trigon.ch\/wp-content\/uploads\/2019\/11\/Smartoptics-SO-SFP-16GFC-ER-grupp-288x162.png","large_bad-width":288,"large_bad-height":162,"team":"https:\/\/trigon.ch\/wp-content\/uploads\/2019\/11\/Smartoptics-SO-SFP-16GFC-ER-grupp-500x500.png","team-width":500,"team-height":500,"team_bad":"https:\/\/trigon.ch\/wp-content\/uploads\/2019\/11\/Smartoptics-SO-SFP-16GFC-ER-grupp-40x40.png","team_bad-width":40,"team_bad-height":40,"news":"https:\/\/trigon.ch\/wp-content\/uploads\/2019\/11\/Smartoptics-SO-SFP-16GFC-ER-grupp-370x270.png","news-width":370,"news-height":270,"news_bad":"https:\/\/trigon.ch\/wp-content\/uploads\/2019\/11\/Smartoptics-SO-SFP-16GFC-ER-grupp-37x27.png","news_bad-width":37,"news_bad-height":27,"client":"https:\/\/trigon.ch\/wp-content\/uploads\/2019\/11\/Smartoptics-SO-SFP-16GFC-ER-grupp-320x180.png","client-width":320,"client-height":180,"client_bad":"https:\/\/trigon.ch\/wp-content\/uploads\/2019\/11\/Smartoptics-SO-SFP-16GFC-ER-grupp-32x18.png","client_bad-width":32,"client_bad-height":18,"teaser":"https:\/\/trigon.ch\/wp-content\/uploads\/2019\/11\/Smartoptics-SO-SFP-16GFC-ER-grupp-600x480.png","teaser-width":600,"teaser-height":480,"teaser_bad":"https:\/\/trigon.ch\/wp-content\/uploads\/2019\/11\/Smartoptics-SO-SFP-16GFC-ER-grupp-60x48.png","teaser_bad-width":60,"teaser_bad-height":48}}},{"acf_fc_layout":"text","text":"<h2>Notre offre<\/h2>\n<p>Outre les composants DWDM passifs, nous offrons \u00e9galement:<\/p>\n<ul>\n<li><a href=\"https:\/\/trigon.ch\/fr\/solutions-de-reseau\/wdm\/wdm-actif\/\">Des composants WDM actifs<\/a><\/li>\n<li><a href=\"https:\/\/trigon.ch\/fr\/solutions-de-reseau\/wdm\/\">Des r\u00e9seaux WDM complets<\/a><\/li>\n<\/ul>\n"},{"acf_fc_layout":"contact","team":{"ID":2799,"post_author":"1","post_date":"2019-09-27 12:14:58","post_date_gmt":"2019-09-27 10:14:17","post_content":"","post_title":"Daniel Grob","post_excerpt":"","post_status":"private","comment_status":"closed","ping_status":"closed","post_password":"","post_name":"daniel-grob-2","to_ping":"","pinged":"","post_modified":"2026-02-11 14:11:25","post_modified_gmt":"2026-02-11 13:11:25","post_content_filtered":"","post_parent":0,"guid":"https:\/\/trigon.ch\/?team=daniel-grob-2","menu_order":6,"post_type":"team","post_mime_type":"","comment_count":"0","filter":"raw"},"text":"Puis-je vous conseiller sur les syst\u00e8mes WDM passifs? Que ce soit pour le DWDM ou le CWDM, je me ferai un plaisir de vous aider."}],"inhaltsmodule_clone":{"inhalts_module":[{"acf_fc_layout":"heading","seo_title":{"titel":"R\u00e9seaux WDM passifs: simples et peu co\u00fbteux","tag":"h1"},"headline":"La solution parfaite pour les fournisseurs de r\u00e9seau qui construisent et entretiennent des r\u00e9seaux pour leurs propres services."},{"acf_fc_layout":"text","text":"<h2>Qu&#8217;est-ce qui distingue le WDM passif?<\/h2>\n<p>Un <strong>syst\u00e8me WDM passif<\/strong>, \u00e9galement appel\u00e9 WDM <strong>int\u00e9gr\u00e9<\/strong> ou <strong>optique passif<\/strong>, utilise des composants optiques Mux et Demux qui fonctionnent sans alimentation \u00e9lectrique ni utilisation de logiciels.<\/p>\n<p><strong>Les avantages sont les suivants:<\/strong><\/p>\n<ul>\n<li>Mat\u00e9riel peu co\u00fbteux<\/li>\n<li>Fonctionnement fiable<\/li>\n<li>Facile \u00e0 construire, \u00e0 exploiter et \u00e0 entretenir<\/li>\n<li>Peu de sources d&#8217;erreur, donc un MTBF (mean time between failure, temps moyen entre pannes) maximis\u00e9.<\/li>\n<\/ul>\n<p><strong>Les composants passifs excellent par:<\/strong><\/p>\n<ul>\n<li>De courtes distances<\/li>\n<li>Une <a href=\"https:\/\/trigon.ch\/fr\/gestion-de-reseau\/topologie-de-reseau\/\">topologie de r\u00e9seau<\/a> point \u00e0 point<\/li>\n<li>Leur utilisation sans cryptage n\u00e9cessaire<\/li>\n<\/ul>\n"},{"acf_fc_layout":"image_text","image_on_right":false,"text":"<h2 class=\"h2 h4\">Qu&#8217;est-ce que les produits tiers DWDM?<\/h2>\n<p>Avec les syst\u00e8mes WDM passifs, la technologie WDM est transf\u00e9r\u00e9e dans les p\u00e9riph\u00e9riques. <a href=\"https:\/\/www.smartoptics.com\/\">Smartoptics<\/a> offre une large gamme d&#8217;optiques enfichables:<\/p>\n<p><strong>SFP cod\u00e9s<\/strong> avec toutes les vitesses Ethernet, de tous les fabricants renomm\u00e9s de commutateurs.<\/p>\n<p>En ce qui concerne les fabricants <strong>Cisco<\/strong> et <strong>Brocade<\/strong>, nous distribuons des <strong>SFP certifi\u00e9s<\/strong> pour une utilisation dans les r\u00e9seaux de stockage (SAN).<\/p>\n","image":{"ID":1740,"id":1740,"title":"Smartoptics SO-SFP-16GFC-ER-grupp","filename":"Smartoptics-SO-SFP-16GFC-ER-grupp.png","filesize":36988,"url":"https:\/\/trigon.ch\/wp-content\/uploads\/2019\/11\/Smartoptics-SO-SFP-16GFC-ER-grupp.png","link":"https:\/\/trigon.ch\/fr\/netzwerkloesungen\/wdm\/passives-wdm\/smartoptics-so-sfp-16gfc-er-grupp\/","alt":"SFP von Smartoptics SO-SFP-16GFC-ER","author":"2","description":"","caption":"","name":"smartoptics-so-sfp-16gfc-er-grupp","status":"inherit","uploaded_to":36,"date":"2019-11-13 10:51:59","modified":"2019-11-13 10:52:53","menu_order":0,"mime_type":"image\/png","type":"image","subtype":"png","icon":"https:\/\/trigon.ch\/wp-includes\/images\/media\/default.png","width":820,"height":540,"sizes":{"thumbnail":"https:\/\/trigon.ch\/wp-content\/uploads\/2019\/11\/Smartoptics-SO-SFP-16GFC-ER-grupp-150x150.png","thumbnail-width":150,"thumbnail-height":150,"medium":"https:\/\/trigon.ch\/wp-content\/uploads\/2019\/11\/Smartoptics-SO-SFP-16GFC-ER-grupp-300x198.png","medium-width":300,"medium-height":198,"medium_large":"https:\/\/trigon.ch\/wp-content\/uploads\/2019\/11\/Smartoptics-SO-SFP-16GFC-ER-grupp-768x506.png","medium_large-width":768,"medium_large-height":506,"large":"https:\/\/trigon.ch\/wp-content\/uploads\/2019\/11\/Smartoptics-SO-SFP-16GFC-ER-grupp.png","large-width":820,"large-height":540,"1536x1536":"https:\/\/trigon.ch\/wp-content\/uploads\/2019\/11\/Smartoptics-SO-SFP-16GFC-ER-grupp.png","1536x1536-width":820,"1536x1536-height":540,"2048x2048":"https:\/\/trigon.ch\/wp-content\/uploads\/2019\/11\/Smartoptics-SO-SFP-16GFC-ER-grupp.png","2048x2048-width":820,"2048x2048-height":540,"large_bad":"https:\/\/trigon.ch\/wp-content\/uploads\/2019\/11\/Smartoptics-SO-SFP-16GFC-ER-grupp-288x162.png","large_bad-width":288,"large_bad-height":162,"team":"https:\/\/trigon.ch\/wp-content\/uploads\/2019\/11\/Smartoptics-SO-SFP-16GFC-ER-grupp-500x500.png","team-width":500,"team-height":500,"team_bad":"https:\/\/trigon.ch\/wp-content\/uploads\/2019\/11\/Smartoptics-SO-SFP-16GFC-ER-grupp-40x40.png","team_bad-width":40,"team_bad-height":40,"news":"https:\/\/trigon.ch\/wp-content\/uploads\/2019\/11\/Smartoptics-SO-SFP-16GFC-ER-grupp-370x270.png","news-width":370,"news-height":270,"news_bad":"https:\/\/trigon.ch\/wp-content\/uploads\/2019\/11\/Smartoptics-SO-SFP-16GFC-ER-grupp-37x27.png","news_bad-width":37,"news_bad-height":27,"client":"https:\/\/trigon.ch\/wp-content\/uploads\/2019\/11\/Smartoptics-SO-SFP-16GFC-ER-grupp-320x180.png","client-width":320,"client-height":180,"client_bad":"https:\/\/trigon.ch\/wp-content\/uploads\/2019\/11\/Smartoptics-SO-SFP-16GFC-ER-grupp-32x18.png","client_bad-width":32,"client_bad-height":18,"teaser":"https:\/\/trigon.ch\/wp-content\/uploads\/2019\/11\/Smartoptics-SO-SFP-16GFC-ER-grupp-600x480.png","teaser-width":600,"teaser-height":480,"teaser_bad":"https:\/\/trigon.ch\/wp-content\/uploads\/2019\/11\/Smartoptics-SO-SFP-16GFC-ER-grupp-60x48.png","teaser_bad-width":60,"teaser_bad-height":48}}},{"acf_fc_layout":"text","text":"<h2>Notre offre<\/h2>\n<p>Outre les composants DWDM passifs, nous offrons \u00e9galement:<\/p>\n<ul>\n<li><a href=\"https:\/\/trigon.ch\/fr\/solutions-de-reseau\/wdm\/wdm-actif\/\">Des composants WDM actifs<\/a><\/li>\n<li><a href=\"https:\/\/trigon.ch\/fr\/solutions-de-reseau\/wdm\/\">Des r\u00e9seaux WDM complets<\/a><\/li>\n<\/ul>\n"},{"acf_fc_layout":"contact","team":{"ID":2799,"post_author":"1","post_date":"2019-09-27 12:14:58","post_date_gmt":"2019-09-27 10:14:17","post_content":"","post_title":"Daniel Grob","post_excerpt":"","post_status":"private","comment_status":"closed","ping_status":"closed","post_password":"","post_name":"daniel-grob-2","to_ping":"","pinged":"","post_modified":"2026-02-11 14:11:25","post_modified_gmt":"2026-02-11 13:11:25","post_content_filtered":"","post_parent":0,"guid":"https:\/\/trigon.ch\/?team=daniel-grob-2","menu_order":6,"post_type":"team","post_mime_type":"","comment_count":"0","filter":"raw"},"text":"Puis-je vous conseiller sur les syst\u00e8mes WDM passifs? Que ce soit pour le DWDM ou le CWDM, je me ferai un plaisir de vous aider."}]},"feature_image_vertical_focus":"50"},"yoast_head":"<!-- This site is optimized with the Yoast SEO plugin v27.4 - https:\/\/yoast.com\/product\/yoast-seo-wordpress\/ -->\n<title>Mat\u00e9riel WDM passif | Trigon AG<\/title>\n<meta name=\"description\" content=\"Ces unit\u00e9s DWDM passives vous permettent de cr\u00e9er des r\u00e9seaux fiables, rapidement et \u00e0 moindre co\u00fbt. Laissez-nous vous convaincre de leurs avantages!\" \/>\n<meta name=\"robots\" content=\"index, follow, max-snippet:-1, max-image-preview:large, max-video-preview:-1\" \/>\n<link rel=\"canonical\" href=\"https:\/\/trigon.ch\/fr\/solutions-de-reseau\/wdm\/wdm-passif\/\" \/>\n<meta property=\"og:locale\" content=\"fr_FR\" \/>\n<meta property=\"og:type\" content=\"article\" \/>\n<meta property=\"og:title\" content=\"Mat\u00e9riel WDM passif | Trigon AG\" \/>\n<meta property=\"og:description\" content=\"Ces unit\u00e9s DWDM passives vous permettent de cr\u00e9er des r\u00e9seaux fiables, rapidement et \u00e0 moindre co\u00fbt. Laissez-nous vous convaincre de leurs avantages!\" \/>\n<meta property=\"og:url\" content=\"https:\/\/trigon.ch\/fr\/solutions-de-reseau\/wdm\/wdm-passif\/\" \/>\n<meta property=\"og:site_name\" content=\"Trigon AG\" \/>\n<meta property=\"article:modified_time\" content=\"2020-05-22T14:00:52+00:00\" \/>\n<meta property=\"og:image\" content=\"https:\/\/trigon.ch\/wp-content\/uploads\/2019\/11\/Trigon_Passives-WDM_1920x1080px.jpg\" \/>\n\t<meta property=\"og:image:width\" content=\"1920\" \/>\n\t<meta property=\"og:image:height\" content=\"1080\" \/>\n\t<meta property=\"og:image:type\" content=\"image\/jpeg\" \/>\n<meta name=\"twitter:card\" content=\"summary_large_image\" \/>\n<script type=\"application\/ld+json\" class=\"yoast-schema-graph\">{\"@context\":\"https:\\\/\\\/schema.org\",\"@graph\":[{\"@type\":\"WebPage\",\"@id\":\"https:\\\/\\\/trigon.ch\\\/fr\\\/solutions-de-reseau\\\/wdm\\\/wdm-passif\\\/\",\"url\":\"https:\\\/\\\/trigon.ch\\\/fr\\\/solutions-de-reseau\\\/wdm\\\/wdm-passif\\\/\",\"name\":\"Mat\u00e9riel WDM passif | Trigon AG\",\"isPartOf\":{\"@id\":\"https:\\\/\\\/trigon.ch\\\/#website\"},\"primaryImageOfPage\":{\"@id\":\"https:\\\/\\\/trigon.ch\\\/fr\\\/solutions-de-reseau\\\/wdm\\\/wdm-passif\\\/#primaryimage\"},\"image\":{\"@id\":\"https:\\\/\\\/trigon.ch\\\/fr\\\/solutions-de-reseau\\\/wdm\\\/wdm-passif\\\/#primaryimage\"},\"thumbnailUrl\":\"https:\\\/\\\/trigon.ch\\\/wp-content\\\/uploads\\\/2019\\\/11\\\/Trigon_Passives-WDM_1920x1080px.jpg\",\"datePublished\":\"2019-09-27T08:34:20+00:00\",\"dateModified\":\"2020-05-22T14:00:52+00:00\",\"description\":\"Ces unit\u00e9s DWDM passives vous permettent de cr\u00e9er des r\u00e9seaux fiables, rapidement et \u00e0 moindre co\u00fbt. Laissez-nous vous convaincre de leurs avantages!\",\"breadcrumb\":{\"@id\":\"https:\\\/\\\/trigon.ch\\\/fr\\\/solutions-de-reseau\\\/wdm\\\/wdm-passif\\\/#breadcrumb\"},\"inLanguage\":\"fr-FR\",\"potentialAction\":[{\"@type\":\"ReadAction\",\"target\":[\"https:\\\/\\\/trigon.ch\\\/fr\\\/solutions-de-reseau\\\/wdm\\\/wdm-passif\\\/\"]}]},{\"@type\":\"ImageObject\",\"inLanguage\":\"fr-FR\",\"@id\":\"https:\\\/\\\/trigon.ch\\\/fr\\\/solutions-de-reseau\\\/wdm\\\/wdm-passif\\\/#primaryimage\",\"url\":\"https:\\\/\\\/trigon.ch\\\/wp-content\\\/uploads\\\/2019\\\/11\\\/Trigon_Passives-WDM_1920x1080px.jpg\",\"contentUrl\":\"https:\\\/\\\/trigon.ch\\\/wp-content\\\/uploads\\\/2019\\\/11\\\/Trigon_Passives-WDM_1920x1080px.jpg\",\"width\":1920,\"height\":1080},{\"@type\":\"BreadcrumbList\",\"@id\":\"https:\\\/\\\/trigon.ch\\\/fr\\\/solutions-de-reseau\\\/wdm\\\/wdm-passif\\\/#breadcrumb\",\"itemListElement\":[{\"@type\":\"ListItem\",\"position\":1,\"name\":\"Home\",\"item\":\"https:\\\/\\\/trigon.ch\\\/fr\\\/\"},{\"@type\":\"ListItem\",\"position\":2,\"name\":\"Solutions de r\u00e9seau\",\"item\":\"https:\\\/\\\/trigon.ch\\\/fr\\\/solutions-de-reseau\\\/\"},{\"@type\":\"ListItem\",\"position\":3,\"name\":\"WDM\",\"item\":\"https:\\\/\\\/trigon.ch\\\/fr\\\/solutions-de-reseau\\\/wdm\\\/\"},{\"@type\":\"ListItem\",\"position\":4,\"name\":\"WDM passif\"}]},{\"@type\":\"WebSite\",\"@id\":\"https:\\\/\\\/trigon.ch\\\/#website\",\"url\":\"https:\\\/\\\/trigon.ch\\\/\",\"name\":\"Trigon AG\",\"description\":\"\",\"potentialAction\":[{\"@type\":\"SearchAction\",\"target\":{\"@type\":\"EntryPoint\",\"urlTemplate\":\"https:\\\/\\\/trigon.ch\\\/?s={search_term_string}\"},\"query-input\":{\"@type\":\"PropertyValueSpecification\",\"valueRequired\":true,\"valueName\":\"search_term_string\"}}],\"inLanguage\":\"fr-FR\"}]}<\/script>\n<!-- \/ Yoast SEO plugin. -->","yoast_head_json":{"title":"Mat\u00e9riel WDM passif | Trigon AG","description":"Ces unit\u00e9s DWDM passives vous permettent de cr\u00e9er des r\u00e9seaux fiables, rapidement et \u00e0 moindre co\u00fbt. Laissez-nous vous convaincre de leurs avantages!","robots":{"index":"index","follow":"follow","max-snippet":"max-snippet:-1","max-image-preview":"max-image-preview:large","max-video-preview":"max-video-preview:-1"},"canonical":"https:\/\/trigon.ch\/fr\/solutions-de-reseau\/wdm\/wdm-passif\/","og_locale":"fr_FR","og_type":"article","og_title":"Mat\u00e9riel WDM passif | Trigon AG","og_description":"Ces unit\u00e9s DWDM passives vous permettent de cr\u00e9er des r\u00e9seaux fiables, rapidement et \u00e0 moindre co\u00fbt. Laissez-nous vous convaincre de leurs avantages!","og_url":"https:\/\/trigon.ch\/fr\/solutions-de-reseau\/wdm\/wdm-passif\/","og_site_name":"Trigon AG","article_modified_time":"2020-05-22T14:00:52+00:00","og_image":[{"width":1920,"height":1080,"url":"https:\/\/trigon.ch\/wp-content\/uploads\/2019\/11\/Trigon_Passives-WDM_1920x1080px.jpg","type":"image\/jpeg"}],"twitter_card":"summary_large_image","schema":{"@context":"https:\/\/schema.org","@graph":[{"@type":"WebPage","@id":"https:\/\/trigon.ch\/fr\/solutions-de-reseau\/wdm\/wdm-passif\/","url":"https:\/\/trigon.ch\/fr\/solutions-de-reseau\/wdm\/wdm-passif\/","name":"Mat\u00e9riel WDM passif | Trigon AG","isPartOf":{"@id":"https:\/\/trigon.ch\/#website"},"primaryImageOfPage":{"@id":"https:\/\/trigon.ch\/fr\/solutions-de-reseau\/wdm\/wdm-passif\/#primaryimage"},"image":{"@id":"https:\/\/trigon.ch\/fr\/solutions-de-reseau\/wdm\/wdm-passif\/#primaryimage"},"thumbnailUrl":"https:\/\/trigon.ch\/wp-content\/uploads\/2019\/11\/Trigon_Passives-WDM_1920x1080px.jpg","datePublished":"2019-09-27T08:34:20+00:00","dateModified":"2020-05-22T14:00:52+00:00","description":"Ces unit\u00e9s DWDM passives vous permettent de cr\u00e9er des r\u00e9seaux fiables, rapidement et \u00e0 moindre co\u00fbt. Laissez-nous vous convaincre de leurs avantages!","breadcrumb":{"@id":"https:\/\/trigon.ch\/fr\/solutions-de-reseau\/wdm\/wdm-passif\/#breadcrumb"},"inLanguage":"fr-FR","potentialAction":[{"@type":"ReadAction","target":["https:\/\/trigon.ch\/fr\/solutions-de-reseau\/wdm\/wdm-passif\/"]}]},{"@type":"ImageObject","inLanguage":"fr-FR","@id":"https:\/\/trigon.ch\/fr\/solutions-de-reseau\/wdm\/wdm-passif\/#primaryimage","url":"https:\/\/trigon.ch\/wp-content\/uploads\/2019\/11\/Trigon_Passives-WDM_1920x1080px.jpg","contentUrl":"https:\/\/trigon.ch\/wp-content\/uploads\/2019\/11\/Trigon_Passives-WDM_1920x1080px.jpg","width":1920,"height":1080},{"@type":"BreadcrumbList","@id":"https:\/\/trigon.ch\/fr\/solutions-de-reseau\/wdm\/wdm-passif\/#breadcrumb","itemListElement":[{"@type":"ListItem","position":1,"name":"Home","item":"https:\/\/trigon.ch\/fr\/"},{"@type":"ListItem","position":2,"name":"Solutions de r\u00e9seau","item":"https:\/\/trigon.ch\/fr\/solutions-de-reseau\/"},{"@type":"ListItem","position":3,"name":"WDM","item":"https:\/\/trigon.ch\/fr\/solutions-de-reseau\/wdm\/"},{"@type":"ListItem","position":4,"name":"WDM passif"}]},{"@type":"WebSite","@id":"https:\/\/trigon.ch\/#website","url":"https:\/\/trigon.ch\/","name":"Trigon AG","description":"","potentialAction":[{"@type":"SearchAction","target":{"@type":"EntryPoint","urlTemplate":"https:\/\/trigon.ch\/?s={search_term_string}"},"query-input":{"@type":"PropertyValueSpecification","valueRequired":true,"valueName":"search_term_string"}}],"inLanguage":"fr-FR"}]}},"_links":{"self":[{"href":"https:\/\/trigon.ch\/fr\/wp-json\/wp\/v2\/pages\/2695","targetHints":{"allow":["GET"]}}],"collection":[{"href":"https:\/\/trigon.ch\/fr\/wp-json\/wp\/v2\/pages"}],"about":[{"href":"https:\/\/trigon.ch\/fr\/wp-json\/wp\/v2\/types\/page"}],"author":[{"embeddable":true,"href":"https:\/\/trigon.ch\/fr\/wp-json\/wp\/v2\/users\/1"}],"replies":[{"embeddable":true,"href":"https:\/\/trigon.ch\/fr\/wp-json\/wp\/v2\/comments?post=2695"}],"version-history":[{"count":0,"href":"https:\/\/trigon.ch\/fr\/wp-json\/wp\/v2\/pages\/2695\/revisions"}],"up":[{"embeddable":true,"href":"https:\/\/trigon.ch\/fr\/wp-json\/wp\/v2\/pages\/2665"}],"wp:featuredmedia":[{"embeddable":true,"href":"https:\/\/trigon.ch\/fr\/wp-json\/wp\/v2\/media\/1217"}],"wp:attachment":[{"href":"https:\/\/trigon.ch\/fr\/wp-json\/wp\/v2\/media?parent=2695"}],"curies":[{"name":"wp","href":"https:\/\/api.w.org\/{rel}","templated":true}]}}