{"id":2731,"date":"2019-09-27T10:40:21","date_gmt":"2019-09-27T08:40:16","guid":{"rendered":"https:\/\/trigon.ch\/a-propos-de-trigon\/team\/"},"modified":"2026-02-11T14:13:31","modified_gmt":"2026-02-11T13:13:31","slug":"equipe","status":"publish","type":"page","link":"https:\/\/trigon.ch\/fr\/a-propos-de-trigon\/equipe\/","title":{"rendered":"\u00c9quipe"},"content":{"rendered":"","protected":false},"excerpt":{"rendered":"","protected":false},"author":1,"featured_media":0,"parent":2643,"menu_order":1,"comment_status":"closed","ping_status":"closed","template":"","meta":{"_acf_changed":false,"inline_featured_image":false,"footnotes":""},"class_list":["post-2731","page","type-page","status-publish","hentry"],"acf":{"inhalts_module":[{"acf_fc_layout":"text","text":"<h1 style=\"text-align: center;\">Une \u00e9quipe pour toutes les situations<\/h1>\n<h5 style=\"text-align: center;\">Nos clients nous appellent souvent les meilleurs amis du r\u00e9seau. Ils nous consid\u00e8rent \u00e9galement comme des partenaires lorsqu&#8217;il s&#8217;agit de tester, de contr\u00f4ler et d&#8217;am\u00e9liorer la technologie de r\u00e9seau. Dans tous les cas, nous sommes une \u00e9quipe qui travaille avec joie, expertise et passion pour le plus grand b\u00e9n\u00e9fice de nos clients.<\/h5>\n"},{"acf_fc_layout":"contact","team":{"ID":2786,"post_author":"1","post_date":"2019-09-27 12:12:58","post_date_gmt":"2019-09-27 10:12:45","post_content":"","post_title":"Rinaldo Zanella","post_excerpt":"","post_status":"private","comment_status":"closed","ping_status":"closed","post_password":"","post_name":"rinaldo-zanella-3","to_ping":"","pinged":"","post_modified":"2026-02-11 14:11:07","post_modified_gmt":"2026-02-11 13:11:07","post_content_filtered":"","post_parent":0,"guid":"https:\/\/trigon.ch\/?team=rinaldo-zanella-3","menu_order":3,"post_type":"team","post_mime_type":"","comment_count":"0","filter":"raw"},"text":""},{"acf_fc_layout":"contact","team":{"ID":2790,"post_author":"1","post_date":"2019-09-27 12:12:58","post_date_gmt":"2019-09-27 10:12:19","post_content":"","post_title":"Christoph Good","post_excerpt":"","post_status":"private","comment_status":"closed","ping_status":"closed","post_password":"","post_name":"christoph-good-2","to_ping":"","pinged":"","post_modified":"2026-02-11 14:11:14","post_modified_gmt":"2026-02-11 13:11:14","post_content_filtered":"","post_parent":0,"guid":"https:\/\/trigon.ch\/?team=christoph-good-2","menu_order":4,"post_type":"team","post_mime_type":"","comment_count":"0","filter":"raw"},"text":""},{"acf_fc_layout":"contact","team":{"ID":2796,"post_author":"1","post_date":"2019-09-27 12:13:58","post_date_gmt":"2019-09-27 10:13:45","post_content":"","post_title":"Lutz Weichert","post_excerpt":"","post_status":"private","comment_status":"closed","ping_status":"closed","post_password":"","post_name":"115-2","to_ping":"","pinged":"","post_modified":"2026-02-11 14:11:20","post_modified_gmt":"2026-02-11 13:11:20","post_content_filtered":"","post_parent":0,"guid":"https:\/\/trigon.ch\/?team=115-2","menu_order":5,"post_type":"team","post_mime_type":"","comment_count":"0","filter":"raw"},"text":""},{"acf_fc_layout":"contact","team":{"ID":2799,"post_author":"1","post_date":"2019-09-27 12:14:58","post_date_gmt":"2019-09-27 10:14:17","post_content":"","post_title":"Daniel Grob","post_excerpt":"","post_status":"private","comment_status":"closed","ping_status":"closed","post_password":"","post_name":"daniel-grob-2","to_ping":"","pinged":"","post_modified":"2026-02-11 14:11:25","post_modified_gmt":"2026-02-11 13:11:25","post_content_filtered":"","post_parent":0,"guid":"https:\/\/trigon.ch\/?team=daniel-grob-2","menu_order":6,"post_type":"team","post_mime_type":"","comment_count":"0","filter":"raw"},"text":""}],"inhaltsmodule_clone":{"inhalts_module":[{"acf_fc_layout":"text","text":"<h1 style=\"text-align: center;\">Une \u00e9quipe pour toutes les situations<\/h1>\n<h5 style=\"text-align: center;\">Nos clients nous appellent souvent les meilleurs amis du r\u00e9seau. Ils nous consid\u00e8rent \u00e9galement comme des partenaires lorsqu&#8217;il s&#8217;agit de tester, de contr\u00f4ler et d&#8217;am\u00e9liorer la technologie de r\u00e9seau. Dans tous les cas, nous sommes une \u00e9quipe qui travaille avec joie, expertise et passion pour le plus grand b\u00e9n\u00e9fice de nos clients.<\/h5>\n"},{"acf_fc_layout":"contact","team":{"ID":2786,"post_author":"1","post_date":"2019-09-27 12:12:58","post_date_gmt":"2019-09-27 10:12:45","post_content":"","post_title":"Rinaldo Zanella","post_excerpt":"","post_status":"private","comment_status":"closed","ping_status":"closed","post_password":"","post_name":"rinaldo-zanella-3","to_ping":"","pinged":"","post_modified":"2026-02-11 14:11:07","post_modified_gmt":"2026-02-11 13:11:07","post_content_filtered":"","post_parent":0,"guid":"https:\/\/trigon.ch\/?team=rinaldo-zanella-3","menu_order":3,"post_type":"team","post_mime_type":"","comment_count":"0","filter":"raw"},"text":""},{"acf_fc_layout":"contact","team":{"ID":2790,"post_author":"1","post_date":"2019-09-27 12:12:58","post_date_gmt":"2019-09-27 10:12:19","post_content":"","post_title":"Christoph Good","post_excerpt":"","post_status":"private","comment_status":"closed","ping_status":"closed","post_password":"","post_name":"christoph-good-2","to_ping":"","pinged":"","post_modified":"2026-02-11 14:11:14","post_modified_gmt":"2026-02-11 13:11:14","post_content_filtered":"","post_parent":0,"guid":"https:\/\/trigon.ch\/?team=christoph-good-2","menu_order":4,"post_type":"team","post_mime_type":"","comment_count":"0","filter":"raw"},"text":""},{"acf_fc_layout":"contact","team":{"ID":2796,"post_author":"1","post_date":"2019-09-27 12:13:58","post_date_gmt":"2019-09-27 10:13:45","post_content":"","post_title":"Lutz Weichert","post_excerpt":"","post_status":"private","comment_status":"closed","ping_status":"closed","post_password":"","post_name":"115-2","to_ping":"","pinged":"","post_modified":"2026-02-11 14:11:20","post_modified_gmt":"2026-02-11 13:11:20","post_content_filtered":"","post_parent":0,"guid":"https:\/\/trigon.ch\/?team=115-2","menu_order":5,"post_type":"team","post_mime_type":"","comment_count":"0","filter":"raw"},"text":""},{"acf_fc_layout":"contact","team":{"ID":2799,"post_author":"1","post_date":"2019-09-27 12:14:58","post_date_gmt":"2019-09-27 10:14:17","post_content":"","post_title":"Daniel Grob","post_excerpt":"","post_status":"private","comment_status":"closed","ping_status":"closed","post_password":"","post_name":"daniel-grob-2","to_ping":"","pinged":"","post_modified":"2026-02-11 14:11:25","post_modified_gmt":"2026-02-11 13:11:25","post_content_filtered":"","post_parent":0,"guid":"https:\/\/trigon.ch\/?team=daniel-grob-2","menu_order":6,"post_type":"team","post_mime_type":"","comment_count":"0","filter":"raw"},"text":""}]},"feature_image_vertical_focus":"50"},"yoast_head":"<!-- This site is optimized with the Yoast SEO plugin v27.4 - https:\/\/yoast.com\/product\/yoast-seo-wordpress\/ -->\n<title>\u00c9quipe | Trigon AG<\/title>\n<meta name=\"robots\" content=\"index, follow, max-snippet:-1, max-image-preview:large, max-video-preview:-1\" \/>\n<link rel=\"canonical\" href=\"https:\/\/trigon.ch\/fr\/a-propos-de-trigon\/equipe\/\" \/>\n<meta property=\"og:locale\" content=\"fr_FR\" \/>\n<meta property=\"og:type\" content=\"article\" \/>\n<meta property=\"og:title\" content=\"\u00c9quipe | Trigon AG\" \/>\n<meta property=\"og:url\" content=\"https:\/\/trigon.ch\/fr\/a-propos-de-trigon\/equipe\/\" \/>\n<meta property=\"og:site_name\" content=\"Trigon AG\" \/>\n<meta property=\"article:modified_time\" content=\"2026-02-11T13:13:31+00:00\" \/>\n<meta name=\"twitter:card\" content=\"summary_large_image\" \/>\n<script type=\"application\/ld+json\" class=\"yoast-schema-graph\">{\"@context\":\"https:\\\/\\\/schema.org\",\"@graph\":[{\"@type\":\"WebPage\",\"@id\":\"https:\\\/\\\/trigon.ch\\\/fr\\\/a-propos-de-trigon\\\/equipe\\\/\",\"url\":\"https:\\\/\\\/trigon.ch\\\/fr\\\/a-propos-de-trigon\\\/equipe\\\/\",\"name\":\"\u00c9quipe | Trigon AG\",\"isPartOf\":{\"@id\":\"https:\\\/\\\/trigon.ch\\\/#website\"},\"datePublished\":\"2019-09-27T08:40:16+00:00\",\"dateModified\":\"2026-02-11T13:13:31+00:00\",\"breadcrumb\":{\"@id\":\"https:\\\/\\\/trigon.ch\\\/fr\\\/a-propos-de-trigon\\\/equipe\\\/#breadcrumb\"},\"inLanguage\":\"fr-FR\",\"potentialAction\":[{\"@type\":\"ReadAction\",\"target\":[\"https:\\\/\\\/trigon.ch\\\/fr\\\/a-propos-de-trigon\\\/equipe\\\/\"]}]},{\"@type\":\"BreadcrumbList\",\"@id\":\"https:\\\/\\\/trigon.ch\\\/fr\\\/a-propos-de-trigon\\\/equipe\\\/#breadcrumb\",\"itemListElement\":[{\"@type\":\"ListItem\",\"position\":1,\"name\":\"Home\",\"item\":\"https:\\\/\\\/trigon.ch\\\/fr\\\/\"},{\"@type\":\"ListItem\",\"position\":2,\"name\":\"\u00c0 propos de Trigon\",\"item\":\"https:\\\/\\\/trigon.ch\\\/fr\\\/a-propos-de-trigon\\\/\"},{\"@type\":\"ListItem\",\"position\":3,\"name\":\"\u00c9quipe\"}]},{\"@type\":\"WebSite\",\"@id\":\"https:\\\/\\\/trigon.ch\\\/#website\",\"url\":\"https:\\\/\\\/trigon.ch\\\/\",\"name\":\"Trigon AG\",\"description\":\"\",\"potentialAction\":[{\"@type\":\"SearchAction\",\"target\":{\"@type\":\"EntryPoint\",\"urlTemplate\":\"https:\\\/\\\/trigon.ch\\\/?s={search_term_string}\"},\"query-input\":{\"@type\":\"PropertyValueSpecification\",\"valueRequired\":true,\"valueName\":\"search_term_string\"}}],\"inLanguage\":\"fr-FR\"}]}<\/script>\n<!-- \/ Yoast SEO plugin. -->","yoast_head_json":{"title":"\u00c9quipe | Trigon AG","robots":{"index":"index","follow":"follow","max-snippet":"max-snippet:-1","max-image-preview":"max-image-preview:large","max-video-preview":"max-video-preview:-1"},"canonical":"https:\/\/trigon.ch\/fr\/a-propos-de-trigon\/equipe\/","og_locale":"fr_FR","og_type":"article","og_title":"\u00c9quipe | Trigon AG","og_url":"https:\/\/trigon.ch\/fr\/a-propos-de-trigon\/equipe\/","og_site_name":"Trigon AG","article_modified_time":"2026-02-11T13:13:31+00:00","twitter_card":"summary_large_image","schema":{"@context":"https:\/\/schema.org","@graph":[{"@type":"WebPage","@id":"https:\/\/trigon.ch\/fr\/a-propos-de-trigon\/equipe\/","url":"https:\/\/trigon.ch\/fr\/a-propos-de-trigon\/equipe\/","name":"\u00c9quipe | Trigon AG","isPartOf":{"@id":"https:\/\/trigon.ch\/#website"},"datePublished":"2019-09-27T08:40:16+00:00","dateModified":"2026-02-11T13:13:31+00:00","breadcrumb":{"@id":"https:\/\/trigon.ch\/fr\/a-propos-de-trigon\/equipe\/#breadcrumb"},"inLanguage":"fr-FR","potentialAction":[{"@type":"ReadAction","target":["https:\/\/trigon.ch\/fr\/a-propos-de-trigon\/equipe\/"]}]},{"@type":"BreadcrumbList","@id":"https:\/\/trigon.ch\/fr\/a-propos-de-trigon\/equipe\/#breadcrumb","itemListElement":[{"@type":"ListItem","position":1,"name":"Home","item":"https:\/\/trigon.ch\/fr\/"},{"@type":"ListItem","position":2,"name":"\u00c0 propos de Trigon","item":"https:\/\/trigon.ch\/fr\/a-propos-de-trigon\/"},{"@type":"ListItem","position":3,"name":"\u00c9quipe"}]},{"@type":"WebSite","@id":"https:\/\/trigon.ch\/#website","url":"https:\/\/trigon.ch\/","name":"Trigon AG","description":"","potentialAction":[{"@type":"SearchAction","target":{"@type":"EntryPoint","urlTemplate":"https:\/\/trigon.ch\/?s={search_term_string}"},"query-input":{"@type":"PropertyValueSpecification","valueRequired":true,"valueName":"search_term_string"}}],"inLanguage":"fr-FR"}]}},"_links":{"self":[{"href":"https:\/\/trigon.ch\/fr\/wp-json\/wp\/v2\/pages\/2731","targetHints":{"allow":["GET"]}}],"collection":[{"href":"https:\/\/trigon.ch\/fr\/wp-json\/wp\/v2\/pages"}],"about":[{"href":"https:\/\/trigon.ch\/fr\/wp-json\/wp\/v2\/types\/page"}],"author":[{"embeddable":true,"href":"https:\/\/trigon.ch\/fr\/wp-json\/wp\/v2\/users\/1"}],"replies":[{"embeddable":true,"href":"https:\/\/trigon.ch\/fr\/wp-json\/wp\/v2\/comments?post=2731"}],"version-history":[{"count":0,"href":"https:\/\/trigon.ch\/fr\/wp-json\/wp\/v2\/pages\/2731\/revisions"}],"up":[{"embeddable":true,"href":"https:\/\/trigon.ch\/fr\/wp-json\/wp\/v2\/pages\/2643"}],"wp:attachment":[{"href":"https:\/\/trigon.ch\/fr\/wp-json\/wp\/v2\/media?parent=2731"}],"curies":[{"name":"wp","href":"https:\/\/api.w.org\/{rel}","templated":true}]}}