{"id":2735,"date":"2019-09-27T10:40:21","date_gmt":"2019-09-27T08:40:26","guid":{"rendered":"https:\/\/trigon.ch\/a-propos-de-trigon\/warum-trigon\/"},"modified":"2020-05-22T14:42:18","modified_gmt":"2020-05-22T12:42:18","slug":"pourquoi-trigon","status":"publish","type":"page","link":"https:\/\/trigon.ch\/fr\/a-propos-de-trigon\/pourquoi-trigon\/","title":{"rendered":"Pourquoi Trigon?"},"content":{"rendered":"","protected":false},"excerpt":{"rendered":"","protected":false},"author":1,"featured_media":1194,"parent":2643,"menu_order":2,"comment_status":"closed","ping_status":"closed","template":"","meta":{"_acf_changed":false,"inline_featured_image":false,"footnotes":""},"class_list":["post-2735","page","type-page","status-publish","has-post-thumbnail","hentry"],"acf":{"inhalts_module":[{"acf_fc_layout":"heading","seo_title":{"titel":"","tag":"div"},"headline":""},{"acf_fc_layout":"text","text":"<h1 style=\"text-align: center;\">Pourquoi choisir Trigon SA?<\/h1>\n<h5 style=\"text-align: center;\">Nous vous conseillons de demander cela \u00e0 nos clients ou aux fabricants avec lesquels nous travaillons. Nous vous mettons volontiers en contact avec nos partenaires de longue date. D&#8217;ici l\u00e0, nous nous permettons de vous r\u00e9pondre ceci:<\/h5>\n<p><strong>Notre exp\u00e9rience, notre expertise et notre ind\u00e9pendance.<\/strong> Ces qualit\u00e9s nous permettent de toujours faire le meilleur choix pour nos clients \u2212 pour une solution de r\u00e9seau flexible, \u00e9volutive et p\u00e9renne, qui r\u00e9pond aux besoins d&#8217;aujourd&#8217;hui et aux d\u00e9fis de demain.<\/p>\n<p><strong>Notre passion et notre curiosit\u00e9.<\/strong> Ces qualit\u00e9s nous am\u00e8nent r\u00e9guli\u00e8rement \u00e0 cr\u00e9er des solutions innovantes pour les besoins uniques et souvent complexes de nos clients. \u00c0 cette fin, nous vous guidons en toute s\u00e9curit\u00e9 \u00e0 travers le vaste spectre des composants et des fournisseurs, des derni\u00e8res technologies et tendances.<\/p>\n<p><strong>Notre int\u00e9grit\u00e9 et notre entrep\u00f4t bien assorti.<\/strong> Nous testons tous les syst\u00e8mes dans le laboratoire de Trigon et, sur demande, tout type de produit. Nous vendons uniquement ce qui nous satisfait. Nous avons des r\u00e9serves \u00e0 disposition dans notre entrep\u00f4t. Ainsi, vous avez la certitude de recevoir, en cas de besoin, un produit de remplacement en un clin d&#8217;\u0153il sans aucun risque douanier.<\/p>\n<p><strong>Notre conviction.<\/strong> Si un client h\u00e9site, nous pouvons installer la solution que nous recommandons \u00e0 titre d&#8217;essai. S&#8217;il est alors convaincu, tout est parfait. Dans le cas contraire, il peut utiliser la garantie de retour (qui n&#8217;a encore jamais \u00e9t\u00e9 exerc\u00e9e).<\/p>\n<p><strong>Notre service.<\/strong> Il va de soi que nous aimons vendre des produits de qualit\u00e9 qui nous satisfont. Mais ce qui nous fait \u00e9galement plaisir, c&#8217;est de pouvoir conseiller nos clients et \u00eatre \u00e0 leurs c\u00f4t\u00e9s &#8211; du conseil \u00e0 la r\u00e9alisation et au support, en passant par une compr\u00e9hension pr\u00e9cise des d\u00e9fis et des objectifs. Quant au support, il se caract\u00e9rise par sa proximit\u00e9: locale, linguistique et culturelle, sans oublier d&#8217;\u00eatre tr\u00e8s rapide.<\/p>\n<p>En parlant de proximit\u00e9. Nous sommes ici, sur le march\u00e9 suisse, nous parlons votre langue, et nous vous \u00e9coutons attentivement afin de bien comprendre vos probl\u00e8mes.<\/p>\n<p><strong>Notre engagement.<\/strong> Notre principale pr\u00e9occupation est d&#8217;obtenir un b\u00e9n\u00e9fice majeur pour nos clients. Nous vous promettons qu&#8217;avec Trigon, vous atteindrez vos objectifs dans le domaine du r\u00e9seau de mani\u00e8re efficace et rentable et que vous serez parfaitement \u00e9quip\u00e9 pour l&#8217;avenir en toute s\u00e9curit\u00e9 et en parfaite ind\u00e9pendance.<\/p>\n"}],"inhaltsmodule_clone":{"inhalts_module":[{"acf_fc_layout":"heading","seo_title":{"titel":"","tag":"div"},"headline":""},{"acf_fc_layout":"text","text":"<h1 style=\"text-align: center;\">Pourquoi choisir Trigon SA?<\/h1>\n<h5 style=\"text-align: center;\">Nous vous conseillons de demander cela \u00e0 nos clients ou aux fabricants avec lesquels nous travaillons. Nous vous mettons volontiers en contact avec nos partenaires de longue date. D&#8217;ici l\u00e0, nous nous permettons de vous r\u00e9pondre ceci:<\/h5>\n<p><strong>Notre exp\u00e9rience, notre expertise et notre ind\u00e9pendance.<\/strong> Ces qualit\u00e9s nous permettent de toujours faire le meilleur choix pour nos clients \u2212 pour une solution de r\u00e9seau flexible, \u00e9volutive et p\u00e9renne, qui r\u00e9pond aux besoins d&#8217;aujourd&#8217;hui et aux d\u00e9fis de demain.<\/p>\n<p><strong>Notre passion et notre curiosit\u00e9.<\/strong> Ces qualit\u00e9s nous am\u00e8nent r\u00e9guli\u00e8rement \u00e0 cr\u00e9er des solutions innovantes pour les besoins uniques et souvent complexes de nos clients. \u00c0 cette fin, nous vous guidons en toute s\u00e9curit\u00e9 \u00e0 travers le vaste spectre des composants et des fournisseurs, des derni\u00e8res technologies et tendances.<\/p>\n<p><strong>Notre int\u00e9grit\u00e9 et notre entrep\u00f4t bien assorti.<\/strong> Nous testons tous les syst\u00e8mes dans le laboratoire de Trigon et, sur demande, tout type de produit. Nous vendons uniquement ce qui nous satisfait. Nous avons des r\u00e9serves \u00e0 disposition dans notre entrep\u00f4t. Ainsi, vous avez la certitude de recevoir, en cas de besoin, un produit de remplacement en un clin d&#8217;\u0153il sans aucun risque douanier.<\/p>\n<p><strong>Notre conviction.<\/strong> Si un client h\u00e9site, nous pouvons installer la solution que nous recommandons \u00e0 titre d&#8217;essai. S&#8217;il est alors convaincu, tout est parfait. Dans le cas contraire, il peut utiliser la garantie de retour (qui n&#8217;a encore jamais \u00e9t\u00e9 exerc\u00e9e).<\/p>\n<p><strong>Notre service.<\/strong> Il va de soi que nous aimons vendre des produits de qualit\u00e9 qui nous satisfont. Mais ce qui nous fait \u00e9galement plaisir, c&#8217;est de pouvoir conseiller nos clients et \u00eatre \u00e0 leurs c\u00f4t\u00e9s &#8211; du conseil \u00e0 la r\u00e9alisation et au support, en passant par une compr\u00e9hension pr\u00e9cise des d\u00e9fis et des objectifs. Quant au support, il se caract\u00e9rise par sa proximit\u00e9: locale, linguistique et culturelle, sans oublier d&#8217;\u00eatre tr\u00e8s rapide.<\/p>\n<p>En parlant de proximit\u00e9. Nous sommes ici, sur le march\u00e9 suisse, nous parlons votre langue, et nous vous \u00e9coutons attentivement afin de bien comprendre vos probl\u00e8mes.<\/p>\n<p><strong>Notre engagement.<\/strong> Notre principale pr\u00e9occupation est d&#8217;obtenir un b\u00e9n\u00e9fice majeur pour nos clients. Nous vous promettons qu&#8217;avec Trigon, vous atteindrez vos objectifs dans le domaine du r\u00e9seau de mani\u00e8re efficace et rentable et que vous serez parfaitement \u00e9quip\u00e9 pour l&#8217;avenir en toute s\u00e9curit\u00e9 et en parfaite ind\u00e9pendance.<\/p>\n"}]},"feature_image_vertical_focus":"20"},"yoast_head":"<!-- This site is optimized with the Yoast SEO plugin v27.4 - https:\/\/yoast.com\/product\/yoast-seo-wordpress\/ -->\n<title>Pourquoi Trigon? | Trigon AG<\/title>\n<meta name=\"robots\" content=\"index, follow, max-snippet:-1, max-image-preview:large, max-video-preview:-1\" \/>\n<link rel=\"canonical\" href=\"https:\/\/trigon.ch\/fr\/a-propos-de-trigon\/pourquoi-trigon\/\" \/>\n<meta property=\"og:locale\" content=\"fr_FR\" \/>\n<meta property=\"og:type\" content=\"article\" \/>\n<meta property=\"og:title\" content=\"Pourquoi Trigon? | Trigon AG\" \/>\n<meta property=\"og:url\" content=\"https:\/\/trigon.ch\/fr\/a-propos-de-trigon\/pourquoi-trigon\/\" \/>\n<meta property=\"og:site_name\" content=\"Trigon AG\" \/>\n<meta property=\"article:modified_time\" content=\"2020-05-22T12:42:18+00:00\" \/>\n<meta property=\"og:image\" content=\"https:\/\/trigon.ch\/wp-content\/uploads\/2019\/11\/Gruppenfoto-Trigon.jpg\" \/>\n\t<meta property=\"og:image:width\" content=\"2000\" \/>\n\t<meta property=\"og:image:height\" content=\"1333\" \/>\n\t<meta property=\"og:image:type\" content=\"image\/jpeg\" \/>\n<meta name=\"twitter:card\" content=\"summary_large_image\" \/>\n<script type=\"application\/ld+json\" class=\"yoast-schema-graph\">{\"@context\":\"https:\\\/\\\/schema.org\",\"@graph\":[{\"@type\":\"WebPage\",\"@id\":\"https:\\\/\\\/trigon.ch\\\/fr\\\/a-propos-de-trigon\\\/pourquoi-trigon\\\/\",\"url\":\"https:\\\/\\\/trigon.ch\\\/fr\\\/a-propos-de-trigon\\\/pourquoi-trigon\\\/\",\"name\":\"Pourquoi Trigon? | Trigon AG\",\"isPartOf\":{\"@id\":\"https:\\\/\\\/trigon.ch\\\/#website\"},\"primaryImageOfPage\":{\"@id\":\"https:\\\/\\\/trigon.ch\\\/fr\\\/a-propos-de-trigon\\\/pourquoi-trigon\\\/#primaryimage\"},\"image\":{\"@id\":\"https:\\\/\\\/trigon.ch\\\/fr\\\/a-propos-de-trigon\\\/pourquoi-trigon\\\/#primaryimage\"},\"thumbnailUrl\":\"https:\\\/\\\/trigon.ch\\\/wp-content\\\/uploads\\\/2019\\\/11\\\/Gruppenfoto-Trigon.jpg\",\"datePublished\":\"2019-09-27T08:40:26+00:00\",\"dateModified\":\"2020-05-22T12:42:18+00:00\",\"breadcrumb\":{\"@id\":\"https:\\\/\\\/trigon.ch\\\/fr\\\/a-propos-de-trigon\\\/pourquoi-trigon\\\/#breadcrumb\"},\"inLanguage\":\"fr-FR\",\"potentialAction\":[{\"@type\":\"ReadAction\",\"target\":[\"https:\\\/\\\/trigon.ch\\\/fr\\\/a-propos-de-trigon\\\/pourquoi-trigon\\\/\"]}]},{\"@type\":\"ImageObject\",\"inLanguage\":\"fr-FR\",\"@id\":\"https:\\\/\\\/trigon.ch\\\/fr\\\/a-propos-de-trigon\\\/pourquoi-trigon\\\/#primaryimage\",\"url\":\"https:\\\/\\\/trigon.ch\\\/wp-content\\\/uploads\\\/2019\\\/11\\\/Gruppenfoto-Trigon.jpg\",\"contentUrl\":\"https:\\\/\\\/trigon.ch\\\/wp-content\\\/uploads\\\/2019\\\/11\\\/Gruppenfoto-Trigon.jpg\",\"width\":2000,\"height\":1333},{\"@type\":\"BreadcrumbList\",\"@id\":\"https:\\\/\\\/trigon.ch\\\/fr\\\/a-propos-de-trigon\\\/pourquoi-trigon\\\/#breadcrumb\",\"itemListElement\":[{\"@type\":\"ListItem\",\"position\":1,\"name\":\"Home\",\"item\":\"https:\\\/\\\/trigon.ch\\\/fr\\\/\"},{\"@type\":\"ListItem\",\"position\":2,\"name\":\"\u00c0 propos de Trigon\",\"item\":\"https:\\\/\\\/trigon.ch\\\/fr\\\/a-propos-de-trigon\\\/\"},{\"@type\":\"ListItem\",\"position\":3,\"name\":\"Pourquoi Trigon?\"}]},{\"@type\":\"WebSite\",\"@id\":\"https:\\\/\\\/trigon.ch\\\/#website\",\"url\":\"https:\\\/\\\/trigon.ch\\\/\",\"name\":\"Trigon AG\",\"description\":\"\",\"potentialAction\":[{\"@type\":\"SearchAction\",\"target\":{\"@type\":\"EntryPoint\",\"urlTemplate\":\"https:\\\/\\\/trigon.ch\\\/?s={search_term_string}\"},\"query-input\":{\"@type\":\"PropertyValueSpecification\",\"valueRequired\":true,\"valueName\":\"search_term_string\"}}],\"inLanguage\":\"fr-FR\"}]}<\/script>\n<!-- \/ Yoast SEO plugin. -->","yoast_head_json":{"title":"Pourquoi Trigon? | Trigon AG","robots":{"index":"index","follow":"follow","max-snippet":"max-snippet:-1","max-image-preview":"max-image-preview:large","max-video-preview":"max-video-preview:-1"},"canonical":"https:\/\/trigon.ch\/fr\/a-propos-de-trigon\/pourquoi-trigon\/","og_locale":"fr_FR","og_type":"article","og_title":"Pourquoi Trigon? | Trigon AG","og_url":"https:\/\/trigon.ch\/fr\/a-propos-de-trigon\/pourquoi-trigon\/","og_site_name":"Trigon AG","article_modified_time":"2020-05-22T12:42:18+00:00","og_image":[{"width":2000,"height":1333,"url":"https:\/\/trigon.ch\/wp-content\/uploads\/2019\/11\/Gruppenfoto-Trigon.jpg","type":"image\/jpeg"}],"twitter_card":"summary_large_image","schema":{"@context":"https:\/\/schema.org","@graph":[{"@type":"WebPage","@id":"https:\/\/trigon.ch\/fr\/a-propos-de-trigon\/pourquoi-trigon\/","url":"https:\/\/trigon.ch\/fr\/a-propos-de-trigon\/pourquoi-trigon\/","name":"Pourquoi Trigon? | Trigon AG","isPartOf":{"@id":"https:\/\/trigon.ch\/#website"},"primaryImageOfPage":{"@id":"https:\/\/trigon.ch\/fr\/a-propos-de-trigon\/pourquoi-trigon\/#primaryimage"},"image":{"@id":"https:\/\/trigon.ch\/fr\/a-propos-de-trigon\/pourquoi-trigon\/#primaryimage"},"thumbnailUrl":"https:\/\/trigon.ch\/wp-content\/uploads\/2019\/11\/Gruppenfoto-Trigon.jpg","datePublished":"2019-09-27T08:40:26+00:00","dateModified":"2020-05-22T12:42:18+00:00","breadcrumb":{"@id":"https:\/\/trigon.ch\/fr\/a-propos-de-trigon\/pourquoi-trigon\/#breadcrumb"},"inLanguage":"fr-FR","potentialAction":[{"@type":"ReadAction","target":["https:\/\/trigon.ch\/fr\/a-propos-de-trigon\/pourquoi-trigon\/"]}]},{"@type":"ImageObject","inLanguage":"fr-FR","@id":"https:\/\/trigon.ch\/fr\/a-propos-de-trigon\/pourquoi-trigon\/#primaryimage","url":"https:\/\/trigon.ch\/wp-content\/uploads\/2019\/11\/Gruppenfoto-Trigon.jpg","contentUrl":"https:\/\/trigon.ch\/wp-content\/uploads\/2019\/11\/Gruppenfoto-Trigon.jpg","width":2000,"height":1333},{"@type":"BreadcrumbList","@id":"https:\/\/trigon.ch\/fr\/a-propos-de-trigon\/pourquoi-trigon\/#breadcrumb","itemListElement":[{"@type":"ListItem","position":1,"name":"Home","item":"https:\/\/trigon.ch\/fr\/"},{"@type":"ListItem","position":2,"name":"\u00c0 propos de Trigon","item":"https:\/\/trigon.ch\/fr\/a-propos-de-trigon\/"},{"@type":"ListItem","position":3,"name":"Pourquoi Trigon?"}]},{"@type":"WebSite","@id":"https:\/\/trigon.ch\/#website","url":"https:\/\/trigon.ch\/","name":"Trigon AG","description":"","potentialAction":[{"@type":"SearchAction","target":{"@type":"EntryPoint","urlTemplate":"https:\/\/trigon.ch\/?s={search_term_string}"},"query-input":{"@type":"PropertyValueSpecification","valueRequired":true,"valueName":"search_term_string"}}],"inLanguage":"fr-FR"}]}},"_links":{"self":[{"href":"https:\/\/trigon.ch\/fr\/wp-json\/wp\/v2\/pages\/2735","targetHints":{"allow":["GET"]}}],"collection":[{"href":"https:\/\/trigon.ch\/fr\/wp-json\/wp\/v2\/pages"}],"about":[{"href":"https:\/\/trigon.ch\/fr\/wp-json\/wp\/v2\/types\/page"}],"author":[{"embeddable":true,"href":"https:\/\/trigon.ch\/fr\/wp-json\/wp\/v2\/users\/1"}],"replies":[{"embeddable":true,"href":"https:\/\/trigon.ch\/fr\/wp-json\/wp\/v2\/comments?post=2735"}],"version-history":[{"count":0,"href":"https:\/\/trigon.ch\/fr\/wp-json\/wp\/v2\/pages\/2735\/revisions"}],"up":[{"embeddable":true,"href":"https:\/\/trigon.ch\/fr\/wp-json\/wp\/v2\/pages\/2643"}],"wp:featuredmedia":[{"embeddable":true,"href":"https:\/\/trigon.ch\/fr\/wp-json\/wp\/v2\/media\/1194"}],"wp:attachment":[{"href":"https:\/\/trigon.ch\/fr\/wp-json\/wp\/v2\/media?parent=2735"}],"curies":[{"name":"wp","href":"https:\/\/api.w.org\/{rel}","templated":true}]}}