{"id":2741,"date":"2019-09-27T10:40:21","date_gmt":"2019-09-27T08:40:54","guid":{"rendered":"https:\/\/trigon.ch\/a-propos-de-trigon\/hersteller\/"},"modified":"2020-05-22T14:42:27","modified_gmt":"2020-05-22T12:42:27","slug":"fabricants","status":"publish","type":"page","link":"https:\/\/trigon.ch\/fr\/a-propos-de-trigon\/fabricants\/","title":{"rendered":"Fabricants"},"content":{"rendered":"","protected":false},"excerpt":{"rendered":"","protected":false},"author":1,"featured_media":0,"parent":2643,"menu_order":4,"comment_status":"closed","ping_status":"closed","template":"","meta":{"_acf_changed":false,"inline_featured_image":false,"footnotes":""},"class_list":["post-2741","page","type-page","status-publish","hentry"],"acf":{"inhalts_module":[{"acf_fc_layout":"text","text":"<h1 style=\"text-align: center;\">Mat\u00e9riel et logiciels pour r\u00e9seaux modernes<\/h1>\n<h5 style=\"text-align: center;\">Nous \u00e9valuons en permanence le meilleur mat\u00e9riel et les meilleurs logiciels pour les <a href=\"https:\/\/trigon.ch\/fr\/solutions-de-reseau\/wdm\/\">r\u00e9seaux WDM<\/a> performants, les <a href=\"https:\/\/trigon.ch\/fr\/solutions-de-reseau\/ftth\/\">solutions FTTx<\/a> rapides, le <a href=\"https:\/\/trigon.ch\/fr\/solutions-de-reseau\/iot-gateways-devices\/\">r\u00e9seau IoT<\/a> intelligent, les <a href=\"https:\/\/trigon.ch\/fr\/solutions-de-reseau\/mpls\/\">infrastructures critiques<\/a> stables et le <a href=\"https:\/\/trigon.ch\/fr\/gestion-de-reseau\/provisionnement\/\">provisionnement<\/a> intuitif dans le monde entier.<\/h5>\n<p>&nbsp;<\/p>\n<p>De la Su\u00e8de \u00e0 l&#8217;Isra\u00ebl, des \u00c9tats-Unis \u00e0 Ta\u00efwan, nous s\u00e9lectionnons des fabricants ax\u00e9s sur le long terme qui d\u00e9veloppent des solutions p\u00e9rennes offrant une plus-value \u00e0 nos clients.<\/p>\n<p>Notre objectif principal est de trouver des solutions conviviales et intuitives qui ne n\u00e9cessitent pas une longue formation. En tant que partenaire agr\u00e9\u00e9, partenaire de distribution, partenaire privil\u00e9gi\u00e9 ou partenaire Gold, nous garantissons les meilleures conditions dans le d\u00e9veloppement de produits, en \u00e9tant votre correspondant direct.<\/p>\n"},{"acf_fc_layout":"partners","seo_title":{"titel":"","tag":"div"},"show_all_partners":true,"taxonomy":false}],"inhaltsmodule_clone":{"inhalts_module":[{"acf_fc_layout":"text","text":"<h1 style=\"text-align: center;\">Mat\u00e9riel et logiciels pour r\u00e9seaux modernes<\/h1>\n<h5 style=\"text-align: center;\">Nous \u00e9valuons en permanence le meilleur mat\u00e9riel et les meilleurs logiciels pour les <a href=\"https:\/\/trigon.ch\/fr\/solutions-de-reseau\/wdm\/\">r\u00e9seaux WDM<\/a> performants, les <a href=\"https:\/\/trigon.ch\/fr\/solutions-de-reseau\/ftth\/\">solutions FTTx<\/a> rapides, le <a href=\"https:\/\/trigon.ch\/fr\/solutions-de-reseau\/iot-gateways-devices\/\">r\u00e9seau IoT<\/a> intelligent, les <a href=\"https:\/\/trigon.ch\/fr\/solutions-de-reseau\/mpls\/\">infrastructures critiques<\/a> stables et le <a href=\"https:\/\/trigon.ch\/fr\/gestion-de-reseau\/provisionnement\/\">provisionnement<\/a> intuitif dans le monde entier.<\/h5>\n<p>&nbsp;<\/p>\n<p>De la Su\u00e8de \u00e0 l&#8217;Isra\u00ebl, des \u00c9tats-Unis \u00e0 Ta\u00efwan, nous s\u00e9lectionnons des fabricants ax\u00e9s sur le long terme qui d\u00e9veloppent des solutions p\u00e9rennes offrant une plus-value \u00e0 nos clients.<\/p>\n<p>Notre objectif principal est de trouver des solutions conviviales et intuitives qui ne n\u00e9cessitent pas une longue formation. En tant que partenaire agr\u00e9\u00e9, partenaire de distribution, partenaire privil\u00e9gi\u00e9 ou partenaire Gold, nous garantissons les meilleures conditions dans le d\u00e9veloppement de produits, en \u00e9tant votre correspondant direct.<\/p>\n"},{"acf_fc_layout":"partners","seo_title":{"titel":"","tag":"div"},"show_all_partners":true,"taxonomy":false}]},"feature_image_vertical_focus":"50"},"yoast_head":"<!-- This site is optimized with the Yoast SEO plugin v27.4 - https:\/\/yoast.com\/product\/yoast-seo-wordpress\/ -->\n<title>Fabricants | Trigon AG<\/title>\n<meta name=\"robots\" content=\"index, follow, max-snippet:-1, max-image-preview:large, max-video-preview:-1\" \/>\n<link rel=\"canonical\" href=\"https:\/\/trigon.ch\/fr\/a-propos-de-trigon\/fabricants\/\" \/>\n<meta property=\"og:locale\" content=\"fr_FR\" \/>\n<meta property=\"og:type\" content=\"article\" \/>\n<meta property=\"og:title\" content=\"Fabricants | Trigon AG\" \/>\n<meta property=\"og:url\" content=\"https:\/\/trigon.ch\/fr\/a-propos-de-trigon\/fabricants\/\" \/>\n<meta property=\"og:site_name\" content=\"Trigon AG\" \/>\n<meta property=\"article:modified_time\" content=\"2020-05-22T12:42:27+00:00\" \/>\n<meta name=\"twitter:card\" content=\"summary_large_image\" \/>\n<script type=\"application\/ld+json\" class=\"yoast-schema-graph\">{\"@context\":\"https:\\\/\\\/schema.org\",\"@graph\":[{\"@type\":\"WebPage\",\"@id\":\"https:\\\/\\\/trigon.ch\\\/fr\\\/a-propos-de-trigon\\\/fabricants\\\/\",\"url\":\"https:\\\/\\\/trigon.ch\\\/fr\\\/a-propos-de-trigon\\\/fabricants\\\/\",\"name\":\"Fabricants | Trigon AG\",\"isPartOf\":{\"@id\":\"https:\\\/\\\/trigon.ch\\\/#website\"},\"datePublished\":\"2019-09-27T08:40:54+00:00\",\"dateModified\":\"2020-05-22T12:42:27+00:00\",\"breadcrumb\":{\"@id\":\"https:\\\/\\\/trigon.ch\\\/fr\\\/a-propos-de-trigon\\\/fabricants\\\/#breadcrumb\"},\"inLanguage\":\"fr-FR\",\"potentialAction\":[{\"@type\":\"ReadAction\",\"target\":[\"https:\\\/\\\/trigon.ch\\\/fr\\\/a-propos-de-trigon\\\/fabricants\\\/\"]}]},{\"@type\":\"BreadcrumbList\",\"@id\":\"https:\\\/\\\/trigon.ch\\\/fr\\\/a-propos-de-trigon\\\/fabricants\\\/#breadcrumb\",\"itemListElement\":[{\"@type\":\"ListItem\",\"position\":1,\"name\":\"Home\",\"item\":\"https:\\\/\\\/trigon.ch\\\/fr\\\/\"},{\"@type\":\"ListItem\",\"position\":2,\"name\":\"\u00c0 propos de Trigon\",\"item\":\"https:\\\/\\\/trigon.ch\\\/fr\\\/a-propos-de-trigon\\\/\"},{\"@type\":\"ListItem\",\"position\":3,\"name\":\"Fabricants\"}]},{\"@type\":\"WebSite\",\"@id\":\"https:\\\/\\\/trigon.ch\\\/#website\",\"url\":\"https:\\\/\\\/trigon.ch\\\/\",\"name\":\"Trigon AG\",\"description\":\"\",\"potentialAction\":[{\"@type\":\"SearchAction\",\"target\":{\"@type\":\"EntryPoint\",\"urlTemplate\":\"https:\\\/\\\/trigon.ch\\\/?s={search_term_string}\"},\"query-input\":{\"@type\":\"PropertyValueSpecification\",\"valueRequired\":true,\"valueName\":\"search_term_string\"}}],\"inLanguage\":\"fr-FR\"}]}<\/script>\n<!-- \/ Yoast SEO plugin. -->","yoast_head_json":{"title":"Fabricants | Trigon AG","robots":{"index":"index","follow":"follow","max-snippet":"max-snippet:-1","max-image-preview":"max-image-preview:large","max-video-preview":"max-video-preview:-1"},"canonical":"https:\/\/trigon.ch\/fr\/a-propos-de-trigon\/fabricants\/","og_locale":"fr_FR","og_type":"article","og_title":"Fabricants | Trigon AG","og_url":"https:\/\/trigon.ch\/fr\/a-propos-de-trigon\/fabricants\/","og_site_name":"Trigon AG","article_modified_time":"2020-05-22T12:42:27+00:00","twitter_card":"summary_large_image","schema":{"@context":"https:\/\/schema.org","@graph":[{"@type":"WebPage","@id":"https:\/\/trigon.ch\/fr\/a-propos-de-trigon\/fabricants\/","url":"https:\/\/trigon.ch\/fr\/a-propos-de-trigon\/fabricants\/","name":"Fabricants | Trigon AG","isPartOf":{"@id":"https:\/\/trigon.ch\/#website"},"datePublished":"2019-09-27T08:40:54+00:00","dateModified":"2020-05-22T12:42:27+00:00","breadcrumb":{"@id":"https:\/\/trigon.ch\/fr\/a-propos-de-trigon\/fabricants\/#breadcrumb"},"inLanguage":"fr-FR","potentialAction":[{"@type":"ReadAction","target":["https:\/\/trigon.ch\/fr\/a-propos-de-trigon\/fabricants\/"]}]},{"@type":"BreadcrumbList","@id":"https:\/\/trigon.ch\/fr\/a-propos-de-trigon\/fabricants\/#breadcrumb","itemListElement":[{"@type":"ListItem","position":1,"name":"Home","item":"https:\/\/trigon.ch\/fr\/"},{"@type":"ListItem","position":2,"name":"\u00c0 propos de Trigon","item":"https:\/\/trigon.ch\/fr\/a-propos-de-trigon\/"},{"@type":"ListItem","position":3,"name":"Fabricants"}]},{"@type":"WebSite","@id":"https:\/\/trigon.ch\/#website","url":"https:\/\/trigon.ch\/","name":"Trigon AG","description":"","potentialAction":[{"@type":"SearchAction","target":{"@type":"EntryPoint","urlTemplate":"https:\/\/trigon.ch\/?s={search_term_string}"},"query-input":{"@type":"PropertyValueSpecification","valueRequired":true,"valueName":"search_term_string"}}],"inLanguage":"fr-FR"}]}},"_links":{"self":[{"href":"https:\/\/trigon.ch\/fr\/wp-json\/wp\/v2\/pages\/2741","targetHints":{"allow":["GET"]}}],"collection":[{"href":"https:\/\/trigon.ch\/fr\/wp-json\/wp\/v2\/pages"}],"about":[{"href":"https:\/\/trigon.ch\/fr\/wp-json\/wp\/v2\/types\/page"}],"author":[{"embeddable":true,"href":"https:\/\/trigon.ch\/fr\/wp-json\/wp\/v2\/users\/1"}],"replies":[{"embeddable":true,"href":"https:\/\/trigon.ch\/fr\/wp-json\/wp\/v2\/comments?post=2741"}],"version-history":[{"count":0,"href":"https:\/\/trigon.ch\/fr\/wp-json\/wp\/v2\/pages\/2741\/revisions"}],"up":[{"embeddable":true,"href":"https:\/\/trigon.ch\/fr\/wp-json\/wp\/v2\/pages\/2643"}],"wp:attachment":[{"href":"https:\/\/trigon.ch\/fr\/wp-json\/wp\/v2\/media?parent=2741"}],"curies":[{"name":"wp","href":"https:\/\/api.w.org\/{rel}","templated":true}]}}