{"id":2746,"date":"2019-11-04T22:34:21","date_gmt":"2019-11-04T21:34:45","guid":{"rendered":"https:\/\/trigon.ch\/a-propos-de-trigon\/fabricants\/advantech\/"},"modified":"2020-05-22T14:42:30","modified_gmt":"2020-05-22T12:42:30","slug":"advantech-partenaire-distribution-suisse-trigon","status":"publish","type":"page","link":"https:\/\/trigon.ch\/fr\/a-propos-de-trigon\/fabricants\/advantech-partenaire-distribution-suisse-trigon\/","title":{"rendered":"Advantech"},"content":{"rendered":"","protected":false},"excerpt":{"rendered":"","protected":false},"author":2,"featured_media":0,"parent":2741,"menu_order":0,"comment_status":"closed","ping_status":"closed","template":"","meta":{"_acf_changed":false,"inline_featured_image":false,"footnotes":""},"class_list":["post-2746","page","type-page","status-publish","hentry"],"acf":{"inhalts_module":[{"acf_fc_layout":"text","text":"<h1 style=\"text-align: center;\">Trigon est le partenaire de distribution d&#8217;Advantech<\/h1>\n<h5 style=\"text-align: center;\">Advantech est le leader mondial des plates-formes de solutions int\u00e9gr\u00e9es et d&#8217;automatisation sp\u00e9cifiques aux <a href=\"https:\/\/trigon.ch\/fr\/solutions-de-reseau\/iot-gateways-devices\/\">int\u00e9grations de syst\u00e8mes IoT<\/a>.<\/h5>\n<p>Fond\u00e9e \u00e0 Ta\u00efwan en\u00a01981, l&#8217;entreprise s&#8217;est sp\u00e9cialis\u00e9e dans les services pour l&#8217;IoT industriel et le mat\u00e9riel pour l&#8217;Ethernet industriel, ainsi que dans les solutions intelligentes pour les villes intelligentes, les chemins de fer intelligents et la production intelligente.<\/p>\n<p>Le rachat de diff\u00e9rents fournisseurs sur des march\u00e9s de niche a permis \u00e0 Advantech de compl\u00e9ter son portefeuille dans les secteurs des routeurs mobiles, des passerelles et des convertisseurs de m\u00e9dias. Les produits Advantech sont particuli\u00e8rement convaincants dans le domaine des infrastructures critiques et des zones difficiles.<\/p>\n<p><a href=\"https:\/\/www.advantech.com\/\" target=\"_blank\" rel=\"noopener\"><img loading=\"lazy\" decoding=\"async\" class=\"alignleft wp-image-1333 \" src=\"https:\/\/trigon.ch\/wp-content\/uploads\/2019\/11\/Advantech-Logo-1.svg\" alt=\"Advantech Logo\" width=\"346\" height=\"91\" \/><\/a><\/p>\n<p><img loading=\"lazy\" decoding=\"async\" class=\"alignleft wp-image-1053 size-medium\" src=\"https:\/\/trigon.ch\/wp-content\/uploads\/2019\/11\/Advantech-Logo.svg\" alt=\"Advantech Logo\" width=\"1\" height=\"1\" \/><\/p>\n"},{"acf_fc_layout":"contact","team":{"ID":2786,"post_author":"1","post_date":"2019-09-27 12:12:58","post_date_gmt":"2019-09-27 10:12:45","post_content":"","post_title":"Rinaldo Zanella","post_excerpt":"","post_status":"private","comment_status":"closed","ping_status":"closed","post_password":"","post_name":"rinaldo-zanella-3","to_ping":"","pinged":"","post_modified":"2026-02-11 14:11:07","post_modified_gmt":"2026-02-11 13:11:07","post_content_filtered":"","post_parent":0,"guid":"https:\/\/trigon.ch\/?team=rinaldo-zanella-3","menu_order":3,"post_type":"team","post_mime_type":"","comment_count":"0","filter":"raw"},"text":"Vous souhaitez acheter les produits d'Advantech en Suisse? Laissez-nous vous conseiller."}],"inhaltsmodule_clone":{"inhalts_module":[{"acf_fc_layout":"text","text":"<h1 style=\"text-align: center;\">Trigon est le partenaire de distribution d&#8217;Advantech<\/h1>\n<h5 style=\"text-align: center;\">Advantech est le leader mondial des plates-formes de solutions int\u00e9gr\u00e9es et d&#8217;automatisation sp\u00e9cifiques aux <a href=\"https:\/\/trigon.ch\/fr\/solutions-de-reseau\/iot-gateways-devices\/\">int\u00e9grations de syst\u00e8mes IoT<\/a>.<\/h5>\n<p>Fond\u00e9e \u00e0 Ta\u00efwan en\u00a01981, l&#8217;entreprise s&#8217;est sp\u00e9cialis\u00e9e dans les services pour l&#8217;IoT industriel et le mat\u00e9riel pour l&#8217;Ethernet industriel, ainsi que dans les solutions intelligentes pour les villes intelligentes, les chemins de fer intelligents et la production intelligente.<\/p>\n<p>Le rachat de diff\u00e9rents fournisseurs sur des march\u00e9s de niche a permis \u00e0 Advantech de compl\u00e9ter son portefeuille dans les secteurs des routeurs mobiles, des passerelles et des convertisseurs de m\u00e9dias. Les produits Advantech sont particuli\u00e8rement convaincants dans le domaine des infrastructures critiques et des zones difficiles.<\/p>\n<p><a href=\"https:\/\/www.advantech.com\/\" target=\"_blank\" rel=\"noopener\"><img loading=\"lazy\" decoding=\"async\" class=\"alignleft wp-image-1333 \" src=\"https:\/\/trigon.ch\/wp-content\/uploads\/2019\/11\/Advantech-Logo-1.svg\" alt=\"Advantech Logo\" width=\"346\" height=\"91\" \/><\/a><\/p>\n<p><img loading=\"lazy\" decoding=\"async\" class=\"alignleft wp-image-1053 size-medium\" src=\"https:\/\/trigon.ch\/wp-content\/uploads\/2019\/11\/Advantech-Logo.svg\" alt=\"Advantech Logo\" width=\"1\" height=\"1\" \/><\/p>\n"},{"acf_fc_layout":"contact","team":{"ID":2786,"post_author":"1","post_date":"2019-09-27 12:12:58","post_date_gmt":"2019-09-27 10:12:45","post_content":"","post_title":"Rinaldo Zanella","post_excerpt":"","post_status":"private","comment_status":"closed","ping_status":"closed","post_password":"","post_name":"rinaldo-zanella-3","to_ping":"","pinged":"","post_modified":"2026-02-11 14:11:07","post_modified_gmt":"2026-02-11 13:11:07","post_content_filtered":"","post_parent":0,"guid":"https:\/\/trigon.ch\/?team=rinaldo-zanella-3","menu_order":3,"post_type":"team","post_mime_type":"","comment_count":"0","filter":"raw"},"text":"Vous souhaitez acheter les produits d'Advantech en Suisse? Laissez-nous vous conseiller."}]},"feature_image_vertical_focus":"50"},"yoast_head":"<!-- This site is optimized with the Yoast SEO plugin v27.4 - https:\/\/yoast.com\/product\/yoast-seo-wordpress\/ -->\n<title>Le partenaire de distribution d&#039;Advantech en Suisse | Trigon AG<\/title>\n<meta name=\"description\" content=\"La gamme de produits d\u2019Advantech convainc par son int\u00e9gration de syst\u00e8mes IoT. Faites-vous conseiller par Trigon lors de l&#039;achat d&#039;un produit Advantech en Suisse.\" \/>\n<meta name=\"robots\" content=\"index, follow, max-snippet:-1, max-image-preview:large, max-video-preview:-1\" \/>\n<link rel=\"canonical\" href=\"https:\/\/trigon.ch\/fr\/a-propos-de-trigon\/fabricants\/advantech-partenaire-distribution-suisse-trigon\/\" \/>\n<meta property=\"og:locale\" content=\"fr_FR\" \/>\n<meta property=\"og:type\" content=\"article\" \/>\n<meta property=\"og:title\" content=\"Le partenaire de distribution d&#039;Advantech en Suisse | Trigon AG\" \/>\n<meta property=\"og:description\" content=\"La gamme de produits d\u2019Advantech convainc par son int\u00e9gration de syst\u00e8mes IoT. Faites-vous conseiller par Trigon lors de l&#039;achat d&#039;un produit Advantech en Suisse.\" \/>\n<meta property=\"og:url\" content=\"https:\/\/trigon.ch\/fr\/a-propos-de-trigon\/fabricants\/advantech-partenaire-distribution-suisse-trigon\/\" \/>\n<meta property=\"og:site_name\" content=\"Trigon AG\" \/>\n<meta property=\"article:modified_time\" content=\"2020-05-22T12:42:30+00:00\" \/>\n<meta name=\"twitter:card\" content=\"summary_large_image\" \/>\n<script type=\"application\/ld+json\" class=\"yoast-schema-graph\">{\"@context\":\"https:\\\/\\\/schema.org\",\"@graph\":[{\"@type\":\"WebPage\",\"@id\":\"https:\\\/\\\/trigon.ch\\\/fr\\\/a-propos-de-trigon\\\/fabricants\\\/advantech-partenaire-distribution-suisse-trigon\\\/\",\"url\":\"https:\\\/\\\/trigon.ch\\\/fr\\\/a-propos-de-trigon\\\/fabricants\\\/advantech-partenaire-distribution-suisse-trigon\\\/\",\"name\":\"Le partenaire de distribution d'Advantech en Suisse | Trigon AG\",\"isPartOf\":{\"@id\":\"https:\\\/\\\/trigon.ch\\\/#website\"},\"datePublished\":\"2019-11-04T21:34:45+00:00\",\"dateModified\":\"2020-05-22T12:42:30+00:00\",\"description\":\"La gamme de produits d\u2019Advantech convainc par son int\u00e9gration de syst\u00e8mes IoT. Faites-vous conseiller par Trigon lors de l'achat d'un produit Advantech en Suisse.\",\"breadcrumb\":{\"@id\":\"https:\\\/\\\/trigon.ch\\\/fr\\\/a-propos-de-trigon\\\/fabricants\\\/advantech-partenaire-distribution-suisse-trigon\\\/#breadcrumb\"},\"inLanguage\":\"fr-FR\",\"potentialAction\":[{\"@type\":\"ReadAction\",\"target\":[\"https:\\\/\\\/trigon.ch\\\/fr\\\/a-propos-de-trigon\\\/fabricants\\\/advantech-partenaire-distribution-suisse-trigon\\\/\"]}]},{\"@type\":\"BreadcrumbList\",\"@id\":\"https:\\\/\\\/trigon.ch\\\/fr\\\/a-propos-de-trigon\\\/fabricants\\\/advantech-partenaire-distribution-suisse-trigon\\\/#breadcrumb\",\"itemListElement\":[{\"@type\":\"ListItem\",\"position\":1,\"name\":\"Home\",\"item\":\"https:\\\/\\\/trigon.ch\\\/fr\\\/\"},{\"@type\":\"ListItem\",\"position\":2,\"name\":\"\u00c0 propos de Trigon\",\"item\":\"https:\\\/\\\/trigon.ch\\\/fr\\\/a-propos-de-trigon\\\/\"},{\"@type\":\"ListItem\",\"position\":3,\"name\":\"Fabricants\",\"item\":\"https:\\\/\\\/trigon.ch\\\/fr\\\/a-propos-de-trigon\\\/fabricants\\\/\"},{\"@type\":\"ListItem\",\"position\":4,\"name\":\"Advantech\"}]},{\"@type\":\"WebSite\",\"@id\":\"https:\\\/\\\/trigon.ch\\\/#website\",\"url\":\"https:\\\/\\\/trigon.ch\\\/\",\"name\":\"Trigon AG\",\"description\":\"\",\"potentialAction\":[{\"@type\":\"SearchAction\",\"target\":{\"@type\":\"EntryPoint\",\"urlTemplate\":\"https:\\\/\\\/trigon.ch\\\/?s={search_term_string}\"},\"query-input\":{\"@type\":\"PropertyValueSpecification\",\"valueRequired\":true,\"valueName\":\"search_term_string\"}}],\"inLanguage\":\"fr-FR\"}]}<\/script>\n<!-- \/ Yoast SEO plugin. -->","yoast_head_json":{"title":"Le partenaire de distribution d'Advantech en Suisse | Trigon AG","description":"La gamme de produits d\u2019Advantech convainc par son int\u00e9gration de syst\u00e8mes IoT. Faites-vous conseiller par Trigon lors de l'achat d'un produit Advantech en Suisse.","robots":{"index":"index","follow":"follow","max-snippet":"max-snippet:-1","max-image-preview":"max-image-preview:large","max-video-preview":"max-video-preview:-1"},"canonical":"https:\/\/trigon.ch\/fr\/a-propos-de-trigon\/fabricants\/advantech-partenaire-distribution-suisse-trigon\/","og_locale":"fr_FR","og_type":"article","og_title":"Le partenaire de distribution d'Advantech en Suisse | Trigon AG","og_description":"La gamme de produits d\u2019Advantech convainc par son int\u00e9gration de syst\u00e8mes IoT. Faites-vous conseiller par Trigon lors de l'achat d'un produit Advantech en Suisse.","og_url":"https:\/\/trigon.ch\/fr\/a-propos-de-trigon\/fabricants\/advantech-partenaire-distribution-suisse-trigon\/","og_site_name":"Trigon AG","article_modified_time":"2020-05-22T12:42:30+00:00","twitter_card":"summary_large_image","schema":{"@context":"https:\/\/schema.org","@graph":[{"@type":"WebPage","@id":"https:\/\/trigon.ch\/fr\/a-propos-de-trigon\/fabricants\/advantech-partenaire-distribution-suisse-trigon\/","url":"https:\/\/trigon.ch\/fr\/a-propos-de-trigon\/fabricants\/advantech-partenaire-distribution-suisse-trigon\/","name":"Le partenaire de distribution d'Advantech en Suisse | Trigon AG","isPartOf":{"@id":"https:\/\/trigon.ch\/#website"},"datePublished":"2019-11-04T21:34:45+00:00","dateModified":"2020-05-22T12:42:30+00:00","description":"La gamme de produits d\u2019Advantech convainc par son int\u00e9gration de syst\u00e8mes IoT. Faites-vous conseiller par Trigon lors de l'achat d'un produit Advantech en Suisse.","breadcrumb":{"@id":"https:\/\/trigon.ch\/fr\/a-propos-de-trigon\/fabricants\/advantech-partenaire-distribution-suisse-trigon\/#breadcrumb"},"inLanguage":"fr-FR","potentialAction":[{"@type":"ReadAction","target":["https:\/\/trigon.ch\/fr\/a-propos-de-trigon\/fabricants\/advantech-partenaire-distribution-suisse-trigon\/"]}]},{"@type":"BreadcrumbList","@id":"https:\/\/trigon.ch\/fr\/a-propos-de-trigon\/fabricants\/advantech-partenaire-distribution-suisse-trigon\/#breadcrumb","itemListElement":[{"@type":"ListItem","position":1,"name":"Home","item":"https:\/\/trigon.ch\/fr\/"},{"@type":"ListItem","position":2,"name":"\u00c0 propos de Trigon","item":"https:\/\/trigon.ch\/fr\/a-propos-de-trigon\/"},{"@type":"ListItem","position":3,"name":"Fabricants","item":"https:\/\/trigon.ch\/fr\/a-propos-de-trigon\/fabricants\/"},{"@type":"ListItem","position":4,"name":"Advantech"}]},{"@type":"WebSite","@id":"https:\/\/trigon.ch\/#website","url":"https:\/\/trigon.ch\/","name":"Trigon AG","description":"","potentialAction":[{"@type":"SearchAction","target":{"@type":"EntryPoint","urlTemplate":"https:\/\/trigon.ch\/?s={search_term_string}"},"query-input":{"@type":"PropertyValueSpecification","valueRequired":true,"valueName":"search_term_string"}}],"inLanguage":"fr-FR"}]}},"_links":{"self":[{"href":"https:\/\/trigon.ch\/fr\/wp-json\/wp\/v2\/pages\/2746","targetHints":{"allow":["GET"]}}],"collection":[{"href":"https:\/\/trigon.ch\/fr\/wp-json\/wp\/v2\/pages"}],"about":[{"href":"https:\/\/trigon.ch\/fr\/wp-json\/wp\/v2\/types\/page"}],"author":[{"embeddable":true,"href":"https:\/\/trigon.ch\/fr\/wp-json\/wp\/v2\/users\/2"}],"replies":[{"embeddable":true,"href":"https:\/\/trigon.ch\/fr\/wp-json\/wp\/v2\/comments?post=2746"}],"version-history":[{"count":0,"href":"https:\/\/trigon.ch\/fr\/wp-json\/wp\/v2\/pages\/2746\/revisions"}],"up":[{"embeddable":true,"href":"https:\/\/trigon.ch\/fr\/wp-json\/wp\/v2\/pages\/2741"}],"wp:attachment":[{"href":"https:\/\/trigon.ch\/fr\/wp-json\/wp\/v2\/media?parent=2746"}],"curies":[{"name":"wp","href":"https:\/\/api.w.org\/{rel}","templated":true}]}}