{"id":2749,"date":"2019-11-04T22:50:21","date_gmt":"2019-11-04T21:50:14","guid":{"rendered":"https:\/\/trigon.ch\/a-propos-de-trigon\/fabricants\/genexis\/"},"modified":"2020-05-22T14:42:33","modified_gmt":"2020-05-22T12:42:33","slug":"genexis","status":"publish","type":"page","link":"https:\/\/trigon.ch\/fr\/a-propos-de-trigon\/fabricants\/genexis\/","title":{"rendered":"Genexis"},"content":{"rendered":"","protected":false},"excerpt":{"rendered":"","protected":false},"author":2,"featured_media":0,"parent":2741,"menu_order":1,"comment_status":"closed","ping_status":"closed","template":"","meta":{"_acf_changed":false,"inline_featured_image":false,"footnotes":""},"class_list":["post-2749","page","type-page","status-publish","hentry"],"acf":{"inhalts_module":[{"acf_fc_layout":"text","text":"<h1 style=\"text-align: center;\">Trigon est le \u00abpartenaire Gold\u00bb de Genexis<\/h1>\n<h5 style=\"text-align: center;\">Genexis est le leader europ\u00e9en de la production d&#8217;\u00e9quipements de fibre optique jusqu&#8217;au domicile (<a href=\"https:\/\/trigon.ch\/fr\/solutions-de-reseau\/ftth\/\">fiber-to-the-home, FTTH<\/a>).<\/h5>\n<p>Il s&#8217;agit d&#8217;un \u00e9l\u00e9ment crucial pour connecter l&#8217;utilisateur final au monde num\u00e9rique. Les produits de connectivit\u00e9 internes de haute qualit\u00e9 garantissent la satisfaction des clients de nos donneurs d&#8217;ordre qui comptent des entreprises d&#8217;approvisionnement, des op\u00e9rateurs de r\u00e9seau, des fournisseurs de services, des fournisseurs d&#8217;acc\u00e8s \u00e0 Internet, gr\u00e2ce \u00e0 une connectivit\u00e9 haut d\u00e9bit illimit\u00e9e bas\u00e9e sur la fibre optique, \u00e0 laquelle chaque habitant a acc\u00e8s \u00e0 tout moment. Des fonctions innovantes, telles que le Wifi interne ((avec lien interne vers la page FTTH)), rendent \u00e9galement ce fabricant unique.<\/p>\n<p>Nos clients et nous-m\u00eames faisons confiance \u00e0 la conception, la convivialit\u00e9, la flexibilit\u00e9, le rapport co\u00fbt-efficacit\u00e9, l&#8217;innovation, la fiabilit\u00e9 et la simplicit\u00e9 d&#8217;installation et de maintenance, assur\u00e9s de g\u00e9n\u00e9ration en g\u00e9n\u00e9ration.<\/p>\n<p><a href=\"https:\/\/genexis.eu\/\" target=\"_blank\" rel=\"noopener\"><img loading=\"lazy\" decoding=\"async\" class=\"wp-image-1419 alignleft\" src=\"https:\/\/trigon.ch\/wp-content\/uploads\/2019\/11\/Genexis1.svg\" alt=\"Genexis Logo\" width=\"353\" height=\"128\" \/><\/a><\/p>\n"},{"acf_fc_layout":"contact","team":{"ID":2790,"post_author":"1","post_date":"2019-09-27 12:12:58","post_date_gmt":"2019-09-27 10:12:19","post_content":"","post_title":"Christoph Good","post_excerpt":"","post_status":"private","comment_status":"closed","ping_status":"closed","post_password":"","post_name":"christoph-good-2","to_ping":"","pinged":"","post_modified":"2026-02-11 14:11:14","post_modified_gmt":"2026-02-11 13:11:14","post_content_filtered":"","post_parent":0,"guid":"https:\/\/trigon.ch\/?team=christoph-good-2","menu_order":4,"post_type":"team","post_mime_type":"","comment_count":"0","filter":"raw"},"text":"Vous souhaitez acheter les solutions de Genexis en Suisse? Laissez-nous vous conseiller!"}],"inhaltsmodule_clone":{"inhalts_module":[{"acf_fc_layout":"text","text":"<h1 style=\"text-align: center;\">Trigon est le \u00abpartenaire Gold\u00bb de Genexis<\/h1>\n<h5 style=\"text-align: center;\">Genexis est le leader europ\u00e9en de la production d&#8217;\u00e9quipements de fibre optique jusqu&#8217;au domicile (<a href=\"https:\/\/trigon.ch\/fr\/solutions-de-reseau\/ftth\/\">fiber-to-the-home, FTTH<\/a>).<\/h5>\n<p>Il s&#8217;agit d&#8217;un \u00e9l\u00e9ment crucial pour connecter l&#8217;utilisateur final au monde num\u00e9rique. Les produits de connectivit\u00e9 internes de haute qualit\u00e9 garantissent la satisfaction des clients de nos donneurs d&#8217;ordre qui comptent des entreprises d&#8217;approvisionnement, des op\u00e9rateurs de r\u00e9seau, des fournisseurs de services, des fournisseurs d&#8217;acc\u00e8s \u00e0 Internet, gr\u00e2ce \u00e0 une connectivit\u00e9 haut d\u00e9bit illimit\u00e9e bas\u00e9e sur la fibre optique, \u00e0 laquelle chaque habitant a acc\u00e8s \u00e0 tout moment. Des fonctions innovantes, telles que le Wifi interne ((avec lien interne vers la page FTTH)), rendent \u00e9galement ce fabricant unique.<\/p>\n<p>Nos clients et nous-m\u00eames faisons confiance \u00e0 la conception, la convivialit\u00e9, la flexibilit\u00e9, le rapport co\u00fbt-efficacit\u00e9, l&#8217;innovation, la fiabilit\u00e9 et la simplicit\u00e9 d&#8217;installation et de maintenance, assur\u00e9s de g\u00e9n\u00e9ration en g\u00e9n\u00e9ration.<\/p>\n<p><a href=\"https:\/\/genexis.eu\/\" target=\"_blank\" rel=\"noopener\"><img loading=\"lazy\" decoding=\"async\" class=\"wp-image-1419 alignleft\" src=\"https:\/\/trigon.ch\/wp-content\/uploads\/2019\/11\/Genexis1.svg\" alt=\"Genexis Logo\" width=\"353\" height=\"128\" \/><\/a><\/p>\n"},{"acf_fc_layout":"contact","team":{"ID":2790,"post_author":"1","post_date":"2019-09-27 12:12:58","post_date_gmt":"2019-09-27 10:12:19","post_content":"","post_title":"Christoph Good","post_excerpt":"","post_status":"private","comment_status":"closed","ping_status":"closed","post_password":"","post_name":"christoph-good-2","to_ping":"","pinged":"","post_modified":"2026-02-11 14:11:14","post_modified_gmt":"2026-02-11 13:11:14","post_content_filtered":"","post_parent":0,"guid":"https:\/\/trigon.ch\/?team=christoph-good-2","menu_order":4,"post_type":"team","post_mime_type":"","comment_count":"0","filter":"raw"},"text":"Vous souhaitez acheter les solutions de Genexis en Suisse? Laissez-nous vous conseiller!"}]},"feature_image_vertical_focus":"50"},"yoast_head":"<!-- This site is optimized with the Yoast SEO plugin v27.3 - https:\/\/yoast.com\/product\/yoast-seo-wordpress\/ -->\n<title>Le partenaire Gold de Genexis en Suisse | Trigon AG<\/title>\n<meta name=\"description\" content=\"Partenaire Gold de Genexis, Trigon est son partenaire commercial privil\u00e9gi\u00e9 en Suisse. Testez d\u00e8s maintenant les produits conviviaux pour le FTTH!\" \/>\n<meta name=\"robots\" content=\"index, follow, max-snippet:-1, max-image-preview:large, max-video-preview:-1\" \/>\n<link rel=\"canonical\" href=\"https:\/\/trigon.ch\/fr\/a-propos-de-trigon\/fabricants\/genexis\/\" \/>\n<meta property=\"og:locale\" content=\"fr_FR\" \/>\n<meta property=\"og:type\" content=\"article\" \/>\n<meta property=\"og:title\" content=\"Le partenaire Gold de Genexis en Suisse | Trigon AG\" \/>\n<meta property=\"og:description\" content=\"Partenaire Gold de Genexis, Trigon est son partenaire commercial privil\u00e9gi\u00e9 en Suisse. Testez d\u00e8s maintenant les produits conviviaux pour le FTTH!\" \/>\n<meta property=\"og:url\" content=\"https:\/\/trigon.ch\/fr\/a-propos-de-trigon\/fabricants\/genexis\/\" \/>\n<meta property=\"og:site_name\" content=\"Trigon AG\" \/>\n<meta property=\"article:modified_time\" content=\"2020-05-22T12:42:33+00:00\" \/>\n<meta name=\"twitter:card\" content=\"summary_large_image\" \/>\n<script type=\"application\/ld+json\" class=\"yoast-schema-graph\">{\"@context\":\"https:\\\/\\\/schema.org\",\"@graph\":[{\"@type\":\"WebPage\",\"@id\":\"https:\\\/\\\/trigon.ch\\\/fr\\\/a-propos-de-trigon\\\/fabricants\\\/genexis\\\/\",\"url\":\"https:\\\/\\\/trigon.ch\\\/fr\\\/a-propos-de-trigon\\\/fabricants\\\/genexis\\\/\",\"name\":\"Le partenaire Gold de Genexis en Suisse | Trigon AG\",\"isPartOf\":{\"@id\":\"https:\\\/\\\/trigon.ch\\\/#website\"},\"datePublished\":\"2019-11-04T21:50:14+00:00\",\"dateModified\":\"2020-05-22T12:42:33+00:00\",\"description\":\"Partenaire Gold de Genexis, Trigon est son partenaire commercial privil\u00e9gi\u00e9 en Suisse. Testez d\u00e8s maintenant les produits conviviaux pour le FTTH!\",\"breadcrumb\":{\"@id\":\"https:\\\/\\\/trigon.ch\\\/fr\\\/a-propos-de-trigon\\\/fabricants\\\/genexis\\\/#breadcrumb\"},\"inLanguage\":\"fr-FR\",\"potentialAction\":[{\"@type\":\"ReadAction\",\"target\":[\"https:\\\/\\\/trigon.ch\\\/fr\\\/a-propos-de-trigon\\\/fabricants\\\/genexis\\\/\"]}]},{\"@type\":\"BreadcrumbList\",\"@id\":\"https:\\\/\\\/trigon.ch\\\/fr\\\/a-propos-de-trigon\\\/fabricants\\\/genexis\\\/#breadcrumb\",\"itemListElement\":[{\"@type\":\"ListItem\",\"position\":1,\"name\":\"Home\",\"item\":\"https:\\\/\\\/trigon.ch\\\/fr\\\/\"},{\"@type\":\"ListItem\",\"position\":2,\"name\":\"\u00c0 propos de Trigon\",\"item\":\"https:\\\/\\\/trigon.ch\\\/fr\\\/a-propos-de-trigon\\\/\"},{\"@type\":\"ListItem\",\"position\":3,\"name\":\"Fabricants\",\"item\":\"https:\\\/\\\/trigon.ch\\\/fr\\\/a-propos-de-trigon\\\/fabricants\\\/\"},{\"@type\":\"ListItem\",\"position\":4,\"name\":\"Genexis\"}]},{\"@type\":\"WebSite\",\"@id\":\"https:\\\/\\\/trigon.ch\\\/#website\",\"url\":\"https:\\\/\\\/trigon.ch\\\/\",\"name\":\"Trigon AG\",\"description\":\"\",\"potentialAction\":[{\"@type\":\"SearchAction\",\"target\":{\"@type\":\"EntryPoint\",\"urlTemplate\":\"https:\\\/\\\/trigon.ch\\\/?s={search_term_string}\"},\"query-input\":{\"@type\":\"PropertyValueSpecification\",\"valueRequired\":true,\"valueName\":\"search_term_string\"}}],\"inLanguage\":\"fr-FR\"}]}<\/script>\n<!-- \/ Yoast SEO plugin. -->","yoast_head_json":{"title":"Le partenaire Gold de Genexis en Suisse | Trigon AG","description":"Partenaire Gold de Genexis, Trigon est son partenaire commercial privil\u00e9gi\u00e9 en Suisse. Testez d\u00e8s maintenant les produits conviviaux pour le FTTH!","robots":{"index":"index","follow":"follow","max-snippet":"max-snippet:-1","max-image-preview":"max-image-preview:large","max-video-preview":"max-video-preview:-1"},"canonical":"https:\/\/trigon.ch\/fr\/a-propos-de-trigon\/fabricants\/genexis\/","og_locale":"fr_FR","og_type":"article","og_title":"Le partenaire Gold de Genexis en Suisse | Trigon AG","og_description":"Partenaire Gold de Genexis, Trigon est son partenaire commercial privil\u00e9gi\u00e9 en Suisse. Testez d\u00e8s maintenant les produits conviviaux pour le FTTH!","og_url":"https:\/\/trigon.ch\/fr\/a-propos-de-trigon\/fabricants\/genexis\/","og_site_name":"Trigon AG","article_modified_time":"2020-05-22T12:42:33+00:00","twitter_card":"summary_large_image","schema":{"@context":"https:\/\/schema.org","@graph":[{"@type":"WebPage","@id":"https:\/\/trigon.ch\/fr\/a-propos-de-trigon\/fabricants\/genexis\/","url":"https:\/\/trigon.ch\/fr\/a-propos-de-trigon\/fabricants\/genexis\/","name":"Le partenaire Gold de Genexis en Suisse | Trigon AG","isPartOf":{"@id":"https:\/\/trigon.ch\/#website"},"datePublished":"2019-11-04T21:50:14+00:00","dateModified":"2020-05-22T12:42:33+00:00","description":"Partenaire Gold de Genexis, Trigon est son partenaire commercial privil\u00e9gi\u00e9 en Suisse. Testez d\u00e8s maintenant les produits conviviaux pour le FTTH!","breadcrumb":{"@id":"https:\/\/trigon.ch\/fr\/a-propos-de-trigon\/fabricants\/genexis\/#breadcrumb"},"inLanguage":"fr-FR","potentialAction":[{"@type":"ReadAction","target":["https:\/\/trigon.ch\/fr\/a-propos-de-trigon\/fabricants\/genexis\/"]}]},{"@type":"BreadcrumbList","@id":"https:\/\/trigon.ch\/fr\/a-propos-de-trigon\/fabricants\/genexis\/#breadcrumb","itemListElement":[{"@type":"ListItem","position":1,"name":"Home","item":"https:\/\/trigon.ch\/fr\/"},{"@type":"ListItem","position":2,"name":"\u00c0 propos de Trigon","item":"https:\/\/trigon.ch\/fr\/a-propos-de-trigon\/"},{"@type":"ListItem","position":3,"name":"Fabricants","item":"https:\/\/trigon.ch\/fr\/a-propos-de-trigon\/fabricants\/"},{"@type":"ListItem","position":4,"name":"Genexis"}]},{"@type":"WebSite","@id":"https:\/\/trigon.ch\/#website","url":"https:\/\/trigon.ch\/","name":"Trigon AG","description":"","potentialAction":[{"@type":"SearchAction","target":{"@type":"EntryPoint","urlTemplate":"https:\/\/trigon.ch\/?s={search_term_string}"},"query-input":{"@type":"PropertyValueSpecification","valueRequired":true,"valueName":"search_term_string"}}],"inLanguage":"fr-FR"}]}},"_links":{"self":[{"href":"https:\/\/trigon.ch\/fr\/wp-json\/wp\/v2\/pages\/2749","targetHints":{"allow":["GET"]}}],"collection":[{"href":"https:\/\/trigon.ch\/fr\/wp-json\/wp\/v2\/pages"}],"about":[{"href":"https:\/\/trigon.ch\/fr\/wp-json\/wp\/v2\/types\/page"}],"author":[{"embeddable":true,"href":"https:\/\/trigon.ch\/fr\/wp-json\/wp\/v2\/users\/2"}],"replies":[{"embeddable":true,"href":"https:\/\/trigon.ch\/fr\/wp-json\/wp\/v2\/comments?post=2749"}],"version-history":[{"count":0,"href":"https:\/\/trigon.ch\/fr\/wp-json\/wp\/v2\/pages\/2749\/revisions"}],"up":[{"embeddable":true,"href":"https:\/\/trigon.ch\/fr\/wp-json\/wp\/v2\/pages\/2741"}],"wp:attachment":[{"href":"https:\/\/trigon.ch\/fr\/wp-json\/wp\/v2\/media?parent=2749"}],"curies":[{"name":"wp","href":"https:\/\/api.w.org\/{rel}","templated":true}]}}