{"id":2752,"date":"2019-11-04T22:22:21","date_gmt":"2019-11-04T21:22:11","guid":{"rendered":"https:\/\/trigon.ch\/a-propos-de-trigon\/fabricants\/infinera\/"},"modified":"2020-05-22T14:42:36","modified_gmt":"2020-05-22T12:42:36","slug":"infinera","status":"publish","type":"page","link":"https:\/\/trigon.ch\/fr\/a-propos-de-trigon\/fabricants\/infinera\/","title":{"rendered":"Infinera"},"content":{"rendered":"","protected":false},"excerpt":{"rendered":"","protected":false},"author":2,"featured_media":0,"parent":2741,"menu_order":2,"comment_status":"closed","ping_status":"closed","template":"","meta":{"_acf_changed":false,"inline_featured_image":false,"footnotes":""},"class_list":["post-2752","page","type-page","status-publish","hentry"],"acf":{"inhalts_module":[{"acf_fc_layout":"text","text":"<h1>Trigon est le \u00abpartenaire Gold\u00bb d&#8217;Infinera<\/h1>\n<p>Infinera offre la gamme de produits la plus compl\u00e8te parmi les fabricants de <a href=\"https:\/\/trigon.ch\/fr\/solutions-de-reseau\/wdm\/\">WDM<\/a>. En tant que partenaire Gold, nous avons acc\u00e8s \u00e0 des solutions p\u00e9rennes qui offrent une base stable pour les op\u00e9rateurs de niveau 1 exigeants, les fournisseurs de contenu Internet, les c\u00e2blodistributeurs, les autorit\u00e9s publiques et les r\u00e9seaux d&#8217;entreprise.<\/p>\n<p>Les solutions de transport optique de paquets multicouches sur IP de bout en bout permettent \u00e0 nos clients de redimensionner la bande passante au besoin, d&#8217;acc\u00e9l\u00e9rer la fourniture de services et d&#8217;automatiser les t\u00e2ches.<\/p>\n<p><a href=\"https:\/\/www.infinera.com\/\" target=\"_blank\" rel=\"noopener\"><img loading=\"lazy\" decoding=\"async\" class=\"wp-image-1328 alignleft\" src=\"https:\/\/trigon.ch\/wp-content\/uploads\/2019\/11\/Infinera-Logo.svg\" alt=\"Infinera Logo\" width=\"345\" height=\"86\" \/><\/a><\/p>\n"},{"acf_fc_layout":"contact","team":{"ID":2799,"post_author":"1","post_date":"2019-09-27 12:14:58","post_date_gmt":"2019-09-27 10:14:17","post_content":"","post_title":"Daniel Grob","post_excerpt":"","post_status":"private","comment_status":"closed","ping_status":"closed","post_password":"","post_name":"daniel-grob-2","to_ping":"","pinged":"","post_modified":"2026-02-11 14:11:25","post_modified_gmt":"2026-02-11 13:11:25","post_content_filtered":"","post_parent":0,"guid":"https:\/\/trigon.ch\/?team=daniel-grob-2","menu_order":6,"post_type":"team","post_mime_type":"","comment_count":"0","filter":"raw"},"text":"Vous souhaitez acheter les solutions d'Infinera en Suisse? Appelez-nous!"}],"inhaltsmodule_clone":{"inhalts_module":[{"acf_fc_layout":"text","text":"<h1>Trigon est le \u00abpartenaire Gold\u00bb d&#8217;Infinera<\/h1>\n<p>Infinera offre la gamme de produits la plus compl\u00e8te parmi les fabricants de <a href=\"https:\/\/trigon.ch\/fr\/solutions-de-reseau\/wdm\/\">WDM<\/a>. En tant que partenaire Gold, nous avons acc\u00e8s \u00e0 des solutions p\u00e9rennes qui offrent une base stable pour les op\u00e9rateurs de niveau 1 exigeants, les fournisseurs de contenu Internet, les c\u00e2blodistributeurs, les autorit\u00e9s publiques et les r\u00e9seaux d&#8217;entreprise.<\/p>\n<p>Les solutions de transport optique de paquets multicouches sur IP de bout en bout permettent \u00e0 nos clients de redimensionner la bande passante au besoin, d&#8217;acc\u00e9l\u00e9rer la fourniture de services et d&#8217;automatiser les t\u00e2ches.<\/p>\n<p><a href=\"https:\/\/www.infinera.com\/\" target=\"_blank\" rel=\"noopener\"><img loading=\"lazy\" decoding=\"async\" class=\"wp-image-1328 alignleft\" src=\"https:\/\/trigon.ch\/wp-content\/uploads\/2019\/11\/Infinera-Logo.svg\" alt=\"Infinera Logo\" width=\"345\" height=\"86\" \/><\/a><\/p>\n"},{"acf_fc_layout":"contact","team":{"ID":2799,"post_author":"1","post_date":"2019-09-27 12:14:58","post_date_gmt":"2019-09-27 10:14:17","post_content":"","post_title":"Daniel Grob","post_excerpt":"","post_status":"private","comment_status":"closed","ping_status":"closed","post_password":"","post_name":"daniel-grob-2","to_ping":"","pinged":"","post_modified":"2026-02-11 14:11:25","post_modified_gmt":"2026-02-11 13:11:25","post_content_filtered":"","post_parent":0,"guid":"https:\/\/trigon.ch\/?team=daniel-grob-2","menu_order":6,"post_type":"team","post_mime_type":"","comment_count":"0","filter":"raw"},"text":"Vous souhaitez acheter les solutions d'Infinera en Suisse? Appelez-nous!"}]},"feature_image_vertical_focus":"50"},"yoast_head":"<!-- This site is optimized with the Yoast SEO plugin v27.4 - https:\/\/yoast.com\/product\/yoast-seo-wordpress\/ -->\n<title>Partenaire Gold d&#039;Infinera Trigon | Trigon AG<\/title>\n<meta name=\"description\" content=\"Vous souhaitez acheter un r\u00e9seau WDM d&#039;Infinera? En tant qu&#039;unique partenaire Gold d&#039;Infinera en Suisse, nous avons plus de 15 ans d&#039;exp\u00e9rience. En savoir plus!\" \/>\n<meta name=\"robots\" content=\"index, follow, max-snippet:-1, max-image-preview:large, max-video-preview:-1\" \/>\n<link rel=\"canonical\" href=\"https:\/\/trigon.ch\/fr\/a-propos-de-trigon\/fabricants\/infinera\/\" \/>\n<meta property=\"og:locale\" content=\"fr_FR\" \/>\n<meta property=\"og:type\" content=\"article\" \/>\n<meta property=\"og:title\" content=\"Partenaire Gold d&#039;Infinera Trigon | Trigon AG\" \/>\n<meta property=\"og:description\" content=\"Vous souhaitez acheter un r\u00e9seau WDM d&#039;Infinera? En tant qu&#039;unique partenaire Gold d&#039;Infinera en Suisse, nous avons plus de 15 ans d&#039;exp\u00e9rience. En savoir plus!\" \/>\n<meta property=\"og:url\" content=\"https:\/\/trigon.ch\/fr\/a-propos-de-trigon\/fabricants\/infinera\/\" \/>\n<meta property=\"og:site_name\" content=\"Trigon AG\" \/>\n<meta property=\"article:modified_time\" content=\"2020-05-22T12:42:36+00:00\" \/>\n<meta name=\"twitter:card\" content=\"summary_large_image\" \/>\n<script type=\"application\/ld+json\" class=\"yoast-schema-graph\">{\"@context\":\"https:\\\/\\\/schema.org\",\"@graph\":[{\"@type\":\"WebPage\",\"@id\":\"https:\\\/\\\/trigon.ch\\\/fr\\\/a-propos-de-trigon\\\/fabricants\\\/infinera\\\/\",\"url\":\"https:\\\/\\\/trigon.ch\\\/fr\\\/a-propos-de-trigon\\\/fabricants\\\/infinera\\\/\",\"name\":\"Partenaire Gold d'Infinera Trigon | Trigon AG\",\"isPartOf\":{\"@id\":\"https:\\\/\\\/trigon.ch\\\/#website\"},\"datePublished\":\"2019-11-04T21:22:11+00:00\",\"dateModified\":\"2020-05-22T12:42:36+00:00\",\"description\":\"Vous souhaitez acheter un r\u00e9seau WDM d'Infinera? En tant qu'unique partenaire Gold d'Infinera en Suisse, nous avons plus de 15 ans d'exp\u00e9rience. En savoir plus!\",\"breadcrumb\":{\"@id\":\"https:\\\/\\\/trigon.ch\\\/fr\\\/a-propos-de-trigon\\\/fabricants\\\/infinera\\\/#breadcrumb\"},\"inLanguage\":\"fr-FR\",\"potentialAction\":[{\"@type\":\"ReadAction\",\"target\":[\"https:\\\/\\\/trigon.ch\\\/fr\\\/a-propos-de-trigon\\\/fabricants\\\/infinera\\\/\"]}]},{\"@type\":\"BreadcrumbList\",\"@id\":\"https:\\\/\\\/trigon.ch\\\/fr\\\/a-propos-de-trigon\\\/fabricants\\\/infinera\\\/#breadcrumb\",\"itemListElement\":[{\"@type\":\"ListItem\",\"position\":1,\"name\":\"Home\",\"item\":\"https:\\\/\\\/trigon.ch\\\/fr\\\/\"},{\"@type\":\"ListItem\",\"position\":2,\"name\":\"\u00c0 propos de Trigon\",\"item\":\"https:\\\/\\\/trigon.ch\\\/fr\\\/a-propos-de-trigon\\\/\"},{\"@type\":\"ListItem\",\"position\":3,\"name\":\"Fabricants\",\"item\":\"https:\\\/\\\/trigon.ch\\\/fr\\\/a-propos-de-trigon\\\/fabricants\\\/\"},{\"@type\":\"ListItem\",\"position\":4,\"name\":\"Infinera\"}]},{\"@type\":\"WebSite\",\"@id\":\"https:\\\/\\\/trigon.ch\\\/#website\",\"url\":\"https:\\\/\\\/trigon.ch\\\/\",\"name\":\"Trigon AG\",\"description\":\"\",\"potentialAction\":[{\"@type\":\"SearchAction\",\"target\":{\"@type\":\"EntryPoint\",\"urlTemplate\":\"https:\\\/\\\/trigon.ch\\\/?s={search_term_string}\"},\"query-input\":{\"@type\":\"PropertyValueSpecification\",\"valueRequired\":true,\"valueName\":\"search_term_string\"}}],\"inLanguage\":\"fr-FR\"}]}<\/script>\n<!-- \/ Yoast SEO plugin. -->","yoast_head_json":{"title":"Partenaire Gold d'Infinera Trigon | Trigon AG","description":"Vous souhaitez acheter un r\u00e9seau WDM d'Infinera? En tant qu'unique partenaire Gold d'Infinera en Suisse, nous avons plus de 15 ans d'exp\u00e9rience. En savoir plus!","robots":{"index":"index","follow":"follow","max-snippet":"max-snippet:-1","max-image-preview":"max-image-preview:large","max-video-preview":"max-video-preview:-1"},"canonical":"https:\/\/trigon.ch\/fr\/a-propos-de-trigon\/fabricants\/infinera\/","og_locale":"fr_FR","og_type":"article","og_title":"Partenaire Gold d'Infinera Trigon | Trigon AG","og_description":"Vous souhaitez acheter un r\u00e9seau WDM d'Infinera? En tant qu'unique partenaire Gold d'Infinera en Suisse, nous avons plus de 15 ans d'exp\u00e9rience. En savoir plus!","og_url":"https:\/\/trigon.ch\/fr\/a-propos-de-trigon\/fabricants\/infinera\/","og_site_name":"Trigon AG","article_modified_time":"2020-05-22T12:42:36+00:00","twitter_card":"summary_large_image","schema":{"@context":"https:\/\/schema.org","@graph":[{"@type":"WebPage","@id":"https:\/\/trigon.ch\/fr\/a-propos-de-trigon\/fabricants\/infinera\/","url":"https:\/\/trigon.ch\/fr\/a-propos-de-trigon\/fabricants\/infinera\/","name":"Partenaire Gold d'Infinera Trigon | Trigon AG","isPartOf":{"@id":"https:\/\/trigon.ch\/#website"},"datePublished":"2019-11-04T21:22:11+00:00","dateModified":"2020-05-22T12:42:36+00:00","description":"Vous souhaitez acheter un r\u00e9seau WDM d'Infinera? En tant qu'unique partenaire Gold d'Infinera en Suisse, nous avons plus de 15 ans d'exp\u00e9rience. En savoir plus!","breadcrumb":{"@id":"https:\/\/trigon.ch\/fr\/a-propos-de-trigon\/fabricants\/infinera\/#breadcrumb"},"inLanguage":"fr-FR","potentialAction":[{"@type":"ReadAction","target":["https:\/\/trigon.ch\/fr\/a-propos-de-trigon\/fabricants\/infinera\/"]}]},{"@type":"BreadcrumbList","@id":"https:\/\/trigon.ch\/fr\/a-propos-de-trigon\/fabricants\/infinera\/#breadcrumb","itemListElement":[{"@type":"ListItem","position":1,"name":"Home","item":"https:\/\/trigon.ch\/fr\/"},{"@type":"ListItem","position":2,"name":"\u00c0 propos de Trigon","item":"https:\/\/trigon.ch\/fr\/a-propos-de-trigon\/"},{"@type":"ListItem","position":3,"name":"Fabricants","item":"https:\/\/trigon.ch\/fr\/a-propos-de-trigon\/fabricants\/"},{"@type":"ListItem","position":4,"name":"Infinera"}]},{"@type":"WebSite","@id":"https:\/\/trigon.ch\/#website","url":"https:\/\/trigon.ch\/","name":"Trigon AG","description":"","potentialAction":[{"@type":"SearchAction","target":{"@type":"EntryPoint","urlTemplate":"https:\/\/trigon.ch\/?s={search_term_string}"},"query-input":{"@type":"PropertyValueSpecification","valueRequired":true,"valueName":"search_term_string"}}],"inLanguage":"fr-FR"}]}},"_links":{"self":[{"href":"https:\/\/trigon.ch\/fr\/wp-json\/wp\/v2\/pages\/2752","targetHints":{"allow":["GET"]}}],"collection":[{"href":"https:\/\/trigon.ch\/fr\/wp-json\/wp\/v2\/pages"}],"about":[{"href":"https:\/\/trigon.ch\/fr\/wp-json\/wp\/v2\/types\/page"}],"author":[{"embeddable":true,"href":"https:\/\/trigon.ch\/fr\/wp-json\/wp\/v2\/users\/2"}],"replies":[{"embeddable":true,"href":"https:\/\/trigon.ch\/fr\/wp-json\/wp\/v2\/comments?post=2752"}],"version-history":[{"count":0,"href":"https:\/\/trigon.ch\/fr\/wp-json\/wp\/v2\/pages\/2752\/revisions"}],"up":[{"embeddable":true,"href":"https:\/\/trigon.ch\/fr\/wp-json\/wp\/v2\/pages\/2741"}],"wp:attachment":[{"href":"https:\/\/trigon.ch\/fr\/wp-json\/wp\/v2\/media?parent=2752"}],"curies":[{"name":"wp","href":"https:\/\/api.w.org\/{rel}","templated":true}]}}