{"id":2755,"date":"2019-11-06T22:42:21","date_gmt":"2019-11-06T21:42:52","guid":{"rendered":"https:\/\/trigon.ch\/a-propos-de-trigon\/fabricants\/huawei\/"},"modified":"2020-05-22T14:42:40","modified_gmt":"2020-05-22T12:42:40","slug":"huawei","status":"publish","type":"page","link":"https:\/\/trigon.ch\/fr\/a-propos-de-trigon\/fabricants\/huawei\/","title":{"rendered":"Huawei"},"content":{"rendered":"","protected":false},"excerpt":{"rendered":"","protected":false},"author":2,"featured_media":0,"parent":2741,"menu_order":3,"comment_status":"closed","ping_status":"closed","template":"","meta":{"_acf_changed":false,"inline_featured_image":false,"footnotes":""},"class_list":["post-2755","page","type-page","status-publish","hentry"],"acf":{"inhalts_module":[{"acf_fc_layout":"text","text":"<h1 style=\"text-align: center;\">Trigon est le partenaire commercial de Huawei en Suisse<\/h1>\n<h5 style=\"text-align: center;\">Huawei est connu pour le d\u00e9veloppement et la fabrication d&#8217;appareils dans le domaine de la technologie de communication.<\/h5>\n<p>Cela englobe les communications mobiles (UMTS, GSM, GPRS, GSM-R, WiMAX), ainsi que le xDSL, les r\u00e9seaux optiques et les p\u00e9riph\u00e9riques. L&#8217;entreprise bas\u00e9e \u00e0 Shenzhen est aujourd&#8217;hui encore d\u00e9tenue \u00e0 100\u00a0% par ses 180\u00a0000\u00a0employ\u00e9s. 36\u00a0centres d&#8217;innovation et 14\u00a0instituts de recherche et d\u00e9veloppement mettent r\u00e9guli\u00e8rement au point des innovations dans le monde entier.<\/p>\n<p>Pour nos clients, les commutateurs utilis\u00e9s dans les domaines du <a href=\"https:\/\/trigon.ch\/fr\/solutions-de-reseau\/ftth\/\">FTTH<\/a> et des centres de donn\u00e9es sont particuli\u00e8rement utiles pour la conception p\u00e9renne de leur infrastructure r\u00e9seau.<\/p>\n<p><a href=\"https:\/\/www.huawei.com\/\" target=\"_blank\" rel=\"noopener\"><img loading=\"lazy\" decoding=\"async\" class=\"wp-image-1564 alignleft\" src=\"https:\/\/trigon.ch\/wp-content\/uploads\/2019\/11\/huawei-1.svg\" alt=\"Huawei Logo\" width=\"265\" height=\"142\" \/><\/a><\/p>\n"},{"acf_fc_layout":"contact","team":{"ID":2786,"post_author":"1","post_date":"2019-09-27 12:12:58","post_date_gmt":"2019-09-27 10:12:45","post_content":"","post_title":"Rinaldo Zanella","post_excerpt":"","post_status":"private","comment_status":"closed","ping_status":"closed","post_password":"","post_name":"rinaldo-zanella-3","to_ping":"","pinged":"","post_modified":"2026-02-11 14:11:07","post_modified_gmt":"2026-02-11 13:11:07","post_content_filtered":"","post_parent":0,"guid":"https:\/\/trigon.ch\/?team=rinaldo-zanella-3","menu_order":3,"post_type":"team","post_mime_type":"","comment_count":"0","filter":"raw"},"text":"Vous souhaitez acheter les commutateurs de Huawei en Suisse? B\u00e9n\u00e9ficiez de notre expertise."}],"inhaltsmodule_clone":{"inhalts_module":[{"acf_fc_layout":"text","text":"<h1 style=\"text-align: center;\">Trigon est le partenaire commercial de Huawei en Suisse<\/h1>\n<h5 style=\"text-align: center;\">Huawei est connu pour le d\u00e9veloppement et la fabrication d&#8217;appareils dans le domaine de la technologie de communication.<\/h5>\n<p>Cela englobe les communications mobiles (UMTS, GSM, GPRS, GSM-R, WiMAX), ainsi que le xDSL, les r\u00e9seaux optiques et les p\u00e9riph\u00e9riques. L&#8217;entreprise bas\u00e9e \u00e0 Shenzhen est aujourd&#8217;hui encore d\u00e9tenue \u00e0 100\u00a0% par ses 180\u00a0000\u00a0employ\u00e9s. 36\u00a0centres d&#8217;innovation et 14\u00a0instituts de recherche et d\u00e9veloppement mettent r\u00e9guli\u00e8rement au point des innovations dans le monde entier.<\/p>\n<p>Pour nos clients, les commutateurs utilis\u00e9s dans les domaines du <a href=\"https:\/\/trigon.ch\/fr\/solutions-de-reseau\/ftth\/\">FTTH<\/a> et des centres de donn\u00e9es sont particuli\u00e8rement utiles pour la conception p\u00e9renne de leur infrastructure r\u00e9seau.<\/p>\n<p><a href=\"https:\/\/www.huawei.com\/\" target=\"_blank\" rel=\"noopener\"><img loading=\"lazy\" decoding=\"async\" class=\"wp-image-1564 alignleft\" src=\"https:\/\/trigon.ch\/wp-content\/uploads\/2019\/11\/huawei-1.svg\" alt=\"Huawei Logo\" width=\"265\" height=\"142\" \/><\/a><\/p>\n"},{"acf_fc_layout":"contact","team":{"ID":2786,"post_author":"1","post_date":"2019-09-27 12:12:58","post_date_gmt":"2019-09-27 10:12:45","post_content":"","post_title":"Rinaldo Zanella","post_excerpt":"","post_status":"private","comment_status":"closed","ping_status":"closed","post_password":"","post_name":"rinaldo-zanella-3","to_ping":"","pinged":"","post_modified":"2026-02-11 14:11:07","post_modified_gmt":"2026-02-11 13:11:07","post_content_filtered":"","post_parent":0,"guid":"https:\/\/trigon.ch\/?team=rinaldo-zanella-3","menu_order":3,"post_type":"team","post_mime_type":"","comment_count":"0","filter":"raw"},"text":"Vous souhaitez acheter les commutateurs de Huawei en Suisse? B\u00e9n\u00e9ficiez de notre expertise."}]},"feature_image_vertical_focus":"50"},"yoast_head":"<!-- This site is optimized with the Yoast SEO plugin v27.4 - https:\/\/yoast.com\/product\/yoast-seo-wordpress\/ -->\n<title>Partenaire commercial de Huawei en Suisse | Trigon AG<\/title>\n<meta name=\"description\" content=\"Les commutateurs Huawei constituent un \u00e9l\u00e9ment essentiel de l&#039;infrastructure r\u00e9seau pour les r\u00e9seaux FTTH et les solutions de centres de donn\u00e9es. N&#039;h\u00e9sitez pas \u00e0 nous contacter au sujet des produits Huawei.\" \/>\n<meta name=\"robots\" content=\"index, follow, max-snippet:-1, max-image-preview:large, max-video-preview:-1\" \/>\n<link rel=\"canonical\" href=\"https:\/\/trigon.ch\/fr\/a-propos-de-trigon\/fabricants\/huawei\/\" \/>\n<meta property=\"og:locale\" content=\"fr_FR\" \/>\n<meta property=\"og:type\" content=\"article\" \/>\n<meta property=\"og:title\" content=\"Partenaire commercial de Huawei en Suisse | Trigon AG\" \/>\n<meta property=\"og:description\" content=\"Les commutateurs Huawei constituent un \u00e9l\u00e9ment essentiel de l&#039;infrastructure r\u00e9seau pour les r\u00e9seaux FTTH et les solutions de centres de donn\u00e9es. N&#039;h\u00e9sitez pas \u00e0 nous contacter au sujet des produits Huawei.\" \/>\n<meta property=\"og:url\" content=\"https:\/\/trigon.ch\/fr\/a-propos-de-trigon\/fabricants\/huawei\/\" \/>\n<meta property=\"og:site_name\" content=\"Trigon AG\" \/>\n<meta property=\"article:modified_time\" content=\"2020-05-22T12:42:40+00:00\" \/>\n<meta name=\"twitter:card\" content=\"summary_large_image\" \/>\n<script type=\"application\/ld+json\" class=\"yoast-schema-graph\">{\"@context\":\"https:\\\/\\\/schema.org\",\"@graph\":[{\"@type\":\"WebPage\",\"@id\":\"https:\\\/\\\/trigon.ch\\\/fr\\\/a-propos-de-trigon\\\/fabricants\\\/huawei\\\/\",\"url\":\"https:\\\/\\\/trigon.ch\\\/fr\\\/a-propos-de-trigon\\\/fabricants\\\/huawei\\\/\",\"name\":\"Partenaire commercial de Huawei en Suisse | Trigon AG\",\"isPartOf\":{\"@id\":\"https:\\\/\\\/trigon.ch\\\/#website\"},\"datePublished\":\"2019-11-06T21:42:52+00:00\",\"dateModified\":\"2020-05-22T12:42:40+00:00\",\"description\":\"Les commutateurs Huawei constituent un \u00e9l\u00e9ment essentiel de l'infrastructure r\u00e9seau pour les r\u00e9seaux FTTH et les solutions de centres de donn\u00e9es. N'h\u00e9sitez pas \u00e0 nous contacter au sujet des produits Huawei.\",\"breadcrumb\":{\"@id\":\"https:\\\/\\\/trigon.ch\\\/fr\\\/a-propos-de-trigon\\\/fabricants\\\/huawei\\\/#breadcrumb\"},\"inLanguage\":\"fr-FR\",\"potentialAction\":[{\"@type\":\"ReadAction\",\"target\":[\"https:\\\/\\\/trigon.ch\\\/fr\\\/a-propos-de-trigon\\\/fabricants\\\/huawei\\\/\"]}]},{\"@type\":\"BreadcrumbList\",\"@id\":\"https:\\\/\\\/trigon.ch\\\/fr\\\/a-propos-de-trigon\\\/fabricants\\\/huawei\\\/#breadcrumb\",\"itemListElement\":[{\"@type\":\"ListItem\",\"position\":1,\"name\":\"Home\",\"item\":\"https:\\\/\\\/trigon.ch\\\/fr\\\/\"},{\"@type\":\"ListItem\",\"position\":2,\"name\":\"\u00c0 propos de Trigon\",\"item\":\"https:\\\/\\\/trigon.ch\\\/fr\\\/a-propos-de-trigon\\\/\"},{\"@type\":\"ListItem\",\"position\":3,\"name\":\"Fabricants\",\"item\":\"https:\\\/\\\/trigon.ch\\\/fr\\\/a-propos-de-trigon\\\/fabricants\\\/\"},{\"@type\":\"ListItem\",\"position\":4,\"name\":\"Huawei\"}]},{\"@type\":\"WebSite\",\"@id\":\"https:\\\/\\\/trigon.ch\\\/#website\",\"url\":\"https:\\\/\\\/trigon.ch\\\/\",\"name\":\"Trigon AG\",\"description\":\"\",\"potentialAction\":[{\"@type\":\"SearchAction\",\"target\":{\"@type\":\"EntryPoint\",\"urlTemplate\":\"https:\\\/\\\/trigon.ch\\\/?s={search_term_string}\"},\"query-input\":{\"@type\":\"PropertyValueSpecification\",\"valueRequired\":true,\"valueName\":\"search_term_string\"}}],\"inLanguage\":\"fr-FR\"}]}<\/script>\n<!-- \/ Yoast SEO plugin. -->","yoast_head_json":{"title":"Partenaire commercial de Huawei en Suisse | Trigon AG","description":"Les commutateurs Huawei constituent un \u00e9l\u00e9ment essentiel de l'infrastructure r\u00e9seau pour les r\u00e9seaux FTTH et les solutions de centres de donn\u00e9es. N'h\u00e9sitez pas \u00e0 nous contacter au sujet des produits Huawei.","robots":{"index":"index","follow":"follow","max-snippet":"max-snippet:-1","max-image-preview":"max-image-preview:large","max-video-preview":"max-video-preview:-1"},"canonical":"https:\/\/trigon.ch\/fr\/a-propos-de-trigon\/fabricants\/huawei\/","og_locale":"fr_FR","og_type":"article","og_title":"Partenaire commercial de Huawei en Suisse | Trigon AG","og_description":"Les commutateurs Huawei constituent un \u00e9l\u00e9ment essentiel de l'infrastructure r\u00e9seau pour les r\u00e9seaux FTTH et les solutions de centres de donn\u00e9es. N'h\u00e9sitez pas \u00e0 nous contacter au sujet des produits Huawei.","og_url":"https:\/\/trigon.ch\/fr\/a-propos-de-trigon\/fabricants\/huawei\/","og_site_name":"Trigon AG","article_modified_time":"2020-05-22T12:42:40+00:00","twitter_card":"summary_large_image","schema":{"@context":"https:\/\/schema.org","@graph":[{"@type":"WebPage","@id":"https:\/\/trigon.ch\/fr\/a-propos-de-trigon\/fabricants\/huawei\/","url":"https:\/\/trigon.ch\/fr\/a-propos-de-trigon\/fabricants\/huawei\/","name":"Partenaire commercial de Huawei en Suisse | Trigon AG","isPartOf":{"@id":"https:\/\/trigon.ch\/#website"},"datePublished":"2019-11-06T21:42:52+00:00","dateModified":"2020-05-22T12:42:40+00:00","description":"Les commutateurs Huawei constituent un \u00e9l\u00e9ment essentiel de l'infrastructure r\u00e9seau pour les r\u00e9seaux FTTH et les solutions de centres de donn\u00e9es. N'h\u00e9sitez pas \u00e0 nous contacter au sujet des produits Huawei.","breadcrumb":{"@id":"https:\/\/trigon.ch\/fr\/a-propos-de-trigon\/fabricants\/huawei\/#breadcrumb"},"inLanguage":"fr-FR","potentialAction":[{"@type":"ReadAction","target":["https:\/\/trigon.ch\/fr\/a-propos-de-trigon\/fabricants\/huawei\/"]}]},{"@type":"BreadcrumbList","@id":"https:\/\/trigon.ch\/fr\/a-propos-de-trigon\/fabricants\/huawei\/#breadcrumb","itemListElement":[{"@type":"ListItem","position":1,"name":"Home","item":"https:\/\/trigon.ch\/fr\/"},{"@type":"ListItem","position":2,"name":"\u00c0 propos de Trigon","item":"https:\/\/trigon.ch\/fr\/a-propos-de-trigon\/"},{"@type":"ListItem","position":3,"name":"Fabricants","item":"https:\/\/trigon.ch\/fr\/a-propos-de-trigon\/fabricants\/"},{"@type":"ListItem","position":4,"name":"Huawei"}]},{"@type":"WebSite","@id":"https:\/\/trigon.ch\/#website","url":"https:\/\/trigon.ch\/","name":"Trigon AG","description":"","potentialAction":[{"@type":"SearchAction","target":{"@type":"EntryPoint","urlTemplate":"https:\/\/trigon.ch\/?s={search_term_string}"},"query-input":{"@type":"PropertyValueSpecification","valueRequired":true,"valueName":"search_term_string"}}],"inLanguage":"fr-FR"}]}},"_links":{"self":[{"href":"https:\/\/trigon.ch\/fr\/wp-json\/wp\/v2\/pages\/2755","targetHints":{"allow":["GET"]}}],"collection":[{"href":"https:\/\/trigon.ch\/fr\/wp-json\/wp\/v2\/pages"}],"about":[{"href":"https:\/\/trigon.ch\/fr\/wp-json\/wp\/v2\/types\/page"}],"author":[{"embeddable":true,"href":"https:\/\/trigon.ch\/fr\/wp-json\/wp\/v2\/users\/2"}],"replies":[{"embeddable":true,"href":"https:\/\/trigon.ch\/fr\/wp-json\/wp\/v2\/comments?post=2755"}],"version-history":[{"count":0,"href":"https:\/\/trigon.ch\/fr\/wp-json\/wp\/v2\/pages\/2755\/revisions"}],"up":[{"embeddable":true,"href":"https:\/\/trigon.ch\/fr\/wp-json\/wp\/v2\/pages\/2741"}],"wp:attachment":[{"href":"https:\/\/trigon.ch\/fr\/wp-json\/wp\/v2\/media?parent=2755"}],"curies":[{"name":"wp","href":"https:\/\/api.w.org\/{rel}","templated":true}]}}