{"id":2758,"date":"2019-10-31T12:38:21","date_gmt":"2019-10-31T11:38:39","guid":{"rendered":"https:\/\/trigon.ch\/a-propos-de-trigon\/fabricants\/otn-systems\/"},"modified":"2020-05-22T14:42:43","modified_gmt":"2020-05-22T12:42:43","slug":"otn-systems","status":"publish","type":"page","link":"https:\/\/trigon.ch\/fr\/a-propos-de-trigon\/fabricants\/otn-systems\/","title":{"rendered":"OTN Systems"},"content":{"rendered":"","protected":false},"excerpt":{"rendered":"","protected":false},"author":2,"featured_media":0,"parent":2741,"menu_order":4,"comment_status":"closed","ping_status":"closed","template":"","meta":{"_acf_changed":false,"inline_featured_image":false,"footnotes":""},"class_list":["post-2758","page","type-page","status-publish","hentry"],"acf":{"inhalts_module":[{"acf_fc_layout":"text","text":"<h1>Trigon est un revendeur agr\u00e9\u00e9 d&#8217;OTN Systems en Suisse<\/h1>\n<p>Le d\u00e9fi de fournir des solutions r\u00e9seau optimales pour les infrastructures critiques constitue le fil rouge de l&#8217;histoire d&#8217;OTN. Les deux lignes de produits OTN et XTran ont \u00e9t\u00e9 d\u00e9velopp\u00e9es pour r\u00e9pondre aux besoins de l&#8217;industrie p\u00e9troli\u00e8re et gazi\u00e8re et des fournisseurs d&#8217;\u00e9nergie. Sise \u00e0 Olen en Belgique, cette entreprise exploite des filiales dans le monde entier.<\/p>\n<p>En tant que <strong style=\"font-size: 20px;\">partenaire commercial certifi\u00e9 d&#8217;OTN<\/strong>,<span style=\"font-size: 2rem;\"> de niveau \u00abRevendeur agr\u00e9\u00e9\u00bb, nous avons d\u00e9velopp\u00e9 une expertise compl\u00e8te concernant les exigences et les technologies de r\u00e9seau des fournisseurs d&#8217;\u00e9nergie et des op\u00e9rateurs ferroviaires dans toute la Suisse.<\/span><\/p>\n<p><span style=\"font-size: 2rem;\">Nous distribuons les lignes de produits suivantes:<\/span><\/p>\n<ul>\n<li>Acheter XTran en Suisse<\/li>\n<li>Acheter OTN en Suisse<\/li>\n<\/ul>\n<p>Testez notre savoir-faire sur les <a href=\"https:\/\/trigon.ch\/fr\/solutions-de-reseau\/mpls\/\">r\u00e9seaux MPLS Ethernet pour les infrastructures critiques<\/a>.<\/p>\n<p><a href=\"https:\/\/www.otnsystems.com\/\" target=\"_blank\" rel=\"noopener\"><img loading=\"lazy\" decoding=\"async\" class=\" wp-image-1306 alignleft\" src=\"https:\/\/trigon.ch\/wp-content\/uploads\/2019\/11\/OTN-Systems.svg\" alt=\"OTN Systems Logo\" width=\"346\" height=\"76\" \/><\/a><\/p>\n"},{"acf_fc_layout":"contact","team":{"ID":2796,"post_author":"1","post_date":"2019-09-27 12:13:58","post_date_gmt":"2019-09-27 10:13:45","post_content":"","post_title":"Lutz Weichert","post_excerpt":"","post_status":"private","comment_status":"closed","ping_status":"closed","post_password":"","post_name":"115-2","to_ping":"","pinged":"","post_modified":"2026-02-11 14:11:20","post_modified_gmt":"2026-02-11 13:11:20","post_content_filtered":"","post_parent":0,"guid":"https:\/\/trigon.ch\/?team=115-2","menu_order":5,"post_type":"team","post_mime_type":"","comment_count":"0","filter":"raw"},"text":"Vous souhaitez acheter des produits OTN ? Contactez-nous !"}],"inhaltsmodule_clone":{"inhalts_module":[{"acf_fc_layout":"text","text":"<h1>Trigon est un revendeur agr\u00e9\u00e9 d&#8217;OTN Systems en Suisse<\/h1>\n<p>Le d\u00e9fi de fournir des solutions r\u00e9seau optimales pour les infrastructures critiques constitue le fil rouge de l&#8217;histoire d&#8217;OTN. Les deux lignes de produits OTN et XTran ont \u00e9t\u00e9 d\u00e9velopp\u00e9es pour r\u00e9pondre aux besoins de l&#8217;industrie p\u00e9troli\u00e8re et gazi\u00e8re et des fournisseurs d&#8217;\u00e9nergie. Sise \u00e0 Olen en Belgique, cette entreprise exploite des filiales dans le monde entier.<\/p>\n<p>En tant que <strong style=\"font-size: 20px;\">partenaire commercial certifi\u00e9 d&#8217;OTN<\/strong>,<span style=\"font-size: 2rem;\"> de niveau \u00abRevendeur agr\u00e9\u00e9\u00bb, nous avons d\u00e9velopp\u00e9 une expertise compl\u00e8te concernant les exigences et les technologies de r\u00e9seau des fournisseurs d&#8217;\u00e9nergie et des op\u00e9rateurs ferroviaires dans toute la Suisse.<\/span><\/p>\n<p><span style=\"font-size: 2rem;\">Nous distribuons les lignes de produits suivantes:<\/span><\/p>\n<ul>\n<li>Acheter XTran en Suisse<\/li>\n<li>Acheter OTN en Suisse<\/li>\n<\/ul>\n<p>Testez notre savoir-faire sur les <a href=\"https:\/\/trigon.ch\/fr\/solutions-de-reseau\/mpls\/\">r\u00e9seaux MPLS Ethernet pour les infrastructures critiques<\/a>.<\/p>\n<p><a href=\"https:\/\/www.otnsystems.com\/\" target=\"_blank\" rel=\"noopener\"><img loading=\"lazy\" decoding=\"async\" class=\" wp-image-1306 alignleft\" src=\"https:\/\/trigon.ch\/wp-content\/uploads\/2019\/11\/OTN-Systems.svg\" alt=\"OTN Systems Logo\" width=\"346\" height=\"76\" \/><\/a><\/p>\n"},{"acf_fc_layout":"contact","team":{"ID":2796,"post_author":"1","post_date":"2019-09-27 12:13:58","post_date_gmt":"2019-09-27 10:13:45","post_content":"","post_title":"Lutz Weichert","post_excerpt":"","post_status":"private","comment_status":"closed","ping_status":"closed","post_password":"","post_name":"115-2","to_ping":"","pinged":"","post_modified":"2026-02-11 14:11:20","post_modified_gmt":"2026-02-11 13:11:20","post_content_filtered":"","post_parent":0,"guid":"https:\/\/trigon.ch\/?team=115-2","menu_order":5,"post_type":"team","post_mime_type":"","comment_count":"0","filter":"raw"},"text":"Vous souhaitez acheter des produits OTN ? Contactez-nous !"}]},"feature_image_vertical_focus":"50"},"yoast_head":"<!-- This site is optimized with the Yoast SEO plugin v27.4 - https:\/\/yoast.com\/product\/yoast-seo-wordpress\/ -->\n<title>Revendeur agr\u00e9\u00e9 d&#039;OTN Systems | Trigon AG<\/title>\n<meta name=\"description\" content=\"OTN Systems fournit des solutions de r\u00e9seau optimales pour les infrastructures critiques. Achetez les produits OTN et XTran chez Trigon en Suisse.\" \/>\n<meta name=\"robots\" content=\"index, follow, max-snippet:-1, max-image-preview:large, max-video-preview:-1\" \/>\n<link rel=\"canonical\" href=\"https:\/\/trigon.ch\/fr\/a-propos-de-trigon\/fabricants\/otn-systems\/\" \/>\n<meta property=\"og:locale\" content=\"fr_FR\" \/>\n<meta property=\"og:type\" content=\"article\" \/>\n<meta property=\"og:title\" content=\"Revendeur agr\u00e9\u00e9 d&#039;OTN Systems | Trigon AG\" \/>\n<meta property=\"og:description\" content=\"OTN Systems fournit des solutions de r\u00e9seau optimales pour les infrastructures critiques. Achetez les produits OTN et XTran chez Trigon en Suisse.\" \/>\n<meta property=\"og:url\" content=\"https:\/\/trigon.ch\/fr\/a-propos-de-trigon\/fabricants\/otn-systems\/\" \/>\n<meta property=\"og:site_name\" content=\"Trigon AG\" \/>\n<meta property=\"article:modified_time\" content=\"2020-05-22T12:42:43+00:00\" \/>\n<meta name=\"twitter:card\" content=\"summary_large_image\" \/>\n<script type=\"application\/ld+json\" class=\"yoast-schema-graph\">{\"@context\":\"https:\\\/\\\/schema.org\",\"@graph\":[{\"@type\":\"WebPage\",\"@id\":\"https:\\\/\\\/trigon.ch\\\/fr\\\/a-propos-de-trigon\\\/fabricants\\\/otn-systems\\\/\",\"url\":\"https:\\\/\\\/trigon.ch\\\/fr\\\/a-propos-de-trigon\\\/fabricants\\\/otn-systems\\\/\",\"name\":\"Revendeur agr\u00e9\u00e9 d'OTN Systems | Trigon AG\",\"isPartOf\":{\"@id\":\"https:\\\/\\\/trigon.ch\\\/#website\"},\"datePublished\":\"2019-10-31T11:38:39+00:00\",\"dateModified\":\"2020-05-22T12:42:43+00:00\",\"description\":\"OTN Systems fournit des solutions de r\u00e9seau optimales pour les infrastructures critiques. Achetez les produits OTN et XTran chez Trigon en Suisse.\",\"breadcrumb\":{\"@id\":\"https:\\\/\\\/trigon.ch\\\/fr\\\/a-propos-de-trigon\\\/fabricants\\\/otn-systems\\\/#breadcrumb\"},\"inLanguage\":\"fr-FR\",\"potentialAction\":[{\"@type\":\"ReadAction\",\"target\":[\"https:\\\/\\\/trigon.ch\\\/fr\\\/a-propos-de-trigon\\\/fabricants\\\/otn-systems\\\/\"]}]},{\"@type\":\"BreadcrumbList\",\"@id\":\"https:\\\/\\\/trigon.ch\\\/fr\\\/a-propos-de-trigon\\\/fabricants\\\/otn-systems\\\/#breadcrumb\",\"itemListElement\":[{\"@type\":\"ListItem\",\"position\":1,\"name\":\"Home\",\"item\":\"https:\\\/\\\/trigon.ch\\\/fr\\\/\"},{\"@type\":\"ListItem\",\"position\":2,\"name\":\"\u00c0 propos de Trigon\",\"item\":\"https:\\\/\\\/trigon.ch\\\/fr\\\/a-propos-de-trigon\\\/\"},{\"@type\":\"ListItem\",\"position\":3,\"name\":\"Fabricants\",\"item\":\"https:\\\/\\\/trigon.ch\\\/fr\\\/a-propos-de-trigon\\\/fabricants\\\/\"},{\"@type\":\"ListItem\",\"position\":4,\"name\":\"OTN Systems\"}]},{\"@type\":\"WebSite\",\"@id\":\"https:\\\/\\\/trigon.ch\\\/#website\",\"url\":\"https:\\\/\\\/trigon.ch\\\/\",\"name\":\"Trigon AG\",\"description\":\"\",\"potentialAction\":[{\"@type\":\"SearchAction\",\"target\":{\"@type\":\"EntryPoint\",\"urlTemplate\":\"https:\\\/\\\/trigon.ch\\\/?s={search_term_string}\"},\"query-input\":{\"@type\":\"PropertyValueSpecification\",\"valueRequired\":true,\"valueName\":\"search_term_string\"}}],\"inLanguage\":\"fr-FR\"}]}<\/script>\n<!-- \/ Yoast SEO plugin. -->","yoast_head_json":{"title":"Revendeur agr\u00e9\u00e9 d'OTN Systems | Trigon AG","description":"OTN Systems fournit des solutions de r\u00e9seau optimales pour les infrastructures critiques. Achetez les produits OTN et XTran chez Trigon en Suisse.","robots":{"index":"index","follow":"follow","max-snippet":"max-snippet:-1","max-image-preview":"max-image-preview:large","max-video-preview":"max-video-preview:-1"},"canonical":"https:\/\/trigon.ch\/fr\/a-propos-de-trigon\/fabricants\/otn-systems\/","og_locale":"fr_FR","og_type":"article","og_title":"Revendeur agr\u00e9\u00e9 d'OTN Systems | Trigon AG","og_description":"OTN Systems fournit des solutions de r\u00e9seau optimales pour les infrastructures critiques. Achetez les produits OTN et XTran chez Trigon en Suisse.","og_url":"https:\/\/trigon.ch\/fr\/a-propos-de-trigon\/fabricants\/otn-systems\/","og_site_name":"Trigon AG","article_modified_time":"2020-05-22T12:42:43+00:00","twitter_card":"summary_large_image","schema":{"@context":"https:\/\/schema.org","@graph":[{"@type":"WebPage","@id":"https:\/\/trigon.ch\/fr\/a-propos-de-trigon\/fabricants\/otn-systems\/","url":"https:\/\/trigon.ch\/fr\/a-propos-de-trigon\/fabricants\/otn-systems\/","name":"Revendeur agr\u00e9\u00e9 d'OTN Systems | Trigon AG","isPartOf":{"@id":"https:\/\/trigon.ch\/#website"},"datePublished":"2019-10-31T11:38:39+00:00","dateModified":"2020-05-22T12:42:43+00:00","description":"OTN Systems fournit des solutions de r\u00e9seau optimales pour les infrastructures critiques. Achetez les produits OTN et XTran chez Trigon en Suisse.","breadcrumb":{"@id":"https:\/\/trigon.ch\/fr\/a-propos-de-trigon\/fabricants\/otn-systems\/#breadcrumb"},"inLanguage":"fr-FR","potentialAction":[{"@type":"ReadAction","target":["https:\/\/trigon.ch\/fr\/a-propos-de-trigon\/fabricants\/otn-systems\/"]}]},{"@type":"BreadcrumbList","@id":"https:\/\/trigon.ch\/fr\/a-propos-de-trigon\/fabricants\/otn-systems\/#breadcrumb","itemListElement":[{"@type":"ListItem","position":1,"name":"Home","item":"https:\/\/trigon.ch\/fr\/"},{"@type":"ListItem","position":2,"name":"\u00c0 propos de Trigon","item":"https:\/\/trigon.ch\/fr\/a-propos-de-trigon\/"},{"@type":"ListItem","position":3,"name":"Fabricants","item":"https:\/\/trigon.ch\/fr\/a-propos-de-trigon\/fabricants\/"},{"@type":"ListItem","position":4,"name":"OTN Systems"}]},{"@type":"WebSite","@id":"https:\/\/trigon.ch\/#website","url":"https:\/\/trigon.ch\/","name":"Trigon AG","description":"","potentialAction":[{"@type":"SearchAction","target":{"@type":"EntryPoint","urlTemplate":"https:\/\/trigon.ch\/?s={search_term_string}"},"query-input":{"@type":"PropertyValueSpecification","valueRequired":true,"valueName":"search_term_string"}}],"inLanguage":"fr-FR"}]}},"_links":{"self":[{"href":"https:\/\/trigon.ch\/fr\/wp-json\/wp\/v2\/pages\/2758","targetHints":{"allow":["GET"]}}],"collection":[{"href":"https:\/\/trigon.ch\/fr\/wp-json\/wp\/v2\/pages"}],"about":[{"href":"https:\/\/trigon.ch\/fr\/wp-json\/wp\/v2\/types\/page"}],"author":[{"embeddable":true,"href":"https:\/\/trigon.ch\/fr\/wp-json\/wp\/v2\/users\/2"}],"replies":[{"embeddable":true,"href":"https:\/\/trigon.ch\/fr\/wp-json\/wp\/v2\/comments?post=2758"}],"version-history":[{"count":0,"href":"https:\/\/trigon.ch\/fr\/wp-json\/wp\/v2\/pages\/2758\/revisions"}],"up":[{"embeddable":true,"href":"https:\/\/trigon.ch\/fr\/wp-json\/wp\/v2\/pages\/2741"}],"wp:attachment":[{"href":"https:\/\/trigon.ch\/fr\/wp-json\/wp\/v2\/media?parent=2758"}],"curies":[{"name":"wp","href":"https:\/\/api.w.org\/{rel}","templated":true}]}}