{"id":2761,"date":"2019-11-08T11:31:21","date_gmt":"2019-11-08T10:31:50","guid":{"rendered":"https:\/\/trigon.ch\/a-propos-de-trigon\/fabricants\/packetfront-software\/"},"modified":"2020-05-22T14:42:47","modified_gmt":"2020-05-22T12:42:47","slug":"packetfront-software","status":"publish","type":"page","link":"https:\/\/trigon.ch\/fr\/a-propos-de-trigon\/fabricants\/packetfront-software\/","title":{"rendered":"PacketFront Software"},"content":{"rendered":"","protected":false},"excerpt":{"rendered":"","protected":false},"author":2,"featured_media":0,"parent":2741,"menu_order":5,"comment_status":"closed","ping_status":"closed","template":"","meta":{"_acf_changed":false,"inline_featured_image":false,"footnotes":""},"class_list":["post-2761","page","type-page","status-publish","hentry"],"acf":{"feature_image_vertical_focus":"50","inhalts_module":[{"acf_fc_layout":"text","text":"<h1 style=\"text-align: center;\">Trigon est le partenaire de distribution de PacketFront Software<\/h1>\n<p>Le logiciel de <a href=\"https:\/\/trigon.ch\/fr\/gestion-de-reseau\/\">gestion de r\u00e9seau<\/a> multi-fournisseurs a \u00e9t\u00e9 cr\u00e9\u00e9 en 2001 pour le premier r\u00e9seau public en fibre optique au monde en Su\u00e8de, pour une configuration automatis\u00e9e des \u00e9l\u00e9ments de r\u00e9seau. Depuis, ce <a href=\"https:\/\/trigon.ch\/fr\/gestion-de-reseau\/provisionnement\/\">logiciel de provisionnement<\/a> est \u00e9galement utilis\u00e9 par les transporteurs suisses et nos <a href=\"https:\/\/trigon.ch\/fr\/clients\/\">clients<\/a> dans les domaines des r\u00e9seaux r\u00e9sidentiels et VPN, des centres de donn\u00e9es, du SDN\/NFS et du libre acc\u00e8s. Ce type de provisionnement permet une gestion de r\u00e9seau efficace.<\/p>\n<p><a href=\"https:\/\/pfsw.com\/\" target=\"_blank\" rel=\"noopener\"><img loading=\"lazy\" decoding=\"async\" class=\"alignleft wp-image-1022\" src=\"https:\/\/trigon.ch\/wp-content\/uploads\/2019\/11\/PFSW-Logo-color-1.svg\" alt=\"PacketFront Software Logo\" width=\"343\" height=\"107\" \/><\/a><\/p>\n"},{"acf_fc_layout":"contact","team":{"ID":2790,"post_author":"1","post_date":"2019-09-27 12:12:58","post_date_gmt":"2019-09-27 10:12:19","post_content":"","post_title":"Christoph Good","post_excerpt":"","post_status":"private","comment_status":"closed","ping_status":"closed","post_password":"","post_name":"christoph-good-2","to_ping":"","pinged":"","post_modified":"2026-02-11 14:11:14","post_modified_gmt":"2026-02-11 13:11:14","post_content_filtered":"","post_parent":0,"guid":"https:\/\/trigon.ch\/?team=christoph-good-2","menu_order":4,"post_type":"team","post_mime_type":"","comment_count":"0","filter":"raw"},"text":"Vous voulez g\u00e9rer votre r\u00e9seau le plus simplement possible? N'h\u00e9sitez pas \u00e0 nous contacter au sujet de PacketFront Software!"}],"inhaltsmodule_clone":{"inhalts_module":[{"acf_fc_layout":"text","text":"<h1 style=\"text-align: center;\">Trigon est le partenaire de distribution de PacketFront Software<\/h1>\n<p>Le logiciel de <a href=\"https:\/\/trigon.ch\/fr\/gestion-de-reseau\/\">gestion de r\u00e9seau<\/a> multi-fournisseurs a \u00e9t\u00e9 cr\u00e9\u00e9 en 2001 pour le premier r\u00e9seau public en fibre optique au monde en Su\u00e8de, pour une configuration automatis\u00e9e des \u00e9l\u00e9ments de r\u00e9seau. Depuis, ce <a href=\"https:\/\/trigon.ch\/fr\/gestion-de-reseau\/provisionnement\/\">logiciel de provisionnement<\/a> est \u00e9galement utilis\u00e9 par les transporteurs suisses et nos <a href=\"https:\/\/trigon.ch\/fr\/clients\/\">clients<\/a> dans les domaines des r\u00e9seaux r\u00e9sidentiels et VPN, des centres de donn\u00e9es, du SDN\/NFS et du libre acc\u00e8s. Ce type de provisionnement permet une gestion de r\u00e9seau efficace.<\/p>\n<p><a href=\"https:\/\/pfsw.com\/\" target=\"_blank\" rel=\"noopener\"><img loading=\"lazy\" decoding=\"async\" class=\"alignleft wp-image-1022\" src=\"https:\/\/trigon.ch\/wp-content\/uploads\/2019\/11\/PFSW-Logo-color-1.svg\" alt=\"PacketFront Software Logo\" width=\"343\" height=\"107\" \/><\/a><\/p>\n"},{"acf_fc_layout":"contact","team":{"ID":2790,"post_author":"1","post_date":"2019-09-27 12:12:58","post_date_gmt":"2019-09-27 10:12:19","post_content":"","post_title":"Christoph Good","post_excerpt":"","post_status":"private","comment_status":"closed","ping_status":"closed","post_password":"","post_name":"christoph-good-2","to_ping":"","pinged":"","post_modified":"2026-02-11 14:11:14","post_modified_gmt":"2026-02-11 13:11:14","post_content_filtered":"","post_parent":0,"guid":"https:\/\/trigon.ch\/?team=christoph-good-2","menu_order":4,"post_type":"team","post_mime_type":"","comment_count":"0","filter":"raw"},"text":"Vous voulez g\u00e9rer votre r\u00e9seau le plus simplement possible? N'h\u00e9sitez pas \u00e0 nous contacter au sujet de PacketFront Software!"}]}},"yoast_head":"<!-- This site is optimized with the Yoast SEO plugin v27.3 - https:\/\/yoast.com\/product\/yoast-seo-wordpress\/ -->\n<title>Acheter PacketFront Software en Suisse | Trigon AG<\/title>\n<meta name=\"description\" content=\"Des r\u00e9seaux automatis\u00e9s gr\u00e2ce aux logiciels de PacketFront Software. Les deux solutions OSS et BSS se distinguent par leurs nombreuses fonctions. Multi-fournisseurs et modulaire.\" \/>\n<meta name=\"robots\" content=\"index, follow, max-snippet:-1, max-image-preview:large, max-video-preview:-1\" \/>\n<link rel=\"canonical\" href=\"https:\/\/trigon.ch\/fr\/a-propos-de-trigon\/fabricants\/packetfront-software\/\" \/>\n<meta property=\"og:locale\" content=\"fr_FR\" \/>\n<meta property=\"og:type\" content=\"article\" \/>\n<meta property=\"og:title\" content=\"Acheter PacketFront Software en Suisse | Trigon AG\" \/>\n<meta property=\"og:description\" content=\"Des r\u00e9seaux automatis\u00e9s gr\u00e2ce aux logiciels de PacketFront Software. Les deux solutions OSS et BSS se distinguent par leurs nombreuses fonctions. Multi-fournisseurs et modulaire.\" \/>\n<meta property=\"og:url\" content=\"https:\/\/trigon.ch\/fr\/a-propos-de-trigon\/fabricants\/packetfront-software\/\" \/>\n<meta property=\"og:site_name\" content=\"Trigon AG\" \/>\n<meta property=\"article:modified_time\" content=\"2020-05-22T12:42:47+00:00\" \/>\n<meta name=\"twitter:card\" content=\"summary_large_image\" \/>\n<script type=\"application\/ld+json\" class=\"yoast-schema-graph\">{\"@context\":\"https:\\\/\\\/schema.org\",\"@graph\":[{\"@type\":\"WebPage\",\"@id\":\"https:\\\/\\\/trigon.ch\\\/fr\\\/a-propos-de-trigon\\\/fabricants\\\/packetfront-software\\\/\",\"url\":\"https:\\\/\\\/trigon.ch\\\/fr\\\/a-propos-de-trigon\\\/fabricants\\\/packetfront-software\\\/\",\"name\":\"Acheter PacketFront Software en Suisse | Trigon AG\",\"isPartOf\":{\"@id\":\"https:\\\/\\\/trigon.ch\\\/#website\"},\"datePublished\":\"2019-11-08T10:31:50+00:00\",\"dateModified\":\"2020-05-22T12:42:47+00:00\",\"description\":\"Des r\u00e9seaux automatis\u00e9s gr\u00e2ce aux logiciels de PacketFront Software. Les deux solutions OSS et BSS se distinguent par leurs nombreuses fonctions. Multi-fournisseurs et modulaire.\",\"breadcrumb\":{\"@id\":\"https:\\\/\\\/trigon.ch\\\/fr\\\/a-propos-de-trigon\\\/fabricants\\\/packetfront-software\\\/#breadcrumb\"},\"inLanguage\":\"fr-FR\",\"potentialAction\":[{\"@type\":\"ReadAction\",\"target\":[\"https:\\\/\\\/trigon.ch\\\/fr\\\/a-propos-de-trigon\\\/fabricants\\\/packetfront-software\\\/\"]}]},{\"@type\":\"BreadcrumbList\",\"@id\":\"https:\\\/\\\/trigon.ch\\\/fr\\\/a-propos-de-trigon\\\/fabricants\\\/packetfront-software\\\/#breadcrumb\",\"itemListElement\":[{\"@type\":\"ListItem\",\"position\":1,\"name\":\"Home\",\"item\":\"https:\\\/\\\/trigon.ch\\\/fr\\\/\"},{\"@type\":\"ListItem\",\"position\":2,\"name\":\"\u00c0 propos de Trigon\",\"item\":\"https:\\\/\\\/trigon.ch\\\/fr\\\/a-propos-de-trigon\\\/\"},{\"@type\":\"ListItem\",\"position\":3,\"name\":\"Fabricants\",\"item\":\"https:\\\/\\\/trigon.ch\\\/fr\\\/a-propos-de-trigon\\\/fabricants\\\/\"},{\"@type\":\"ListItem\",\"position\":4,\"name\":\"PacketFront Software\"}]},{\"@type\":\"WebSite\",\"@id\":\"https:\\\/\\\/trigon.ch\\\/#website\",\"url\":\"https:\\\/\\\/trigon.ch\\\/\",\"name\":\"Trigon AG\",\"description\":\"\",\"potentialAction\":[{\"@type\":\"SearchAction\",\"target\":{\"@type\":\"EntryPoint\",\"urlTemplate\":\"https:\\\/\\\/trigon.ch\\\/?s={search_term_string}\"},\"query-input\":{\"@type\":\"PropertyValueSpecification\",\"valueRequired\":true,\"valueName\":\"search_term_string\"}}],\"inLanguage\":\"fr-FR\"}]}<\/script>\n<!-- \/ Yoast SEO plugin. -->","yoast_head_json":{"title":"Acheter PacketFront Software en Suisse | Trigon AG","description":"Des r\u00e9seaux automatis\u00e9s gr\u00e2ce aux logiciels de PacketFront Software. Les deux solutions OSS et BSS se distinguent par leurs nombreuses fonctions. Multi-fournisseurs et modulaire.","robots":{"index":"index","follow":"follow","max-snippet":"max-snippet:-1","max-image-preview":"max-image-preview:large","max-video-preview":"max-video-preview:-1"},"canonical":"https:\/\/trigon.ch\/fr\/a-propos-de-trigon\/fabricants\/packetfront-software\/","og_locale":"fr_FR","og_type":"article","og_title":"Acheter PacketFront Software en Suisse | Trigon AG","og_description":"Des r\u00e9seaux automatis\u00e9s gr\u00e2ce aux logiciels de PacketFront Software. Les deux solutions OSS et BSS se distinguent par leurs nombreuses fonctions. Multi-fournisseurs et modulaire.","og_url":"https:\/\/trigon.ch\/fr\/a-propos-de-trigon\/fabricants\/packetfront-software\/","og_site_name":"Trigon AG","article_modified_time":"2020-05-22T12:42:47+00:00","twitter_card":"summary_large_image","schema":{"@context":"https:\/\/schema.org","@graph":[{"@type":"WebPage","@id":"https:\/\/trigon.ch\/fr\/a-propos-de-trigon\/fabricants\/packetfront-software\/","url":"https:\/\/trigon.ch\/fr\/a-propos-de-trigon\/fabricants\/packetfront-software\/","name":"Acheter PacketFront Software en Suisse | Trigon AG","isPartOf":{"@id":"https:\/\/trigon.ch\/#website"},"datePublished":"2019-11-08T10:31:50+00:00","dateModified":"2020-05-22T12:42:47+00:00","description":"Des r\u00e9seaux automatis\u00e9s gr\u00e2ce aux logiciels de PacketFront Software. Les deux solutions OSS et BSS se distinguent par leurs nombreuses fonctions. Multi-fournisseurs et modulaire.","breadcrumb":{"@id":"https:\/\/trigon.ch\/fr\/a-propos-de-trigon\/fabricants\/packetfront-software\/#breadcrumb"},"inLanguage":"fr-FR","potentialAction":[{"@type":"ReadAction","target":["https:\/\/trigon.ch\/fr\/a-propos-de-trigon\/fabricants\/packetfront-software\/"]}]},{"@type":"BreadcrumbList","@id":"https:\/\/trigon.ch\/fr\/a-propos-de-trigon\/fabricants\/packetfront-software\/#breadcrumb","itemListElement":[{"@type":"ListItem","position":1,"name":"Home","item":"https:\/\/trigon.ch\/fr\/"},{"@type":"ListItem","position":2,"name":"\u00c0 propos de Trigon","item":"https:\/\/trigon.ch\/fr\/a-propos-de-trigon\/"},{"@type":"ListItem","position":3,"name":"Fabricants","item":"https:\/\/trigon.ch\/fr\/a-propos-de-trigon\/fabricants\/"},{"@type":"ListItem","position":4,"name":"PacketFront Software"}]},{"@type":"WebSite","@id":"https:\/\/trigon.ch\/#website","url":"https:\/\/trigon.ch\/","name":"Trigon AG","description":"","potentialAction":[{"@type":"SearchAction","target":{"@type":"EntryPoint","urlTemplate":"https:\/\/trigon.ch\/?s={search_term_string}"},"query-input":{"@type":"PropertyValueSpecification","valueRequired":true,"valueName":"search_term_string"}}],"inLanguage":"fr-FR"}]}},"_links":{"self":[{"href":"https:\/\/trigon.ch\/fr\/wp-json\/wp\/v2\/pages\/2761","targetHints":{"allow":["GET"]}}],"collection":[{"href":"https:\/\/trigon.ch\/fr\/wp-json\/wp\/v2\/pages"}],"about":[{"href":"https:\/\/trigon.ch\/fr\/wp-json\/wp\/v2\/types\/page"}],"author":[{"embeddable":true,"href":"https:\/\/trigon.ch\/fr\/wp-json\/wp\/v2\/users\/2"}],"replies":[{"embeddable":true,"href":"https:\/\/trigon.ch\/fr\/wp-json\/wp\/v2\/comments?post=2761"}],"version-history":[{"count":0,"href":"https:\/\/trigon.ch\/fr\/wp-json\/wp\/v2\/pages\/2761\/revisions"}],"up":[{"embeddable":true,"href":"https:\/\/trigon.ch\/fr\/wp-json\/wp\/v2\/pages\/2741"}],"wp:attachment":[{"href":"https:\/\/trigon.ch\/fr\/wp-json\/wp\/v2\/media?parent=2761"}],"curies":[{"name":"wp","href":"https:\/\/api.w.org\/{rel}","templated":true}]}}