{"id":2763,"date":"2019-11-04T23:01:21","date_gmt":"2019-11-04T22:01:34","guid":{"rendered":"https:\/\/trigon.ch\/a-propos-de-trigon\/fabricants\/packetlight\/"},"modified":"2020-05-22T14:42:52","modified_gmt":"2020-05-22T12:42:52","slug":"packetlight","status":"publish","type":"page","link":"https:\/\/trigon.ch\/fr\/a-propos-de-trigon\/fabricants\/packetlight\/","title":{"rendered":"Packetlight"},"content":{"rendered":"","protected":false},"excerpt":{"rendered":"","protected":false},"author":2,"featured_media":0,"parent":2741,"menu_order":6,"comment_status":"closed","ping_status":"closed","template":"","meta":{"_acf_changed":false,"inline_featured_image":false,"footnotes":""},"class_list":["post-2763","page","type-page","status-publish","hentry"],"acf":{"inhalts_module":[{"acf_fc_layout":"text","text":"<h1 style=\"text-align: center;\">Trigon est le \u00abpartenaire de distribution\u00bb de PacketLight<\/h1>\n<h5 style=\"text-align: center;\">Les produits de PacketLight, une entreprise bas\u00e9e en Isra\u00ebl, repr\u00e9sentent une formidable d\u00e9couverte pour les solutions CWDM\/DWDM et OTN longue distance ainsi que pour les cryptages optiques de couche 1 pour le transport de donn\u00e9es, le stockage et les applications vocales et vid\u00e9o sur les <a href=\"https:\/\/trigon.ch\/fr\/solutions-de-reseau\/wdm\/\">r\u00e9seaux en fibre morte et WDM<\/a>.<\/h5>\n<p>PacketLight offre une solution de transport compl\u00e8te pour la couche optique au sein d&#8217;une plate-forme compacte hautement int\u00e9gr\u00e9e. Elle a \u00e9t\u00e9 con\u00e7ue pour offrir une flexibilit\u00e9 maximale, une maintenance ais\u00e9e et un fonctionnement infaillible. En plus de la large gamme de produits WDM, nos clients appr\u00e9cient l&#8217;architecture \u00abpay-as-you-grow\u00bb ainsi que la fiabilit\u00e9 \u00e9lev\u00e9e \u00e0 faible co\u00fbt. Une solution s\u00fbre et \u00e9conomique pour connecter deux centres de donn\u00e9es \u2212 un site central et un site de reprise apr\u00e8s sinistre \u2212 \u00e0 faible latence rev\u00eat toujours plus d&#8217;importance pour nos clients. En savoir plus sur l&#8217;interconnexion des centres de donn\u00e9es.<\/p>\n<p><a href=\"https:\/\/www.packetlight.com\/\" target=\"_blank\" rel=\"noopener\"><img loading=\"lazy\" decoding=\"async\" class=\" wp-image-1696 alignleft\" src=\"https:\/\/trigon.ch\/wp-content\/uploads\/2019\/11\/Packetlight.svg\" alt=\"Packetlight Logo\" width=\"341\" height=\"67\" \/><\/a><\/p>\n"},{"acf_fc_layout":"contact","team":{"ID":2799,"post_author":"1","post_date":"2019-09-27 12:14:58","post_date_gmt":"2019-09-27 10:14:17","post_content":"","post_title":"Daniel Grob","post_excerpt":"","post_status":"private","comment_status":"closed","ping_status":"closed","post_password":"","post_name":"daniel-grob-2","to_ping":"","pinged":"","post_modified":"2026-02-11 14:11:25","post_modified_gmt":"2026-02-11 13:11:25","post_content_filtered":"","post_parent":0,"guid":"https:\/\/trigon.ch\/?team=daniel-grob-2","menu_order":6,"post_type":"team","post_mime_type":"","comment_count":"0","filter":"raw"},"text":"Vous souhaitez acheter les produits de Packetlight en Suisse? Laissez-nous vous conseiller."}],"inhaltsmodule_clone":{"inhalts_module":[{"acf_fc_layout":"text","text":"<h1 style=\"text-align: center;\">Trigon est le \u00abpartenaire de distribution\u00bb de PacketLight<\/h1>\n<h5 style=\"text-align: center;\">Les produits de PacketLight, une entreprise bas\u00e9e en Isra\u00ebl, repr\u00e9sentent une formidable d\u00e9couverte pour les solutions CWDM\/DWDM et OTN longue distance ainsi que pour les cryptages optiques de couche 1 pour le transport de donn\u00e9es, le stockage et les applications vocales et vid\u00e9o sur les <a href=\"https:\/\/trigon.ch\/fr\/solutions-de-reseau\/wdm\/\">r\u00e9seaux en fibre morte et WDM<\/a>.<\/h5>\n<p>PacketLight offre une solution de transport compl\u00e8te pour la couche optique au sein d&#8217;une plate-forme compacte hautement int\u00e9gr\u00e9e. Elle a \u00e9t\u00e9 con\u00e7ue pour offrir une flexibilit\u00e9 maximale, une maintenance ais\u00e9e et un fonctionnement infaillible. En plus de la large gamme de produits WDM, nos clients appr\u00e9cient l&#8217;architecture \u00abpay-as-you-grow\u00bb ainsi que la fiabilit\u00e9 \u00e9lev\u00e9e \u00e0 faible co\u00fbt. Une solution s\u00fbre et \u00e9conomique pour connecter deux centres de donn\u00e9es \u2212 un site central et un site de reprise apr\u00e8s sinistre \u2212 \u00e0 faible latence rev\u00eat toujours plus d&#8217;importance pour nos clients. En savoir plus sur l&#8217;interconnexion des centres de donn\u00e9es.<\/p>\n<p><a href=\"https:\/\/www.packetlight.com\/\" target=\"_blank\" rel=\"noopener\"><img loading=\"lazy\" decoding=\"async\" class=\" wp-image-1696 alignleft\" src=\"https:\/\/trigon.ch\/wp-content\/uploads\/2019\/11\/Packetlight.svg\" alt=\"Packetlight Logo\" width=\"341\" height=\"67\" \/><\/a><\/p>\n"},{"acf_fc_layout":"contact","team":{"ID":2799,"post_author":"1","post_date":"2019-09-27 12:14:58","post_date_gmt":"2019-09-27 10:14:17","post_content":"","post_title":"Daniel Grob","post_excerpt":"","post_status":"private","comment_status":"closed","ping_status":"closed","post_password":"","post_name":"daniel-grob-2","to_ping":"","pinged":"","post_modified":"2026-02-11 14:11:25","post_modified_gmt":"2026-02-11 13:11:25","post_content_filtered":"","post_parent":0,"guid":"https:\/\/trigon.ch\/?team=daniel-grob-2","menu_order":6,"post_type":"team","post_mime_type":"","comment_count":"0","filter":"raw"},"text":"Vous souhaitez acheter les produits de Packetlight en Suisse? Laissez-nous vous conseiller."}]},"feature_image_vertical_focus":"50"},"yoast_head":"<!-- This site is optimized with the Yoast SEO plugin v27.4 - https:\/\/yoast.com\/product\/yoast-seo-wordpress\/ -->\n<title>Le partenaire de distribution de PacketLight en Suisse | Trigon AG<\/title>\n<meta name=\"description\" content=\"Acheter des solutions CWDM\/DWDM et OTN longue distance et des cryptages optiques de couche 1 de Packetlight en Suisse. Il suffit de nous appeler!\" \/>\n<meta name=\"robots\" content=\"index, follow, max-snippet:-1, max-image-preview:large, max-video-preview:-1\" \/>\n<link rel=\"canonical\" href=\"https:\/\/trigon.ch\/fr\/a-propos-de-trigon\/fabricants\/packetlight\/\" \/>\n<meta property=\"og:locale\" content=\"fr_FR\" \/>\n<meta property=\"og:type\" content=\"article\" \/>\n<meta property=\"og:title\" content=\"Le partenaire de distribution de PacketLight en Suisse | Trigon AG\" \/>\n<meta property=\"og:description\" content=\"Acheter des solutions CWDM\/DWDM et OTN longue distance et des cryptages optiques de couche 1 de Packetlight en Suisse. Il suffit de nous appeler!\" \/>\n<meta property=\"og:url\" content=\"https:\/\/trigon.ch\/fr\/a-propos-de-trigon\/fabricants\/packetlight\/\" \/>\n<meta property=\"og:site_name\" content=\"Trigon AG\" \/>\n<meta property=\"article:modified_time\" content=\"2020-05-22T12:42:52+00:00\" \/>\n<meta name=\"twitter:card\" content=\"summary_large_image\" \/>\n<script type=\"application\/ld+json\" class=\"yoast-schema-graph\">{\"@context\":\"https:\\\/\\\/schema.org\",\"@graph\":[{\"@type\":\"WebPage\",\"@id\":\"https:\\\/\\\/trigon.ch\\\/fr\\\/a-propos-de-trigon\\\/fabricants\\\/packetlight\\\/\",\"url\":\"https:\\\/\\\/trigon.ch\\\/fr\\\/a-propos-de-trigon\\\/fabricants\\\/packetlight\\\/\",\"name\":\"Le partenaire de distribution de PacketLight en Suisse | Trigon AG\",\"isPartOf\":{\"@id\":\"https:\\\/\\\/trigon.ch\\\/#website\"},\"datePublished\":\"2019-11-04T22:01:34+00:00\",\"dateModified\":\"2020-05-22T12:42:52+00:00\",\"description\":\"Acheter des solutions CWDM\\\/DWDM et OTN longue distance et des cryptages optiques de couche 1 de Packetlight en Suisse. Il suffit de nous appeler!\",\"breadcrumb\":{\"@id\":\"https:\\\/\\\/trigon.ch\\\/fr\\\/a-propos-de-trigon\\\/fabricants\\\/packetlight\\\/#breadcrumb\"},\"inLanguage\":\"fr-FR\",\"potentialAction\":[{\"@type\":\"ReadAction\",\"target\":[\"https:\\\/\\\/trigon.ch\\\/fr\\\/a-propos-de-trigon\\\/fabricants\\\/packetlight\\\/\"]}]},{\"@type\":\"BreadcrumbList\",\"@id\":\"https:\\\/\\\/trigon.ch\\\/fr\\\/a-propos-de-trigon\\\/fabricants\\\/packetlight\\\/#breadcrumb\",\"itemListElement\":[{\"@type\":\"ListItem\",\"position\":1,\"name\":\"Home\",\"item\":\"https:\\\/\\\/trigon.ch\\\/fr\\\/\"},{\"@type\":\"ListItem\",\"position\":2,\"name\":\"\u00c0 propos de Trigon\",\"item\":\"https:\\\/\\\/trigon.ch\\\/fr\\\/a-propos-de-trigon\\\/\"},{\"@type\":\"ListItem\",\"position\":3,\"name\":\"Fabricants\",\"item\":\"https:\\\/\\\/trigon.ch\\\/fr\\\/a-propos-de-trigon\\\/fabricants\\\/\"},{\"@type\":\"ListItem\",\"position\":4,\"name\":\"Packetlight\"}]},{\"@type\":\"WebSite\",\"@id\":\"https:\\\/\\\/trigon.ch\\\/#website\",\"url\":\"https:\\\/\\\/trigon.ch\\\/\",\"name\":\"Trigon AG\",\"description\":\"\",\"potentialAction\":[{\"@type\":\"SearchAction\",\"target\":{\"@type\":\"EntryPoint\",\"urlTemplate\":\"https:\\\/\\\/trigon.ch\\\/?s={search_term_string}\"},\"query-input\":{\"@type\":\"PropertyValueSpecification\",\"valueRequired\":true,\"valueName\":\"search_term_string\"}}],\"inLanguage\":\"fr-FR\"}]}<\/script>\n<!-- \/ Yoast SEO plugin. -->","yoast_head_json":{"title":"Le partenaire de distribution de PacketLight en Suisse | Trigon AG","description":"Acheter des solutions CWDM\/DWDM et OTN longue distance et des cryptages optiques de couche 1 de Packetlight en Suisse. Il suffit de nous appeler!","robots":{"index":"index","follow":"follow","max-snippet":"max-snippet:-1","max-image-preview":"max-image-preview:large","max-video-preview":"max-video-preview:-1"},"canonical":"https:\/\/trigon.ch\/fr\/a-propos-de-trigon\/fabricants\/packetlight\/","og_locale":"fr_FR","og_type":"article","og_title":"Le partenaire de distribution de PacketLight en Suisse | Trigon AG","og_description":"Acheter des solutions CWDM\/DWDM et OTN longue distance et des cryptages optiques de couche 1 de Packetlight en Suisse. Il suffit de nous appeler!","og_url":"https:\/\/trigon.ch\/fr\/a-propos-de-trigon\/fabricants\/packetlight\/","og_site_name":"Trigon AG","article_modified_time":"2020-05-22T12:42:52+00:00","twitter_card":"summary_large_image","schema":{"@context":"https:\/\/schema.org","@graph":[{"@type":"WebPage","@id":"https:\/\/trigon.ch\/fr\/a-propos-de-trigon\/fabricants\/packetlight\/","url":"https:\/\/trigon.ch\/fr\/a-propos-de-trigon\/fabricants\/packetlight\/","name":"Le partenaire de distribution de PacketLight en Suisse | Trigon AG","isPartOf":{"@id":"https:\/\/trigon.ch\/#website"},"datePublished":"2019-11-04T22:01:34+00:00","dateModified":"2020-05-22T12:42:52+00:00","description":"Acheter des solutions CWDM\/DWDM et OTN longue distance et des cryptages optiques de couche 1 de Packetlight en Suisse. Il suffit de nous appeler!","breadcrumb":{"@id":"https:\/\/trigon.ch\/fr\/a-propos-de-trigon\/fabricants\/packetlight\/#breadcrumb"},"inLanguage":"fr-FR","potentialAction":[{"@type":"ReadAction","target":["https:\/\/trigon.ch\/fr\/a-propos-de-trigon\/fabricants\/packetlight\/"]}]},{"@type":"BreadcrumbList","@id":"https:\/\/trigon.ch\/fr\/a-propos-de-trigon\/fabricants\/packetlight\/#breadcrumb","itemListElement":[{"@type":"ListItem","position":1,"name":"Home","item":"https:\/\/trigon.ch\/fr\/"},{"@type":"ListItem","position":2,"name":"\u00c0 propos de Trigon","item":"https:\/\/trigon.ch\/fr\/a-propos-de-trigon\/"},{"@type":"ListItem","position":3,"name":"Fabricants","item":"https:\/\/trigon.ch\/fr\/a-propos-de-trigon\/fabricants\/"},{"@type":"ListItem","position":4,"name":"Packetlight"}]},{"@type":"WebSite","@id":"https:\/\/trigon.ch\/#website","url":"https:\/\/trigon.ch\/","name":"Trigon AG","description":"","potentialAction":[{"@type":"SearchAction","target":{"@type":"EntryPoint","urlTemplate":"https:\/\/trigon.ch\/?s={search_term_string}"},"query-input":{"@type":"PropertyValueSpecification","valueRequired":true,"valueName":"search_term_string"}}],"inLanguage":"fr-FR"}]}},"_links":{"self":[{"href":"https:\/\/trigon.ch\/fr\/wp-json\/wp\/v2\/pages\/2763","targetHints":{"allow":["GET"]}}],"collection":[{"href":"https:\/\/trigon.ch\/fr\/wp-json\/wp\/v2\/pages"}],"about":[{"href":"https:\/\/trigon.ch\/fr\/wp-json\/wp\/v2\/types\/page"}],"author":[{"embeddable":true,"href":"https:\/\/trigon.ch\/fr\/wp-json\/wp\/v2\/users\/2"}],"replies":[{"embeddable":true,"href":"https:\/\/trigon.ch\/fr\/wp-json\/wp\/v2\/comments?post=2763"}],"version-history":[{"count":0,"href":"https:\/\/trigon.ch\/fr\/wp-json\/wp\/v2\/pages\/2763\/revisions"}],"up":[{"embeddable":true,"href":"https:\/\/trigon.ch\/fr\/wp-json\/wp\/v2\/pages\/2741"}],"wp:attachment":[{"href":"https:\/\/trigon.ch\/fr\/wp-json\/wp\/v2\/media?parent=2763"}],"curies":[{"name":"wp","href":"https:\/\/api.w.org\/{rel}","templated":true}]}}