{"id":2766,"date":"2019-11-06T22:36:21","date_gmt":"2019-11-06T21:36:11","guid":{"rendered":"https:\/\/trigon.ch\/a-propos-de-trigon\/fabricants\/smartoptics\/"},"modified":"2020-05-22T14:42:56","modified_gmt":"2020-05-22T12:42:56","slug":"smartoptics","status":"publish","type":"page","link":"https:\/\/trigon.ch\/fr\/a-propos-de-trigon\/fabricants\/smartoptics\/","title":{"rendered":"Smartoptics"},"content":{"rendered":"","protected":false},"excerpt":{"rendered":"","protected":false},"author":2,"featured_media":0,"parent":2741,"menu_order":7,"comment_status":"closed","ping_status":"closed","template":"","meta":{"_acf_changed":false,"inline_featured_image":false,"footnotes":""},"class_list":["post-2766","page","type-page","status-publish","hentry"],"acf":{"inhalts_module":[{"acf_fc_layout":"text","text":"<h1 style=\"text-align: center;\">Trigon ist \u00abPreferred Partner\u00bb von Smartoptics<\/h1>\n<h5 style=\"text-align: center;\">Smartoptics est l&#8217;une des solutions DCI les plus efficaces sur le march\u00e9.<\/h5>\n<p>En tant que partenaire privil\u00e9gi\u00e9, nous offrons des <a href=\"https:\/\/trigon.ch\/fr\/solutions-de-reseau\/wdm\/\">solutions WDM innovantes<\/a> qui r\u00e9duisent consid\u00e9rablement les probl\u00e8mes de r\u00e9seau et augmentent la comp\u00e9titivit\u00e9 de nos clients, parmi lesquels on compte des autorit\u00e9s publiques ainsi que des fournisseurs d&#8217;\u00e9nergie et de services cloud. Les produits innovants de cette soci\u00e9t\u00e9 norv\u00e9gienne sont notamment utilis\u00e9s avec succ\u00e8s dans les domaines <a href=\"https:\/\/trigon.ch\/fr\/solutions-de-reseau\/wdm\/dci-san\/\">DCI et SAN<\/a>, ainsi que dans les <a href=\"https:\/\/trigon.ch\/fr\/solutions-de-reseau\/wdm\/wdm-passif\/\">backbones optiques passifs<\/a>.<\/p>\n<p><a href=\"https:\/\/www.smartoptics.com\/\" target=\"_blank\" rel=\"noopener\"><img loading=\"lazy\" decoding=\"async\" class=\"alignnone wp-image-1319 alignleft\" src=\"https:\/\/trigon.ch\/wp-content\/uploads\/2019\/11\/Smartoptics-Logo.svg\" alt=\"Smartoptics Logo\" width=\"359\" height=\"65\" \/><\/a><\/p>\n"},{"acf_fc_layout":"contact","team":{"ID":2796,"post_author":"1","post_date":"2019-09-27 12:13:58","post_date_gmt":"2019-09-27 10:13:45","post_content":"","post_title":"Lutz Weichert","post_excerpt":"","post_status":"private","comment_status":"closed","ping_status":"closed","post_password":"","post_name":"115-2","to_ping":"","pinged":"","post_modified":"2026-02-11 14:11:20","post_modified_gmt":"2026-02-11 13:11:20","post_content_filtered":"","post_parent":0,"guid":"https:\/\/trigon.ch\/?team=115-2","menu_order":5,"post_type":"team","post_mime_type":"","comment_count":"0","filter":"raw"},"text":"Vous souhaitez acheter les produits de Smartoptics en Suisse? Appelez-nous!"}],"inhaltsmodule_clone":{"inhalts_module":[{"acf_fc_layout":"text","text":"<h1 style=\"text-align: center;\">Trigon ist \u00abPreferred Partner\u00bb von Smartoptics<\/h1>\n<h5 style=\"text-align: center;\">Smartoptics est l&#8217;une des solutions DCI les plus efficaces sur le march\u00e9.<\/h5>\n<p>En tant que partenaire privil\u00e9gi\u00e9, nous offrons des <a href=\"https:\/\/trigon.ch\/fr\/solutions-de-reseau\/wdm\/\">solutions WDM innovantes<\/a> qui r\u00e9duisent consid\u00e9rablement les probl\u00e8mes de r\u00e9seau et augmentent la comp\u00e9titivit\u00e9 de nos clients, parmi lesquels on compte des autorit\u00e9s publiques ainsi que des fournisseurs d&#8217;\u00e9nergie et de services cloud. Les produits innovants de cette soci\u00e9t\u00e9 norv\u00e9gienne sont notamment utilis\u00e9s avec succ\u00e8s dans les domaines <a href=\"https:\/\/trigon.ch\/fr\/solutions-de-reseau\/wdm\/dci-san\/\">DCI et SAN<\/a>, ainsi que dans les <a href=\"https:\/\/trigon.ch\/fr\/solutions-de-reseau\/wdm\/wdm-passif\/\">backbones optiques passifs<\/a>.<\/p>\n<p><a href=\"https:\/\/www.smartoptics.com\/\" target=\"_blank\" rel=\"noopener\"><img loading=\"lazy\" decoding=\"async\" class=\"alignnone wp-image-1319 alignleft\" src=\"https:\/\/trigon.ch\/wp-content\/uploads\/2019\/11\/Smartoptics-Logo.svg\" alt=\"Smartoptics Logo\" width=\"359\" height=\"65\" \/><\/a><\/p>\n"},{"acf_fc_layout":"contact","team":{"ID":2796,"post_author":"1","post_date":"2019-09-27 12:13:58","post_date_gmt":"2019-09-27 10:13:45","post_content":"","post_title":"Lutz Weichert","post_excerpt":"","post_status":"private","comment_status":"closed","ping_status":"closed","post_password":"","post_name":"115-2","to_ping":"","pinged":"","post_modified":"2026-02-11 14:11:20","post_modified_gmt":"2026-02-11 13:11:20","post_content_filtered":"","post_parent":0,"guid":"https:\/\/trigon.ch\/?team=115-2","menu_order":5,"post_type":"team","post_mime_type":"","comment_count":"0","filter":"raw"},"text":"Vous souhaitez acheter les produits de Smartoptics en Suisse? Appelez-nous!"}]},"feature_image_vertical_focus":"50"},"yoast_head":"<!-- This site is optimized with the Yoast SEO plugin v27.3 - https:\/\/yoast.com\/product\/yoast-seo-wordpress\/ -->\n<title>Le partenaire privil\u00e9gi\u00e9 de Smartoptics en Suisse | Trigon AG<\/title>\n<meta name=\"description\" content=\"Les solutions WDM innovantes de Smartoptics sont performantes et peu co\u00fbteuses. En tant que partenaire privil\u00e9gi\u00e9, nous sommes l&#039;alli\u00e9 qu&#039;il vous faut! Pour en d\u00e9couvrir davantage.\" \/>\n<meta name=\"robots\" content=\"index, follow, max-snippet:-1, max-image-preview:large, max-video-preview:-1\" \/>\n<link rel=\"canonical\" href=\"https:\/\/trigon.ch\/fr\/a-propos-de-trigon\/fabricants\/smartoptics\/\" \/>\n<meta property=\"og:locale\" content=\"fr_FR\" \/>\n<meta property=\"og:type\" content=\"article\" \/>\n<meta property=\"og:title\" content=\"Le partenaire privil\u00e9gi\u00e9 de Smartoptics en Suisse | Trigon AG\" \/>\n<meta property=\"og:description\" content=\"Les solutions WDM innovantes de Smartoptics sont performantes et peu co\u00fbteuses. En tant que partenaire privil\u00e9gi\u00e9, nous sommes l&#039;alli\u00e9 qu&#039;il vous faut! Pour en d\u00e9couvrir davantage.\" \/>\n<meta property=\"og:url\" content=\"https:\/\/trigon.ch\/fr\/a-propos-de-trigon\/fabricants\/smartoptics\/\" \/>\n<meta property=\"og:site_name\" content=\"Trigon AG\" \/>\n<meta property=\"article:modified_time\" content=\"2020-05-22T12:42:56+00:00\" \/>\n<meta name=\"twitter:card\" content=\"summary_large_image\" \/>\n<script type=\"application\/ld+json\" class=\"yoast-schema-graph\">{\"@context\":\"https:\\\/\\\/schema.org\",\"@graph\":[{\"@type\":\"WebPage\",\"@id\":\"https:\\\/\\\/trigon.ch\\\/fr\\\/a-propos-de-trigon\\\/fabricants\\\/smartoptics\\\/\",\"url\":\"https:\\\/\\\/trigon.ch\\\/fr\\\/a-propos-de-trigon\\\/fabricants\\\/smartoptics\\\/\",\"name\":\"Le partenaire privil\u00e9gi\u00e9 de Smartoptics en Suisse | Trigon AG\",\"isPartOf\":{\"@id\":\"https:\\\/\\\/trigon.ch\\\/#website\"},\"datePublished\":\"2019-11-06T21:36:11+00:00\",\"dateModified\":\"2020-05-22T12:42:56+00:00\",\"description\":\"Les solutions WDM innovantes de Smartoptics sont performantes et peu co\u00fbteuses. En tant que partenaire privil\u00e9gi\u00e9, nous sommes l'alli\u00e9 qu'il vous faut! Pour en d\u00e9couvrir davantage.\",\"breadcrumb\":{\"@id\":\"https:\\\/\\\/trigon.ch\\\/fr\\\/a-propos-de-trigon\\\/fabricants\\\/smartoptics\\\/#breadcrumb\"},\"inLanguage\":\"fr-FR\",\"potentialAction\":[{\"@type\":\"ReadAction\",\"target\":[\"https:\\\/\\\/trigon.ch\\\/fr\\\/a-propos-de-trigon\\\/fabricants\\\/smartoptics\\\/\"]}]},{\"@type\":\"BreadcrumbList\",\"@id\":\"https:\\\/\\\/trigon.ch\\\/fr\\\/a-propos-de-trigon\\\/fabricants\\\/smartoptics\\\/#breadcrumb\",\"itemListElement\":[{\"@type\":\"ListItem\",\"position\":1,\"name\":\"Home\",\"item\":\"https:\\\/\\\/trigon.ch\\\/fr\\\/\"},{\"@type\":\"ListItem\",\"position\":2,\"name\":\"\u00c0 propos de Trigon\",\"item\":\"https:\\\/\\\/trigon.ch\\\/fr\\\/a-propos-de-trigon\\\/\"},{\"@type\":\"ListItem\",\"position\":3,\"name\":\"Fabricants\",\"item\":\"https:\\\/\\\/trigon.ch\\\/fr\\\/a-propos-de-trigon\\\/fabricants\\\/\"},{\"@type\":\"ListItem\",\"position\":4,\"name\":\"Smartoptics\"}]},{\"@type\":\"WebSite\",\"@id\":\"https:\\\/\\\/trigon.ch\\\/#website\",\"url\":\"https:\\\/\\\/trigon.ch\\\/\",\"name\":\"Trigon AG\",\"description\":\"\",\"potentialAction\":[{\"@type\":\"SearchAction\",\"target\":{\"@type\":\"EntryPoint\",\"urlTemplate\":\"https:\\\/\\\/trigon.ch\\\/?s={search_term_string}\"},\"query-input\":{\"@type\":\"PropertyValueSpecification\",\"valueRequired\":true,\"valueName\":\"search_term_string\"}}],\"inLanguage\":\"fr-FR\"}]}<\/script>\n<!-- \/ Yoast SEO plugin. -->","yoast_head_json":{"title":"Le partenaire privil\u00e9gi\u00e9 de Smartoptics en Suisse | Trigon AG","description":"Les solutions WDM innovantes de Smartoptics sont performantes et peu co\u00fbteuses. En tant que partenaire privil\u00e9gi\u00e9, nous sommes l'alli\u00e9 qu'il vous faut! Pour en d\u00e9couvrir davantage.","robots":{"index":"index","follow":"follow","max-snippet":"max-snippet:-1","max-image-preview":"max-image-preview:large","max-video-preview":"max-video-preview:-1"},"canonical":"https:\/\/trigon.ch\/fr\/a-propos-de-trigon\/fabricants\/smartoptics\/","og_locale":"fr_FR","og_type":"article","og_title":"Le partenaire privil\u00e9gi\u00e9 de Smartoptics en Suisse | Trigon AG","og_description":"Les solutions WDM innovantes de Smartoptics sont performantes et peu co\u00fbteuses. En tant que partenaire privil\u00e9gi\u00e9, nous sommes l'alli\u00e9 qu'il vous faut! Pour en d\u00e9couvrir davantage.","og_url":"https:\/\/trigon.ch\/fr\/a-propos-de-trigon\/fabricants\/smartoptics\/","og_site_name":"Trigon AG","article_modified_time":"2020-05-22T12:42:56+00:00","twitter_card":"summary_large_image","schema":{"@context":"https:\/\/schema.org","@graph":[{"@type":"WebPage","@id":"https:\/\/trigon.ch\/fr\/a-propos-de-trigon\/fabricants\/smartoptics\/","url":"https:\/\/trigon.ch\/fr\/a-propos-de-trigon\/fabricants\/smartoptics\/","name":"Le partenaire privil\u00e9gi\u00e9 de Smartoptics en Suisse | Trigon AG","isPartOf":{"@id":"https:\/\/trigon.ch\/#website"},"datePublished":"2019-11-06T21:36:11+00:00","dateModified":"2020-05-22T12:42:56+00:00","description":"Les solutions WDM innovantes de Smartoptics sont performantes et peu co\u00fbteuses. En tant que partenaire privil\u00e9gi\u00e9, nous sommes l'alli\u00e9 qu'il vous faut! Pour en d\u00e9couvrir davantage.","breadcrumb":{"@id":"https:\/\/trigon.ch\/fr\/a-propos-de-trigon\/fabricants\/smartoptics\/#breadcrumb"},"inLanguage":"fr-FR","potentialAction":[{"@type":"ReadAction","target":["https:\/\/trigon.ch\/fr\/a-propos-de-trigon\/fabricants\/smartoptics\/"]}]},{"@type":"BreadcrumbList","@id":"https:\/\/trigon.ch\/fr\/a-propos-de-trigon\/fabricants\/smartoptics\/#breadcrumb","itemListElement":[{"@type":"ListItem","position":1,"name":"Home","item":"https:\/\/trigon.ch\/fr\/"},{"@type":"ListItem","position":2,"name":"\u00c0 propos de Trigon","item":"https:\/\/trigon.ch\/fr\/a-propos-de-trigon\/"},{"@type":"ListItem","position":3,"name":"Fabricants","item":"https:\/\/trigon.ch\/fr\/a-propos-de-trigon\/fabricants\/"},{"@type":"ListItem","position":4,"name":"Smartoptics"}]},{"@type":"WebSite","@id":"https:\/\/trigon.ch\/#website","url":"https:\/\/trigon.ch\/","name":"Trigon AG","description":"","potentialAction":[{"@type":"SearchAction","target":{"@type":"EntryPoint","urlTemplate":"https:\/\/trigon.ch\/?s={search_term_string}"},"query-input":{"@type":"PropertyValueSpecification","valueRequired":true,"valueName":"search_term_string"}}],"inLanguage":"fr-FR"}]}},"_links":{"self":[{"href":"https:\/\/trigon.ch\/fr\/wp-json\/wp\/v2\/pages\/2766","targetHints":{"allow":["GET"]}}],"collection":[{"href":"https:\/\/trigon.ch\/fr\/wp-json\/wp\/v2\/pages"}],"about":[{"href":"https:\/\/trigon.ch\/fr\/wp-json\/wp\/v2\/types\/page"}],"author":[{"embeddable":true,"href":"https:\/\/trigon.ch\/fr\/wp-json\/wp\/v2\/users\/2"}],"replies":[{"embeddable":true,"href":"https:\/\/trigon.ch\/fr\/wp-json\/wp\/v2\/comments?post=2766"}],"version-history":[{"count":0,"href":"https:\/\/trigon.ch\/fr\/wp-json\/wp\/v2\/pages\/2766\/revisions"}],"up":[{"embeddable":true,"href":"https:\/\/trigon.ch\/fr\/wp-json\/wp\/v2\/pages\/2741"}],"wp:attachment":[{"href":"https:\/\/trigon.ch\/fr\/wp-json\/wp\/v2\/media?parent=2766"}],"curies":[{"name":"wp","href":"https:\/\/api.w.org\/{rel}","templated":true}]}}