{"id":2769,"date":"2019-11-04T09:03:21","date_gmt":"2019-11-04T08:03:32","guid":{"rendered":"https:\/\/trigon.ch\/a-propos-de-trigon\/fabricants\/waystream\/"},"modified":"2020-05-22T14:42:59","modified_gmt":"2020-05-22T12:42:59","slug":"waystream","status":"publish","type":"page","link":"https:\/\/trigon.ch\/fr\/a-propos-de-trigon\/fabricants\/waystream\/","title":{"rendered":"Waystream"},"content":{"rendered":"","protected":false},"excerpt":{"rendered":"","protected":false},"author":2,"featured_media":0,"parent":2741,"menu_order":8,"comment_status":"closed","ping_status":"closed","template":"","meta":{"_acf_changed":false,"inline_featured_image":false,"footnotes":""},"class_list":["post-2769","page","type-page","status-publish","hentry"],"acf":{"inhalts_module":[{"acf_fc_layout":"text","text":"<h1>Trigon est le partenaire agr\u00e9\u00e9 de Waystream en Suisse<\/h1>\n<p>Cette soci\u00e9t\u00e9 su\u00e9doise, qui comprend des \u00e9quipes de recherche et d\u00e9veloppement en Su\u00e8de, en Chine et en Inde, nous fournit du mat\u00e9riel adapt\u00e9 aux applications sp\u00e9cifiques pour les r\u00e9seaux <a href=\"https:\/\/trigon.ch\/fr\/solutions-de-reseau\/ftth\/\">d&#8217;acc\u00e8s FTTH<\/a>. Nos clients, y compris les communes, les fournisseurs d&#8217;\u00e9nergie et les op\u00e9rateurs de r\u00e9seau, b\u00e9n\u00e9ficient de r\u00e9seaux haut d\u00e9bit performants pour leurs clients priv\u00e9s et professionnels, comme le montrent les commutateurs d&#8217;acc\u00e8s 10\u00a0Gbit\/s.<\/p>\n<p>Avec Trigon comme partenaire commercial local en Suisse, Waystream garantit une expertise technique ainsi qu&#8217;un service et un support fiables pour la construction et l&#8217;exploitation de services FTTH.<\/p>\n<p>Laissez-vous convaincre par notre expertise dans l&#8217;environnement FTTH.<\/p>\n<p><a href=\"https:\/\/www.waystream.com\/\" target=\"_blank\" rel=\"noopener\"><img loading=\"lazy\" decoding=\"async\" class=\"wp-image-1323 alignleft\" src=\"https:\/\/trigon.ch\/wp-content\/uploads\/2019\/11\/Waystream-Logo.svg\" alt=\"Waystream Logo\" width=\"274\" height=\"152\" \/><\/a><\/p>\n<p><img loading=\"lazy\" decoding=\"async\" class=\" wp-image-1323 alignleft\" src=\"https:\/\/trigon.ch\/wp-content\/uploads\/2019\/11\/Waystream-Logo.svg\" alt=\"Waystream Logo\" width=\"1\" height=\"1\" \/><\/p>\n"},{"acf_fc_layout":"contact","team":{"ID":2790,"post_author":"1","post_date":"2019-09-27 12:12:58","post_date_gmt":"2019-09-27 10:12:19","post_content":"","post_title":"Christoph Good","post_excerpt":"","post_status":"private","comment_status":"closed","ping_status":"closed","post_password":"","post_name":"christoph-good-2","to_ping":"","pinged":"","post_modified":"2026-02-11 14:11:14","post_modified_gmt":"2026-02-11 13:11:14","post_content_filtered":"","post_parent":0,"guid":"https:\/\/trigon.ch\/?team=christoph-good-2","menu_order":4,"post_type":"team","post_mime_type":"","comment_count":"0","filter":"raw"},"text":"Nous distribuons toute la gamme de Waystream. Contactez-nous!"}],"inhaltsmodule_clone":{"inhalts_module":[{"acf_fc_layout":"text","text":"<h1>Trigon est le partenaire agr\u00e9\u00e9 de Waystream en Suisse<\/h1>\n<p>Cette soci\u00e9t\u00e9 su\u00e9doise, qui comprend des \u00e9quipes de recherche et d\u00e9veloppement en Su\u00e8de, en Chine et en Inde, nous fournit du mat\u00e9riel adapt\u00e9 aux applications sp\u00e9cifiques pour les r\u00e9seaux <a href=\"https:\/\/trigon.ch\/fr\/solutions-de-reseau\/ftth\/\">d&#8217;acc\u00e8s FTTH<\/a>. Nos clients, y compris les communes, les fournisseurs d&#8217;\u00e9nergie et les op\u00e9rateurs de r\u00e9seau, b\u00e9n\u00e9ficient de r\u00e9seaux haut d\u00e9bit performants pour leurs clients priv\u00e9s et professionnels, comme le montrent les commutateurs d&#8217;acc\u00e8s 10\u00a0Gbit\/s.<\/p>\n<p>Avec Trigon comme partenaire commercial local en Suisse, Waystream garantit une expertise technique ainsi qu&#8217;un service et un support fiables pour la construction et l&#8217;exploitation de services FTTH.<\/p>\n<p>Laissez-vous convaincre par notre expertise dans l&#8217;environnement FTTH.<\/p>\n<p><a href=\"https:\/\/www.waystream.com\/\" target=\"_blank\" rel=\"noopener\"><img loading=\"lazy\" decoding=\"async\" class=\"wp-image-1323 alignleft\" src=\"https:\/\/trigon.ch\/wp-content\/uploads\/2019\/11\/Waystream-Logo.svg\" alt=\"Waystream Logo\" width=\"274\" height=\"152\" \/><\/a><\/p>\n<p><img loading=\"lazy\" decoding=\"async\" class=\" wp-image-1323 alignleft\" src=\"https:\/\/trigon.ch\/wp-content\/uploads\/2019\/11\/Waystream-Logo.svg\" alt=\"Waystream Logo\" width=\"1\" height=\"1\" \/><\/p>\n"},{"acf_fc_layout":"contact","team":{"ID":2790,"post_author":"1","post_date":"2019-09-27 12:12:58","post_date_gmt":"2019-09-27 10:12:19","post_content":"","post_title":"Christoph Good","post_excerpt":"","post_status":"private","comment_status":"closed","ping_status":"closed","post_password":"","post_name":"christoph-good-2","to_ping":"","pinged":"","post_modified":"2026-02-11 14:11:14","post_modified_gmt":"2026-02-11 13:11:14","post_content_filtered":"","post_parent":0,"guid":"https:\/\/trigon.ch\/?team=christoph-good-2","menu_order":4,"post_type":"team","post_mime_type":"","comment_count":"0","filter":"raw"},"text":"Nous distribuons toute la gamme de Waystream. Contactez-nous!"}]},"feature_image_vertical_focus":"50"},"yoast_head":"<!-- This site is optimized with the Yoast SEO plugin v27.3 - https:\/\/yoast.com\/product\/yoast-seo-wordpress\/ -->\n<title>Le partenaire agr\u00e9\u00e9 de Waystream en Suisse | Trigon AG<\/title>\n<meta name=\"description\" content=\"Vous pouvez acheter les commutateurs d&#039;acc\u00e8s FTTH performants de Waystream chez Trigon en Suisse et b\u00e9n\u00e9ficier ainsi d&#039;une expertise de haut niveau. Informez-vous d\u00e8s maintenant!\" \/>\n<meta name=\"robots\" content=\"index, follow, max-snippet:-1, max-image-preview:large, max-video-preview:-1\" \/>\n<link rel=\"canonical\" href=\"https:\/\/trigon.ch\/fr\/a-propos-de-trigon\/fabricants\/waystream\/\" \/>\n<meta property=\"og:locale\" content=\"fr_FR\" \/>\n<meta property=\"og:type\" content=\"article\" \/>\n<meta property=\"og:title\" content=\"Le partenaire agr\u00e9\u00e9 de Waystream en Suisse | Trigon AG\" \/>\n<meta property=\"og:description\" content=\"Vous pouvez acheter les commutateurs d&#039;acc\u00e8s FTTH performants de Waystream chez Trigon en Suisse et b\u00e9n\u00e9ficier ainsi d&#039;une expertise de haut niveau. Informez-vous d\u00e8s maintenant!\" \/>\n<meta property=\"og:url\" content=\"https:\/\/trigon.ch\/fr\/a-propos-de-trigon\/fabricants\/waystream\/\" \/>\n<meta property=\"og:site_name\" content=\"Trigon AG\" \/>\n<meta property=\"article:modified_time\" content=\"2020-05-22T12:42:59+00:00\" \/>\n<meta name=\"twitter:card\" content=\"summary_large_image\" \/>\n<script type=\"application\/ld+json\" class=\"yoast-schema-graph\">{\"@context\":\"https:\\\/\\\/schema.org\",\"@graph\":[{\"@type\":\"WebPage\",\"@id\":\"https:\\\/\\\/trigon.ch\\\/fr\\\/a-propos-de-trigon\\\/fabricants\\\/waystream\\\/\",\"url\":\"https:\\\/\\\/trigon.ch\\\/fr\\\/a-propos-de-trigon\\\/fabricants\\\/waystream\\\/\",\"name\":\"Le partenaire agr\u00e9\u00e9 de Waystream en Suisse | Trigon AG\",\"isPartOf\":{\"@id\":\"https:\\\/\\\/trigon.ch\\\/#website\"},\"datePublished\":\"2019-11-04T08:03:32+00:00\",\"dateModified\":\"2020-05-22T12:42:59+00:00\",\"description\":\"Vous pouvez acheter les commutateurs d'acc\u00e8s FTTH performants de Waystream chez Trigon en Suisse et b\u00e9n\u00e9ficier ainsi d'une expertise de haut niveau. Informez-vous d\u00e8s maintenant!\",\"breadcrumb\":{\"@id\":\"https:\\\/\\\/trigon.ch\\\/fr\\\/a-propos-de-trigon\\\/fabricants\\\/waystream\\\/#breadcrumb\"},\"inLanguage\":\"fr-FR\",\"potentialAction\":[{\"@type\":\"ReadAction\",\"target\":[\"https:\\\/\\\/trigon.ch\\\/fr\\\/a-propos-de-trigon\\\/fabricants\\\/waystream\\\/\"]}]},{\"@type\":\"BreadcrumbList\",\"@id\":\"https:\\\/\\\/trigon.ch\\\/fr\\\/a-propos-de-trigon\\\/fabricants\\\/waystream\\\/#breadcrumb\",\"itemListElement\":[{\"@type\":\"ListItem\",\"position\":1,\"name\":\"Home\",\"item\":\"https:\\\/\\\/trigon.ch\\\/fr\\\/\"},{\"@type\":\"ListItem\",\"position\":2,\"name\":\"\u00c0 propos de Trigon\",\"item\":\"https:\\\/\\\/trigon.ch\\\/fr\\\/a-propos-de-trigon\\\/\"},{\"@type\":\"ListItem\",\"position\":3,\"name\":\"Fabricants\",\"item\":\"https:\\\/\\\/trigon.ch\\\/fr\\\/a-propos-de-trigon\\\/fabricants\\\/\"},{\"@type\":\"ListItem\",\"position\":4,\"name\":\"Waystream\"}]},{\"@type\":\"WebSite\",\"@id\":\"https:\\\/\\\/trigon.ch\\\/#website\",\"url\":\"https:\\\/\\\/trigon.ch\\\/\",\"name\":\"Trigon AG\",\"description\":\"\",\"potentialAction\":[{\"@type\":\"SearchAction\",\"target\":{\"@type\":\"EntryPoint\",\"urlTemplate\":\"https:\\\/\\\/trigon.ch\\\/?s={search_term_string}\"},\"query-input\":{\"@type\":\"PropertyValueSpecification\",\"valueRequired\":true,\"valueName\":\"search_term_string\"}}],\"inLanguage\":\"fr-FR\"}]}<\/script>\n<!-- \/ Yoast SEO plugin. -->","yoast_head_json":{"title":"Le partenaire agr\u00e9\u00e9 de Waystream en Suisse | Trigon AG","description":"Vous pouvez acheter les commutateurs d'acc\u00e8s FTTH performants de Waystream chez Trigon en Suisse et b\u00e9n\u00e9ficier ainsi d'une expertise de haut niveau. Informez-vous d\u00e8s maintenant!","robots":{"index":"index","follow":"follow","max-snippet":"max-snippet:-1","max-image-preview":"max-image-preview:large","max-video-preview":"max-video-preview:-1"},"canonical":"https:\/\/trigon.ch\/fr\/a-propos-de-trigon\/fabricants\/waystream\/","og_locale":"fr_FR","og_type":"article","og_title":"Le partenaire agr\u00e9\u00e9 de Waystream en Suisse | Trigon AG","og_description":"Vous pouvez acheter les commutateurs d'acc\u00e8s FTTH performants de Waystream chez Trigon en Suisse et b\u00e9n\u00e9ficier ainsi d'une expertise de haut niveau. Informez-vous d\u00e8s maintenant!","og_url":"https:\/\/trigon.ch\/fr\/a-propos-de-trigon\/fabricants\/waystream\/","og_site_name":"Trigon AG","article_modified_time":"2020-05-22T12:42:59+00:00","twitter_card":"summary_large_image","schema":{"@context":"https:\/\/schema.org","@graph":[{"@type":"WebPage","@id":"https:\/\/trigon.ch\/fr\/a-propos-de-trigon\/fabricants\/waystream\/","url":"https:\/\/trigon.ch\/fr\/a-propos-de-trigon\/fabricants\/waystream\/","name":"Le partenaire agr\u00e9\u00e9 de Waystream en Suisse | Trigon AG","isPartOf":{"@id":"https:\/\/trigon.ch\/#website"},"datePublished":"2019-11-04T08:03:32+00:00","dateModified":"2020-05-22T12:42:59+00:00","description":"Vous pouvez acheter les commutateurs d'acc\u00e8s FTTH performants de Waystream chez Trigon en Suisse et b\u00e9n\u00e9ficier ainsi d'une expertise de haut niveau. Informez-vous d\u00e8s maintenant!","breadcrumb":{"@id":"https:\/\/trigon.ch\/fr\/a-propos-de-trigon\/fabricants\/waystream\/#breadcrumb"},"inLanguage":"fr-FR","potentialAction":[{"@type":"ReadAction","target":["https:\/\/trigon.ch\/fr\/a-propos-de-trigon\/fabricants\/waystream\/"]}]},{"@type":"BreadcrumbList","@id":"https:\/\/trigon.ch\/fr\/a-propos-de-trigon\/fabricants\/waystream\/#breadcrumb","itemListElement":[{"@type":"ListItem","position":1,"name":"Home","item":"https:\/\/trigon.ch\/fr\/"},{"@type":"ListItem","position":2,"name":"\u00c0 propos de Trigon","item":"https:\/\/trigon.ch\/fr\/a-propos-de-trigon\/"},{"@type":"ListItem","position":3,"name":"Fabricants","item":"https:\/\/trigon.ch\/fr\/a-propos-de-trigon\/fabricants\/"},{"@type":"ListItem","position":4,"name":"Waystream"}]},{"@type":"WebSite","@id":"https:\/\/trigon.ch\/#website","url":"https:\/\/trigon.ch\/","name":"Trigon AG","description":"","potentialAction":[{"@type":"SearchAction","target":{"@type":"EntryPoint","urlTemplate":"https:\/\/trigon.ch\/?s={search_term_string}"},"query-input":{"@type":"PropertyValueSpecification","valueRequired":true,"valueName":"search_term_string"}}],"inLanguage":"fr-FR"}]}},"_links":{"self":[{"href":"https:\/\/trigon.ch\/fr\/wp-json\/wp\/v2\/pages\/2769","targetHints":{"allow":["GET"]}}],"collection":[{"href":"https:\/\/trigon.ch\/fr\/wp-json\/wp\/v2\/pages"}],"about":[{"href":"https:\/\/trigon.ch\/fr\/wp-json\/wp\/v2\/types\/page"}],"author":[{"embeddable":true,"href":"https:\/\/trigon.ch\/fr\/wp-json\/wp\/v2\/users\/2"}],"replies":[{"embeddable":true,"href":"https:\/\/trigon.ch\/fr\/wp-json\/wp\/v2\/comments?post=2769"}],"version-history":[{"count":0,"href":"https:\/\/trigon.ch\/fr\/wp-json\/wp\/v2\/pages\/2769\/revisions"}],"up":[{"embeddable":true,"href":"https:\/\/trigon.ch\/fr\/wp-json\/wp\/v2\/pages\/2741"}],"wp:attachment":[{"href":"https:\/\/trigon.ch\/fr\/wp-json\/wp\/v2\/media?parent=2769"}],"curies":[{"name":"wp","href":"https:\/\/api.w.org\/{rel}","templated":true}]}}