{"id":2777,"date":"2019-11-05T10:45:21","date_gmt":"2019-11-05T09:45:23","guid":{"rendered":"https:\/\/trigon.ch\/gestion-de-reseau\/netzwerktopologie\/"},"modified":"2020-05-22T16:16:42","modified_gmt":"2020-05-22T14:16:42","slug":"topologie-de-reseau","status":"publish","type":"page","link":"https:\/\/trigon.ch\/fr\/gestion-de-reseau\/topologie-de-reseau\/","title":{"rendered":"Topologie de r\u00e9seau"},"content":{"rendered":"","protected":false},"excerpt":{"rendered":"","protected":false},"author":2,"featured_media":1214,"parent":2630,"menu_order":1,"comment_status":"closed","ping_status":"closed","template":"","meta":{"_acf_changed":false,"inline_featured_image":false,"footnotes":""},"class_list":["post-2777","page","type-page","status-publish","has-post-thumbnail","hentry"],"acf":{"inhalts_module":[{"acf_fc_layout":"heading","seo_title":{"titel":"La topologie de r\u00e9seau d\u00e9finit la fiabilit\u00e9","tag":"h1"},"headline":"Nous vous aidons \u00e0 d\u00e9finir la topologie de r\u00e9seau adapt\u00e9e \u00e0 votre application."},{"acf_fc_layout":"text","text":"<h2>Quel est l&#8217;impact de la topologie de r\u00e9seau?<\/h2>\n<p>Vous \u00eates responsable de la connexion entre deux centres de donn\u00e9es? Ou de la mise en r\u00e9seau de plusieurs panneaux d&#8217;affichage dans les gares? Ou de dizaines de capteurs \u00e0 une application d&#8217;\u00e9valuation pour la surveillance des valeurs limites relatives \u00e0 l&#8217;air? La topologie sera alors diff\u00e9rente d&#8217;un r\u00e9seau \u00e0 l&#8217;autre.<\/p>\n<p>Chaque application a en effet des exigences sp\u00e9cifiques en mati\u00e8re de <strong>disponibilit\u00e9<\/strong> ou <strong>de fiabilit\u00e9, de latence<\/strong> et de <strong>co\u00fbts<\/strong>, dont les caract\u00e9ristiques d\u00e9finissent la topologie de r\u00e9seau. La <strong>topologie physique<\/strong> d\u00e9crit la position des appareils sur le r\u00e9seau, tandis que la <strong>topologie logique<\/strong> d\u00e9crit le flux de donn\u00e9es entre les appareils.<\/p>\n<h2>Comment choisir la topologie ad\u00e9quate?<\/h2>\n<p>Pour r\u00e9pondre \u00e0 cette question, nous nous tenons \u00e0 votre disposition afin de vous assister avec notre expertise. Ces 4 crit\u00e8res peuvent peut-\u00eatre d\u00e9j\u00e0 vous aider:<\/p>\n<p><strong>Nombre de sites:<\/strong> s&#8217;agit-il d&#8217;une liaison point \u00e0 point, par exemple entre deux centres de donn\u00e9es, ou de la mise en r\u00e9seau maill\u00e9e de plusieurs sites? Ou un anneau offre-t-il une connexion optimale?<\/p>\n<p><strong>Connectivit\u00e9:<\/strong>  \u00e0 quel point une disponibilit\u00e9 \u00e9lev\u00e9e est-elle \u00e9lev\u00e9e? Est-ce que 90\u00a0% suffisent ou faut-il aller jusqu&#8217;\u00e0 99\u00a0%? Plus l&#8217;itin\u00e9raire est redondant, plus le r\u00e9seau est fiable.<\/p>\n<p><strong>Bande passante:<\/strong> la moiti\u00e9 de la capacit\u00e9 peut-elle temporairement suffire en cas d&#8217;incident ou la capacit\u00e9 maximale devrait-elle \u00eatre toujours disponible?<\/p>\n<p><strong>Co\u00fbts:<\/strong> chaque n\u0153ud suppl\u00e9mentaire du r\u00e9seau, chaque niveau de redondance a un prix. Qu&#8217;est-ce qui convient \u00e0 mon application?<\/p>\n<h3>Comment cr\u00e9er une redondance?<\/h3>\n<ul>\n<li><strong>Couche 1:<\/strong> il s&#8217;agit de la couche des connexions physiques.<\/li>\n<li><strong>Couche 2+:<\/strong> \u00e0 partir de la couche 2, c&#8217;est la logique dans le commutateur et\/ou le protocole qui assurent la redondance.<\/li>\n<\/ul>\n<p><strong>Par ailleurs:<\/strong> la topologie ne se limite pas aux r\u00e9seaux filaires, elle d\u00e9finit \u00e9galement la qualit\u00e9 du r\u00e9seau pour les applications sans fil, telles que les applications IoT. Avec la seule diff\u00e9rence que l&#8217;air fait ici office de moyen de transmission et que le r\u00e9seau est construit \u00e0 partir de diff\u00e9rentes antennes. Ici aussi, on trouve des r\u00e9seaux point \u00e0 point &#8211; one to many &#8211; ou maill\u00e9s (Meshed Networks).<\/p>\n"},{"acf_fc_layout":"text","text":"<h2>Disponibilit\u00e9 \u00e9lev\u00e9e gr\u00e2ce \u00e0 une redondance compl\u00e8te<\/h2>\n<p>Une disponibilit\u00e9 \u00e9lev\u00e9e des r\u00e9seaux, sans perte de bande passante ou de connectivit\u00e9, est notamment n\u00e9cessaire dans l&#8217;interconnexion des centres de donn\u00e9es (Datacenter Interconnect, DCI) ou des r\u00e9seaux de stockage (Storage Area Networks, SAN). Une topologie de r\u00e9seau adapt\u00e9e permet de cr\u00e9er des r\u00e9seaux de transmission hautement disponibles et s\u00e9curis\u00e9s. Outre les connexions point \u00e0 point, nous offrons \u00e9galement des r\u00e9seaux de <span style=\"font-family: SyntaxLTStd-Roman; font-size: 20px;\">x<\/span><span style=\"font-size: 2rem;\">communication xWDM complets.<\/span><\/p>\n<p>La conception classique offre une redondance compl\u00e8te du mat\u00e9riel et de la fibre optique. Quel que soit l&#8217;\u00e9l\u00e9ment sorti, le trafic de donn\u00e9es se poursuit gr\u00e2ce \u00e0 une automatisation intelligente. En plus d&#8217;une disponibilit\u00e9 \u00e9lev\u00e9e, vous b\u00e9n\u00e9ficiez de temps de commutation courts en cas d&#8217;interf\u00e9rences ou de raccordements flexibles des bandes passantes.<\/p>\n"},{"acf_fc_layout":"text","text":"<h2>Que se passe-t-il en cas d&#8217;incident?<\/h2>\n<p>Il est malheureusement impossible d&#8217;exclure totalement les incidents. Lors des travaux de construction, une fibre optique peut \u00eatre d\u00e9truite ou une pi\u00e8ce de mat\u00e9riel cass\u00e9e. Nous rem\u00e9dions au plus vite \u00e0 ces dommages temporaires pour nos clients, conform\u00e9ment au SLA d\u00e9fini. Dans notre entrep\u00f4t en Suisse, les pi\u00e8ces de rechange sont pr\u00eates \u00e0 l&#8217;emploi et ne sont pas bloqu\u00e9es \u00e0 la douane.<\/p>\n"},{"acf_fc_layout":"text","text":"<h2>Notre offre<\/h2>\n<p>Nous concevons avec vous la topologie de r\u00e9seau souhait\u00e9e ainsi que la disponibilit\u00e9 du r\u00e9seau. Toutes les applications n&#8217;ont pas besoin d&#8217;un r\u00e9seau hautement disponible. Gr\u00e2ce \u00e0 notre gamme de solutions modulaires, \u00e0 notre expertise et \u00e0 nos offres de maintenance et de service, nous pouvons trouver une solution adapt\u00e9e \u00e0 chaque application.<\/p>\n"},{"acf_fc_layout":"contact","team":{"ID":2790,"post_author":"1","post_date":"2019-09-27 12:12:58","post_date_gmt":"2019-09-27 10:12:19","post_content":"","post_title":"Christoph Good","post_excerpt":"","post_status":"private","comment_status":"closed","ping_status":"closed","post_password":"","post_name":"christoph-good-2","to_ping":"","pinged":"","post_modified":"2026-02-11 14:11:14","post_modified_gmt":"2026-02-11 13:11:14","post_content_filtered":"","post_parent":0,"guid":"https:\/\/trigon.ch\/?team=christoph-good-2","menu_order":4,"post_type":"team","post_mime_type":"","comment_count":"0","filter":"raw"},"text":"Je vous conseille sur le th\u00e8me de la topologie. Nous trouvons une solution pour chaque r\u00e9seau, du plus simple au plus sophistiqu\u00e9."}],"inhaltsmodule_clone":{"inhalts_module":[{"acf_fc_layout":"heading","seo_title":{"titel":"La topologie de r\u00e9seau d\u00e9finit la fiabilit\u00e9","tag":"h1"},"headline":"Nous vous aidons \u00e0 d\u00e9finir la topologie de r\u00e9seau adapt\u00e9e \u00e0 votre application."},{"acf_fc_layout":"text","text":"<h2>Quel est l&#8217;impact de la topologie de r\u00e9seau?<\/h2>\n<p>Vous \u00eates responsable de la connexion entre deux centres de donn\u00e9es? Ou de la mise en r\u00e9seau de plusieurs panneaux d&#8217;affichage dans les gares? Ou de dizaines de capteurs \u00e0 une application d&#8217;\u00e9valuation pour la surveillance des valeurs limites relatives \u00e0 l&#8217;air? La topologie sera alors diff\u00e9rente d&#8217;un r\u00e9seau \u00e0 l&#8217;autre.<\/p>\n<p>Chaque application a en effet des exigences sp\u00e9cifiques en mati\u00e8re de <strong>disponibilit\u00e9<\/strong> ou <strong>de fiabilit\u00e9, de latence<\/strong> et de <strong>co\u00fbts<\/strong>, dont les caract\u00e9ristiques d\u00e9finissent la topologie de r\u00e9seau. La <strong>topologie physique<\/strong> d\u00e9crit la position des appareils sur le r\u00e9seau, tandis que la <strong>topologie logique<\/strong> d\u00e9crit le flux de donn\u00e9es entre les appareils.<\/p>\n<h2>Comment choisir la topologie ad\u00e9quate?<\/h2>\n<p>Pour r\u00e9pondre \u00e0 cette question, nous nous tenons \u00e0 votre disposition afin de vous assister avec notre expertise. Ces 4 crit\u00e8res peuvent peut-\u00eatre d\u00e9j\u00e0 vous aider:<\/p>\n<p><strong>Nombre de sites:<\/strong> s&#8217;agit-il d&#8217;une liaison point \u00e0 point, par exemple entre deux centres de donn\u00e9es, ou de la mise en r\u00e9seau maill\u00e9e de plusieurs sites? Ou un anneau offre-t-il une connexion optimale?<\/p>\n<p><strong>Connectivit\u00e9:<\/strong>  \u00e0 quel point une disponibilit\u00e9 \u00e9lev\u00e9e est-elle \u00e9lev\u00e9e? Est-ce que 90\u00a0% suffisent ou faut-il aller jusqu&#8217;\u00e0 99\u00a0%? Plus l&#8217;itin\u00e9raire est redondant, plus le r\u00e9seau est fiable.<\/p>\n<p><strong>Bande passante:<\/strong> la moiti\u00e9 de la capacit\u00e9 peut-elle temporairement suffire en cas d&#8217;incident ou la capacit\u00e9 maximale devrait-elle \u00eatre toujours disponible?<\/p>\n<p><strong>Co\u00fbts:<\/strong> chaque n\u0153ud suppl\u00e9mentaire du r\u00e9seau, chaque niveau de redondance a un prix. Qu&#8217;est-ce qui convient \u00e0 mon application?<\/p>\n<h3>Comment cr\u00e9er une redondance?<\/h3>\n<ul>\n<li><strong>Couche 1:<\/strong> il s&#8217;agit de la couche des connexions physiques.<\/li>\n<li><strong>Couche 2+:<\/strong> \u00e0 partir de la couche 2, c&#8217;est la logique dans le commutateur et\/ou le protocole qui assurent la redondance.<\/li>\n<\/ul>\n<p><strong>Par ailleurs:<\/strong> la topologie ne se limite pas aux r\u00e9seaux filaires, elle d\u00e9finit \u00e9galement la qualit\u00e9 du r\u00e9seau pour les applications sans fil, telles que les applications IoT. Avec la seule diff\u00e9rence que l&#8217;air fait ici office de moyen de transmission et que le r\u00e9seau est construit \u00e0 partir de diff\u00e9rentes antennes. Ici aussi, on trouve des r\u00e9seaux point \u00e0 point &#8211; one to many &#8211; ou maill\u00e9s (Meshed Networks).<\/p>\n"},{"acf_fc_layout":"text","text":"<h2>Disponibilit\u00e9 \u00e9lev\u00e9e gr\u00e2ce \u00e0 une redondance compl\u00e8te<\/h2>\n<p>Une disponibilit\u00e9 \u00e9lev\u00e9e des r\u00e9seaux, sans perte de bande passante ou de connectivit\u00e9, est notamment n\u00e9cessaire dans l&#8217;interconnexion des centres de donn\u00e9es (Datacenter Interconnect, DCI) ou des r\u00e9seaux de stockage (Storage Area Networks, SAN). Une topologie de r\u00e9seau adapt\u00e9e permet de cr\u00e9er des r\u00e9seaux de transmission hautement disponibles et s\u00e9curis\u00e9s. Outre les connexions point \u00e0 point, nous offrons \u00e9galement des r\u00e9seaux de <span style=\"font-family: SyntaxLTStd-Roman; font-size: 20px;\">x<\/span><span style=\"font-size: 2rem;\">communication xWDM complets.<\/span><\/p>\n<p>La conception classique offre une redondance compl\u00e8te du mat\u00e9riel et de la fibre optique. Quel que soit l&#8217;\u00e9l\u00e9ment sorti, le trafic de donn\u00e9es se poursuit gr\u00e2ce \u00e0 une automatisation intelligente. En plus d&#8217;une disponibilit\u00e9 \u00e9lev\u00e9e, vous b\u00e9n\u00e9ficiez de temps de commutation courts en cas d&#8217;interf\u00e9rences ou de raccordements flexibles des bandes passantes.<\/p>\n"},{"acf_fc_layout":"text","text":"<h2>Que se passe-t-il en cas d&#8217;incident?<\/h2>\n<p>Il est malheureusement impossible d&#8217;exclure totalement les incidents. Lors des travaux de construction, une fibre optique peut \u00eatre d\u00e9truite ou une pi\u00e8ce de mat\u00e9riel cass\u00e9e. Nous rem\u00e9dions au plus vite \u00e0 ces dommages temporaires pour nos clients, conform\u00e9ment au SLA d\u00e9fini. Dans notre entrep\u00f4t en Suisse, les pi\u00e8ces de rechange sont pr\u00eates \u00e0 l&#8217;emploi et ne sont pas bloqu\u00e9es \u00e0 la douane.<\/p>\n"},{"acf_fc_layout":"text","text":"<h2>Notre offre<\/h2>\n<p>Nous concevons avec vous la topologie de r\u00e9seau souhait\u00e9e ainsi que la disponibilit\u00e9 du r\u00e9seau. Toutes les applications n&#8217;ont pas besoin d&#8217;un r\u00e9seau hautement disponible. Gr\u00e2ce \u00e0 notre gamme de solutions modulaires, \u00e0 notre expertise et \u00e0 nos offres de maintenance et de service, nous pouvons trouver une solution adapt\u00e9e \u00e0 chaque application.<\/p>\n"},{"acf_fc_layout":"contact","team":{"ID":2790,"post_author":"1","post_date":"2019-09-27 12:12:58","post_date_gmt":"2019-09-27 10:12:19","post_content":"","post_title":"Christoph Good","post_excerpt":"","post_status":"private","comment_status":"closed","ping_status":"closed","post_password":"","post_name":"christoph-good-2","to_ping":"","pinged":"","post_modified":"2026-02-11 14:11:14","post_modified_gmt":"2026-02-11 13:11:14","post_content_filtered":"","post_parent":0,"guid":"https:\/\/trigon.ch\/?team=christoph-good-2","menu_order":4,"post_type":"team","post_mime_type":"","comment_count":"0","filter":"raw"},"text":"Je vous conseille sur le th\u00e8me de la topologie. Nous trouvons une solution pour chaque r\u00e9seau, du plus simple au plus sophistiqu\u00e9."}]},"feature_image_vertical_focus":"50"},"yoast_head":"<!-- This site is optimized with the Yoast SEO plugin v27.3 - https:\/\/yoast.com\/product\/yoast-seo-wordpress\/ -->\n<title>Topologie de r\u00e9seau pour les r\u00e9seaux performants | Trigon AG<\/title>\n<meta name=\"description\" content=\"La disponibilit\u00e9, la latence et les co\u00fbts sont autant de crit\u00e8res d\u00e9finis par la topologie de r\u00e9seau. N&#039;h\u00e9sitez pas \u00e0 nous faire part de vos exigences.\" \/>\n<meta name=\"robots\" content=\"index, follow, max-snippet:-1, max-image-preview:large, max-video-preview:-1\" \/>\n<link rel=\"canonical\" href=\"https:\/\/trigon.ch\/fr\/gestion-de-reseau\/topologie-de-reseau\/\" \/>\n<meta property=\"og:locale\" content=\"fr_FR\" \/>\n<meta property=\"og:type\" content=\"article\" \/>\n<meta property=\"og:title\" content=\"Topologie de r\u00e9seau pour les r\u00e9seaux performants | Trigon AG\" \/>\n<meta property=\"og:description\" content=\"La disponibilit\u00e9, la latence et les co\u00fbts sont autant de crit\u00e8res d\u00e9finis par la topologie de r\u00e9seau. N&#039;h\u00e9sitez pas \u00e0 nous faire part de vos exigences.\" \/>\n<meta property=\"og:url\" content=\"https:\/\/trigon.ch\/fr\/gestion-de-reseau\/topologie-de-reseau\/\" \/>\n<meta property=\"og:site_name\" content=\"Trigon AG\" \/>\n<meta property=\"article:modified_time\" content=\"2020-05-22T14:16:42+00:00\" \/>\n<meta property=\"og:image\" content=\"https:\/\/trigon.ch\/wp-content\/uploads\/2019\/11\/Trigon_Netzwerktopologie_1920x1080px.jpg\" \/>\n\t<meta property=\"og:image:width\" content=\"1920\" \/>\n\t<meta property=\"og:image:height\" content=\"1080\" \/>\n\t<meta property=\"og:image:type\" content=\"image\/jpeg\" \/>\n<meta name=\"twitter:card\" content=\"summary_large_image\" \/>\n<script type=\"application\/ld+json\" class=\"yoast-schema-graph\">{\"@context\":\"https:\\\/\\\/schema.org\",\"@graph\":[{\"@type\":\"WebPage\",\"@id\":\"https:\\\/\\\/trigon.ch\\\/fr\\\/gestion-de-reseau\\\/topologie-de-reseau\\\/\",\"url\":\"https:\\\/\\\/trigon.ch\\\/fr\\\/gestion-de-reseau\\\/topologie-de-reseau\\\/\",\"name\":\"Topologie de r\u00e9seau pour les r\u00e9seaux performants | Trigon AG\",\"isPartOf\":{\"@id\":\"https:\\\/\\\/trigon.ch\\\/#website\"},\"primaryImageOfPage\":{\"@id\":\"https:\\\/\\\/trigon.ch\\\/fr\\\/gestion-de-reseau\\\/topologie-de-reseau\\\/#primaryimage\"},\"image\":{\"@id\":\"https:\\\/\\\/trigon.ch\\\/fr\\\/gestion-de-reseau\\\/topologie-de-reseau\\\/#primaryimage\"},\"thumbnailUrl\":\"https:\\\/\\\/trigon.ch\\\/wp-content\\\/uploads\\\/2019\\\/11\\\/Trigon_Netzwerktopologie_1920x1080px.jpg\",\"datePublished\":\"2019-11-05T09:45:23+00:00\",\"dateModified\":\"2020-05-22T14:16:42+00:00\",\"description\":\"La disponibilit\u00e9, la latence et les co\u00fbts sont autant de crit\u00e8res d\u00e9finis par la topologie de r\u00e9seau. N'h\u00e9sitez pas \u00e0 nous faire part de vos exigences.\",\"breadcrumb\":{\"@id\":\"https:\\\/\\\/trigon.ch\\\/fr\\\/gestion-de-reseau\\\/topologie-de-reseau\\\/#breadcrumb\"},\"inLanguage\":\"fr-FR\",\"potentialAction\":[{\"@type\":\"ReadAction\",\"target\":[\"https:\\\/\\\/trigon.ch\\\/fr\\\/gestion-de-reseau\\\/topologie-de-reseau\\\/\"]}]},{\"@type\":\"ImageObject\",\"inLanguage\":\"fr-FR\",\"@id\":\"https:\\\/\\\/trigon.ch\\\/fr\\\/gestion-de-reseau\\\/topologie-de-reseau\\\/#primaryimage\",\"url\":\"https:\\\/\\\/trigon.ch\\\/wp-content\\\/uploads\\\/2019\\\/11\\\/Trigon_Netzwerktopologie_1920x1080px.jpg\",\"contentUrl\":\"https:\\\/\\\/trigon.ch\\\/wp-content\\\/uploads\\\/2019\\\/11\\\/Trigon_Netzwerktopologie_1920x1080px.jpg\",\"width\":1920,\"height\":1080},{\"@type\":\"BreadcrumbList\",\"@id\":\"https:\\\/\\\/trigon.ch\\\/fr\\\/gestion-de-reseau\\\/topologie-de-reseau\\\/#breadcrumb\",\"itemListElement\":[{\"@type\":\"ListItem\",\"position\":1,\"name\":\"Home\",\"item\":\"https:\\\/\\\/trigon.ch\\\/fr\\\/\"},{\"@type\":\"ListItem\",\"position\":2,\"name\":\"Gestion de r\u00e9seau\",\"item\":\"https:\\\/\\\/trigon.ch\\\/fr\\\/gestion-de-reseau\\\/\"},{\"@type\":\"ListItem\",\"position\":3,\"name\":\"Topologie de r\u00e9seau\"}]},{\"@type\":\"WebSite\",\"@id\":\"https:\\\/\\\/trigon.ch\\\/#website\",\"url\":\"https:\\\/\\\/trigon.ch\\\/\",\"name\":\"Trigon AG\",\"description\":\"\",\"potentialAction\":[{\"@type\":\"SearchAction\",\"target\":{\"@type\":\"EntryPoint\",\"urlTemplate\":\"https:\\\/\\\/trigon.ch\\\/?s={search_term_string}\"},\"query-input\":{\"@type\":\"PropertyValueSpecification\",\"valueRequired\":true,\"valueName\":\"search_term_string\"}}],\"inLanguage\":\"fr-FR\"}]}<\/script>\n<!-- \/ Yoast SEO plugin. -->","yoast_head_json":{"title":"Topologie de r\u00e9seau pour les r\u00e9seaux performants | Trigon AG","description":"La disponibilit\u00e9, la latence et les co\u00fbts sont autant de crit\u00e8res d\u00e9finis par la topologie de r\u00e9seau. N'h\u00e9sitez pas \u00e0 nous faire part de vos exigences.","robots":{"index":"index","follow":"follow","max-snippet":"max-snippet:-1","max-image-preview":"max-image-preview:large","max-video-preview":"max-video-preview:-1"},"canonical":"https:\/\/trigon.ch\/fr\/gestion-de-reseau\/topologie-de-reseau\/","og_locale":"fr_FR","og_type":"article","og_title":"Topologie de r\u00e9seau pour les r\u00e9seaux performants | Trigon AG","og_description":"La disponibilit\u00e9, la latence et les co\u00fbts sont autant de crit\u00e8res d\u00e9finis par la topologie de r\u00e9seau. N'h\u00e9sitez pas \u00e0 nous faire part de vos exigences.","og_url":"https:\/\/trigon.ch\/fr\/gestion-de-reseau\/topologie-de-reseau\/","og_site_name":"Trigon AG","article_modified_time":"2020-05-22T14:16:42+00:00","og_image":[{"width":1920,"height":1080,"url":"https:\/\/trigon.ch\/wp-content\/uploads\/2019\/11\/Trigon_Netzwerktopologie_1920x1080px.jpg","type":"image\/jpeg"}],"twitter_card":"summary_large_image","schema":{"@context":"https:\/\/schema.org","@graph":[{"@type":"WebPage","@id":"https:\/\/trigon.ch\/fr\/gestion-de-reseau\/topologie-de-reseau\/","url":"https:\/\/trigon.ch\/fr\/gestion-de-reseau\/topologie-de-reseau\/","name":"Topologie de r\u00e9seau pour les r\u00e9seaux performants | Trigon AG","isPartOf":{"@id":"https:\/\/trigon.ch\/#website"},"primaryImageOfPage":{"@id":"https:\/\/trigon.ch\/fr\/gestion-de-reseau\/topologie-de-reseau\/#primaryimage"},"image":{"@id":"https:\/\/trigon.ch\/fr\/gestion-de-reseau\/topologie-de-reseau\/#primaryimage"},"thumbnailUrl":"https:\/\/trigon.ch\/wp-content\/uploads\/2019\/11\/Trigon_Netzwerktopologie_1920x1080px.jpg","datePublished":"2019-11-05T09:45:23+00:00","dateModified":"2020-05-22T14:16:42+00:00","description":"La disponibilit\u00e9, la latence et les co\u00fbts sont autant de crit\u00e8res d\u00e9finis par la topologie de r\u00e9seau. N'h\u00e9sitez pas \u00e0 nous faire part de vos exigences.","breadcrumb":{"@id":"https:\/\/trigon.ch\/fr\/gestion-de-reseau\/topologie-de-reseau\/#breadcrumb"},"inLanguage":"fr-FR","potentialAction":[{"@type":"ReadAction","target":["https:\/\/trigon.ch\/fr\/gestion-de-reseau\/topologie-de-reseau\/"]}]},{"@type":"ImageObject","inLanguage":"fr-FR","@id":"https:\/\/trigon.ch\/fr\/gestion-de-reseau\/topologie-de-reseau\/#primaryimage","url":"https:\/\/trigon.ch\/wp-content\/uploads\/2019\/11\/Trigon_Netzwerktopologie_1920x1080px.jpg","contentUrl":"https:\/\/trigon.ch\/wp-content\/uploads\/2019\/11\/Trigon_Netzwerktopologie_1920x1080px.jpg","width":1920,"height":1080},{"@type":"BreadcrumbList","@id":"https:\/\/trigon.ch\/fr\/gestion-de-reseau\/topologie-de-reseau\/#breadcrumb","itemListElement":[{"@type":"ListItem","position":1,"name":"Home","item":"https:\/\/trigon.ch\/fr\/"},{"@type":"ListItem","position":2,"name":"Gestion de r\u00e9seau","item":"https:\/\/trigon.ch\/fr\/gestion-de-reseau\/"},{"@type":"ListItem","position":3,"name":"Topologie de r\u00e9seau"}]},{"@type":"WebSite","@id":"https:\/\/trigon.ch\/#website","url":"https:\/\/trigon.ch\/","name":"Trigon AG","description":"","potentialAction":[{"@type":"SearchAction","target":{"@type":"EntryPoint","urlTemplate":"https:\/\/trigon.ch\/?s={search_term_string}"},"query-input":{"@type":"PropertyValueSpecification","valueRequired":true,"valueName":"search_term_string"}}],"inLanguage":"fr-FR"}]}},"_links":{"self":[{"href":"https:\/\/trigon.ch\/fr\/wp-json\/wp\/v2\/pages\/2777","targetHints":{"allow":["GET"]}}],"collection":[{"href":"https:\/\/trigon.ch\/fr\/wp-json\/wp\/v2\/pages"}],"about":[{"href":"https:\/\/trigon.ch\/fr\/wp-json\/wp\/v2\/types\/page"}],"author":[{"embeddable":true,"href":"https:\/\/trigon.ch\/fr\/wp-json\/wp\/v2\/users\/2"}],"replies":[{"embeddable":true,"href":"https:\/\/trigon.ch\/fr\/wp-json\/wp\/v2\/comments?post=2777"}],"version-history":[{"count":0,"href":"https:\/\/trigon.ch\/fr\/wp-json\/wp\/v2\/pages\/2777\/revisions"}],"up":[{"embeddable":true,"href":"https:\/\/trigon.ch\/fr\/wp-json\/wp\/v2\/pages\/2630"}],"wp:featuredmedia":[{"embeddable":true,"href":"https:\/\/trigon.ch\/fr\/wp-json\/wp\/v2\/media\/1214"}],"wp:attachment":[{"href":"https:\/\/trigon.ch\/fr\/wp-json\/wp\/v2\/media?parent=2777"}],"curies":[{"name":"wp","href":"https:\/\/api.w.org\/{rel}","templated":true}]}}