{"id":3348,"date":"2023-08-24T10:39:50","date_gmt":"2023-08-24T08:39:50","guid":{"rendered":"https:\/\/trigon.ch\/?page_id=3348"},"modified":"2023-08-24T11:34:49","modified_gmt":"2023-08-24T09:34:49","slug":"kerlink","status":"publish","type":"page","link":"https:\/\/trigon.ch\/fr\/a-propos-de-trigon\/fabricants\/kerlink\/","title":{"rendered":"Kerlink"},"content":{"rendered":"","protected":false},"excerpt":{"rendered":"","protected":false},"author":3,"featured_media":0,"parent":2741,"menu_order":9,"comment_status":"closed","ping_status":"closed","template":"","meta":{"_acf_changed":false,"inline_featured_image":false,"footnotes":""},"class_list":["post-3348","page","type-page","status-publish","hentry"],"acf":{"feature_image_vertical_focus":"50","inhalts_module":[{"acf_fc_layout":"text","text":"<h1 style=\"text-align: center;\">Trigon est le partenaire de distribution de Kerlink en Suisse<\/h1>\n<h5 style=\"text-align: center;\">Le Groupe Kerlink est l\u2019un des principaux fournisseurs mondiaux de solutions de connectivit\u00e9 pour la conception, le d\u00e9ploiement et l\u2019exploitation de r\u00e9seaux publics et priv\u00e9s d\u00e9di\u00e9s \u00e0 <a href=\"https:\/\/trigon.ch\/fr\/solutions-de-reseau\/gateways-et-dispositifs-iot\/\">l\u2019Internet des Objets (IdO)<\/a>.<\/h5>\n<p><span style=\"font-size: 2rem;\">Sa gamme compl\u00e8te de solutions offre des \u00e9quipements r\u00e9seau de qualit\u00e9 industrielle, un coeur de r\u00e9seau performant, des logiciels d\u2019exploitation et d\u2019administration du r\u00e9seau, des applications \u00e0 valeur ajout\u00e9e et des services professionnels sp\u00e9cialis\u00e9s, renforc\u00e9s par de solides capacit\u00e9s de R&amp;D.<\/span><\/p>\n<p><span style=\"font-size: 2rem;\">Plus de 200 000 installations Kerlink ont \u00e9t\u00e9 d\u00e9ploy\u00e9es chez plus de 350 clients dans 70 pays. Kerlink est membre fondateur et membre du conseil d\u2019administration de l\u2019Alliance LoRa\u00ae et de l\u2019Alliance uCIFI\u2122.<\/span><\/p>\n<p><a href=\"https:\/\/www.kerlink.fr\/\" target=\"_blank\" rel=\"noopener\"><img loading=\"lazy\" decoding=\"async\" class=\"alignleft wp-image-1333 \" src=\"https:\/\/trigon.ch\/wp-content\/uploads\/2023\/08\/logo-kerlink-primary.svg\" alt=\"Kerlink\" width=\"346\" height=\"130\" \/><\/a><\/p>\n"},{"acf_fc_layout":"contact","team":{"ID":2786,"post_author":"1","post_date":"2019-09-27 12:12:58","post_date_gmt":"2019-09-27 10:12:45","post_content":"","post_title":"Rinaldo Zanella","post_excerpt":"","post_status":"private","comment_status":"closed","ping_status":"closed","post_password":"","post_name":"rinaldo-zanella-3","to_ping":"","pinged":"","post_modified":"2026-02-11 14:11:07","post_modified_gmt":"2026-02-11 13:11:07","post_content_filtered":"","post_parent":0,"guid":"https:\/\/trigon.ch\/?team=rinaldo-zanella-3","menu_order":3,"post_type":"team","post_mime_type":"","comment_count":"0","filter":"raw"},"text":"Vous souhaitez acheter les produits de Kerlink en Suisse? Laissez-nous vous conseiller."}],"inhaltsmodule_clone":{"inhalts_module":[{"acf_fc_layout":"text","text":"<h1 style=\"text-align: center;\">Trigon est le partenaire de distribution de Kerlink en Suisse<\/h1>\n<h5 style=\"text-align: center;\">Le Groupe Kerlink est l\u2019un des principaux fournisseurs mondiaux de solutions de connectivit\u00e9 pour la conception, le d\u00e9ploiement et l\u2019exploitation de r\u00e9seaux publics et priv\u00e9s d\u00e9di\u00e9s \u00e0 <a href=\"https:\/\/trigon.ch\/fr\/solutions-de-reseau\/gateways-et-dispositifs-iot\/\">l\u2019Internet des Objets (IdO)<\/a>.<\/h5>\n<p><span style=\"font-size: 2rem;\">Sa gamme compl\u00e8te de solutions offre des \u00e9quipements r\u00e9seau de qualit\u00e9 industrielle, un coeur de r\u00e9seau performant, des logiciels d\u2019exploitation et d\u2019administration du r\u00e9seau, des applications \u00e0 valeur ajout\u00e9e et des services professionnels sp\u00e9cialis\u00e9s, renforc\u00e9s par de solides capacit\u00e9s de R&amp;D.<\/span><\/p>\n<p><span style=\"font-size: 2rem;\">Plus de 200 000 installations Kerlink ont \u00e9t\u00e9 d\u00e9ploy\u00e9es chez plus de 350 clients dans 70 pays. Kerlink est membre fondateur et membre du conseil d\u2019administration de l\u2019Alliance LoRa\u00ae et de l\u2019Alliance uCIFI\u2122.<\/span><\/p>\n<p><a href=\"https:\/\/www.kerlink.fr\/\" target=\"_blank\" rel=\"noopener\"><img loading=\"lazy\" decoding=\"async\" class=\"alignleft wp-image-1333 \" src=\"https:\/\/trigon.ch\/wp-content\/uploads\/2023\/08\/logo-kerlink-primary.svg\" alt=\"Kerlink\" width=\"346\" height=\"130\" \/><\/a><\/p>\n"},{"acf_fc_layout":"contact","team":{"ID":2786,"post_author":"1","post_date":"2019-09-27 12:12:58","post_date_gmt":"2019-09-27 10:12:45","post_content":"","post_title":"Rinaldo Zanella","post_excerpt":"","post_status":"private","comment_status":"closed","ping_status":"closed","post_password":"","post_name":"rinaldo-zanella-3","to_ping":"","pinged":"","post_modified":"2026-02-11 14:11:07","post_modified_gmt":"2026-02-11 13:11:07","post_content_filtered":"","post_parent":0,"guid":"https:\/\/trigon.ch\/?team=rinaldo-zanella-3","menu_order":3,"post_type":"team","post_mime_type":"","comment_count":"0","filter":"raw"},"text":"Vous souhaitez acheter les produits de Kerlink en Suisse? Laissez-nous vous conseiller."}]}},"yoast_head":"<!-- This site is optimized with the Yoast SEO plugin v27.4 - https:\/\/yoast.com\/product\/yoast-seo-wordpress\/ -->\n<title>Kerlink | Trigon AG<\/title>\n<meta name=\"robots\" content=\"index, follow, max-snippet:-1, max-image-preview:large, max-video-preview:-1\" \/>\n<link rel=\"canonical\" href=\"https:\/\/trigon.ch\/fr\/a-propos-de-trigon\/fabricants\/kerlink\/\" \/>\n<meta property=\"og:locale\" content=\"fr_FR\" \/>\n<meta property=\"og:type\" content=\"article\" \/>\n<meta property=\"og:title\" content=\"Kerlink | Trigon AG\" \/>\n<meta property=\"og:url\" content=\"https:\/\/trigon.ch\/fr\/a-propos-de-trigon\/fabricants\/kerlink\/\" \/>\n<meta property=\"og:site_name\" content=\"Trigon AG\" \/>\n<meta property=\"article:modified_time\" content=\"2023-08-24T09:34:49+00:00\" \/>\n<meta name=\"twitter:card\" content=\"summary_large_image\" \/>\n<script type=\"application\/ld+json\" class=\"yoast-schema-graph\">{\"@context\":\"https:\\\/\\\/schema.org\",\"@graph\":[{\"@type\":\"WebPage\",\"@id\":\"https:\\\/\\\/trigon.ch\\\/fr\\\/a-propos-de-trigon\\\/fabricants\\\/kerlink\\\/\",\"url\":\"https:\\\/\\\/trigon.ch\\\/fr\\\/a-propos-de-trigon\\\/fabricants\\\/kerlink\\\/\",\"name\":\"Kerlink | Trigon AG\",\"isPartOf\":{\"@id\":\"https:\\\/\\\/trigon.ch\\\/#website\"},\"datePublished\":\"2023-08-24T08:39:50+00:00\",\"dateModified\":\"2023-08-24T09:34:49+00:00\",\"breadcrumb\":{\"@id\":\"https:\\\/\\\/trigon.ch\\\/fr\\\/a-propos-de-trigon\\\/fabricants\\\/kerlink\\\/#breadcrumb\"},\"inLanguage\":\"fr-FR\",\"potentialAction\":[{\"@type\":\"ReadAction\",\"target\":[\"https:\\\/\\\/trigon.ch\\\/fr\\\/a-propos-de-trigon\\\/fabricants\\\/kerlink\\\/\"]}]},{\"@type\":\"BreadcrumbList\",\"@id\":\"https:\\\/\\\/trigon.ch\\\/fr\\\/a-propos-de-trigon\\\/fabricants\\\/kerlink\\\/#breadcrumb\",\"itemListElement\":[{\"@type\":\"ListItem\",\"position\":1,\"name\":\"Home\",\"item\":\"https:\\\/\\\/trigon.ch\\\/fr\\\/\"},{\"@type\":\"ListItem\",\"position\":2,\"name\":\"\u00c0 propos de Trigon\",\"item\":\"https:\\\/\\\/trigon.ch\\\/fr\\\/a-propos-de-trigon\\\/\"},{\"@type\":\"ListItem\",\"position\":3,\"name\":\"Fabricants\",\"item\":\"https:\\\/\\\/trigon.ch\\\/fr\\\/a-propos-de-trigon\\\/fabricants\\\/\"},{\"@type\":\"ListItem\",\"position\":4,\"name\":\"Kerlink\"}]},{\"@type\":\"WebSite\",\"@id\":\"https:\\\/\\\/trigon.ch\\\/#website\",\"url\":\"https:\\\/\\\/trigon.ch\\\/\",\"name\":\"Trigon AG\",\"description\":\"\",\"potentialAction\":[{\"@type\":\"SearchAction\",\"target\":{\"@type\":\"EntryPoint\",\"urlTemplate\":\"https:\\\/\\\/trigon.ch\\\/?s={search_term_string}\"},\"query-input\":{\"@type\":\"PropertyValueSpecification\",\"valueRequired\":true,\"valueName\":\"search_term_string\"}}],\"inLanguage\":\"fr-FR\"}]}<\/script>\n<!-- \/ Yoast SEO plugin. -->","yoast_head_json":{"title":"Kerlink | Trigon AG","robots":{"index":"index","follow":"follow","max-snippet":"max-snippet:-1","max-image-preview":"max-image-preview:large","max-video-preview":"max-video-preview:-1"},"canonical":"https:\/\/trigon.ch\/fr\/a-propos-de-trigon\/fabricants\/kerlink\/","og_locale":"fr_FR","og_type":"article","og_title":"Kerlink | Trigon AG","og_url":"https:\/\/trigon.ch\/fr\/a-propos-de-trigon\/fabricants\/kerlink\/","og_site_name":"Trigon AG","article_modified_time":"2023-08-24T09:34:49+00:00","twitter_card":"summary_large_image","schema":{"@context":"https:\/\/schema.org","@graph":[{"@type":"WebPage","@id":"https:\/\/trigon.ch\/fr\/a-propos-de-trigon\/fabricants\/kerlink\/","url":"https:\/\/trigon.ch\/fr\/a-propos-de-trigon\/fabricants\/kerlink\/","name":"Kerlink | Trigon AG","isPartOf":{"@id":"https:\/\/trigon.ch\/#website"},"datePublished":"2023-08-24T08:39:50+00:00","dateModified":"2023-08-24T09:34:49+00:00","breadcrumb":{"@id":"https:\/\/trigon.ch\/fr\/a-propos-de-trigon\/fabricants\/kerlink\/#breadcrumb"},"inLanguage":"fr-FR","potentialAction":[{"@type":"ReadAction","target":["https:\/\/trigon.ch\/fr\/a-propos-de-trigon\/fabricants\/kerlink\/"]}]},{"@type":"BreadcrumbList","@id":"https:\/\/trigon.ch\/fr\/a-propos-de-trigon\/fabricants\/kerlink\/#breadcrumb","itemListElement":[{"@type":"ListItem","position":1,"name":"Home","item":"https:\/\/trigon.ch\/fr\/"},{"@type":"ListItem","position":2,"name":"\u00c0 propos de Trigon","item":"https:\/\/trigon.ch\/fr\/a-propos-de-trigon\/"},{"@type":"ListItem","position":3,"name":"Fabricants","item":"https:\/\/trigon.ch\/fr\/a-propos-de-trigon\/fabricants\/"},{"@type":"ListItem","position":4,"name":"Kerlink"}]},{"@type":"WebSite","@id":"https:\/\/trigon.ch\/#website","url":"https:\/\/trigon.ch\/","name":"Trigon AG","description":"","potentialAction":[{"@type":"SearchAction","target":{"@type":"EntryPoint","urlTemplate":"https:\/\/trigon.ch\/?s={search_term_string}"},"query-input":{"@type":"PropertyValueSpecification","valueRequired":true,"valueName":"search_term_string"}}],"inLanguage":"fr-FR"}]}},"_links":{"self":[{"href":"https:\/\/trigon.ch\/fr\/wp-json\/wp\/v2\/pages\/3348","targetHints":{"allow":["GET"]}}],"collection":[{"href":"https:\/\/trigon.ch\/fr\/wp-json\/wp\/v2\/pages"}],"about":[{"href":"https:\/\/trigon.ch\/fr\/wp-json\/wp\/v2\/types\/page"}],"author":[{"embeddable":true,"href":"https:\/\/trigon.ch\/fr\/wp-json\/wp\/v2\/users\/3"}],"replies":[{"embeddable":true,"href":"https:\/\/trigon.ch\/fr\/wp-json\/wp\/v2\/comments?post=3348"}],"version-history":[{"count":0,"href":"https:\/\/trigon.ch\/fr\/wp-json\/wp\/v2\/pages\/3348\/revisions"}],"up":[{"embeddable":true,"href":"https:\/\/trigon.ch\/fr\/wp-json\/wp\/v2\/pages\/2741"}],"wp:attachment":[{"href":"https:\/\/trigon.ch\/fr\/wp-json\/wp\/v2\/media?parent=3348"}],"curies":[{"name":"wp","href":"https:\/\/api.w.org\/{rel}","templated":true}]}}