{"id":3453,"date":"2026-02-11T12:04:21","date_gmt":"2026-02-11T11:04:21","guid":{"rendered":"https:\/\/trigon.ch\/solutions-de-reseau\/gascom-produkte\/"},"modified":"2026-02-11T14:06:21","modified_gmt":"2026-02-11T13:06:21","slug":"gascom-produits","status":"publish","type":"page","link":"https:\/\/trigon.ch\/fr\/solutions-de-reseau\/gascom-produits\/","title":{"rendered":"Produits GAS&amp;COM"},"content":{"rendered":"","protected":false},"excerpt":{"rendered":"","protected":false},"author":3,"featured_media":3450,"parent":2607,"menu_order":4,"comment_status":"closed","ping_status":"closed","template":"","meta":{"_acf_changed":false,"inline_featured_image":false,"footnotes":""},"class_list":["post-3453","page","type-page","status-publish","has-post-thumbnail","hentry"],"acf":{"feature_image_vertical_focus":"50","inhalts_module":[{"acf_fc_layout":"heading","seo_title":{"titel":"<strong><span style=\"text-shadow:   2px  2px 2px #000000;\"> Produits GAS&COM <span><\/strong>","tag":"h1"},"headline":"Une infrastructure et une connectivit\u00e9 solides. Une valeur ajout\u00e9e pour les clients Trigon."},{"acf_fc_layout":"text","text":"<p><img loading=\"lazy\" decoding=\"async\" class=\"size-medium wp-image-3560 alignnone\" src=\"https:\/\/trigon.ch\/wp-content\/uploads\/2026\/02\/logo-gascom-768x225-1.png\" alt=\"\" width=\"300\" height=\"88\" \/><\/p>\n<p>Gr\u00e2ce \u00e0 l&#8217;\u00e9troite collaboration entre Trigon AG et GAS&#038;COM, les clients b\u00e9n\u00e9ficient de solutions de connectivit\u00e9 performantes, s\u00fbres et p\u00e9rennes. GAS&#038;COM compl\u00e8te l&#8217;offre de Trigon AG avec plus de 25 ans d&#8217;exp\u00e9rience en tant qu&#8217;op\u00e9rateur ind\u00e9pendant de r\u00e9seau fibre optique en Suisse.<\/p>\n<p>GAS&#038;COM exploite l&#8217;un des r\u00e9seaux fibre optique les plus s\u00fbrs et les plus rapides de Suisse. Les c\u00e2bles longent les trac\u00e9s des conduites de gaz naturel \u00e0 haute pression suisses et sont soumis \u00e0 des r\u00e8gles de s\u00e9curit\u00e9 particuli\u00e8rement strictes. Cela garantit une disponibilit\u00e9 exceptionnellement \u00e9lev\u00e9e et un risque de dommages minimal, id\u00e9al pour les applications critiques.<\/p>\n<p>Gr\u00e2ce \u00e0 des partenariats de longue date avec des op\u00e9rateurs de r\u00e9seaux r\u00e9gionaux et urbains, GAS&#038;COM propose des connexions exclusives par fibre optique de maison \u00e0 maison, de ville \u00e0 ville et vers des sites internationaux. Les clients de Trigon ont ainsi acc\u00e8s \u00e0 des services \u00e9volutifs de bande passante, IP et fibre optique dans des n\u0153uds de centres de donn\u00e9es centraux en Suisse et dans les pays voisins.<\/p>\n<p>La base technologique est constitu\u00e9e d&#8217;un r\u00e9seau DWDM et Layer 3 moderne avec des d\u00e9bits de transmission allant jusqu&#8217;\u00e0 48 t\u00e9rabits par seconde par paire de fibres, compl\u00e9t\u00e9 par un r\u00e9seau MPLS propre \u00e0 l&#8217;\u00e9chelle nationale. Des solutions telles que SWISS DATACENTER LINK garantissent des connexions redondantes et hautement performantes aux centres de donn\u00e9es ainsi qu&#8217;une fiabilit\u00e9 maximale.<\/p>\n<p>Ces synergies permettent \u00e0 Trigon AG d&#8217;offrir \u00e0 ses clients des solutions globales encore plus compl\u00e8tes, s\u00fbres et performantes pour la mise en r\u00e9seau, le transport de donn\u00e9es et l&#8217;infrastructure num\u00e9rique.<\/p>\n"},{"acf_fc_layout":"teasers_four","type":"","seo_title":{"titel":"Produits GAS&COM","tag":"h1"},"teasers":[{"teaser":{"seo_title":{"titel":"Infrastructure de base <hr style=\"height:16px !important; background-color:#7f7f7f !important; \">","tag":"div"},"text":"\u2022 R\u00e9seaux de canalisations\r\n\u2022 Speedpipe\r\n\u2022 Colocation\/rack\/\u00e9lectricit\u00e9\r\n\u2022 Fibre noire","link":{"title":"En savoir plus","url":"https:\/\/www.gas-com.ch\/fr\/produits\/dark-fiber\/","target":"_blank"}}},{"teaser":{"seo_title":{"titel":"Bandes passantes haut d\u00e9bit <hr style=\"height:16px !important; background-color:#628dd1 !important; \">","tag":"h2"},"text":"\u2022 Backbone DWDM\r\n   -- Jusqu'\u00e0 400 Gbps\r\n   -- Cryptage\r\n\u2022 Fibre Channel\r\n   -- Jusqu'\u00e0 32 Gbps","link":{"title":"En savoir plus","url":"https:\/\/www.gas-com.ch\/fr\/produits\/dwdm\/","target":"_blank"}}},{"teaser":{"seo_title":{"titel":"Managed Services <hr style=\"height:16px !important; background-color:#ea9b56 !important; \">","tag":"h2"},"text":"\u2022 Backbone SCION\r\n   -- Domaine SSUN\r\n\u2022 Backbone MPLS\r\n   -- Jusqu'\u00e0 100 Gbps\r\n\u2022 Ethernet Layer2\r\n\u2022 Transit IP\r\n   -- Protection DDoS\r\n\u2022 Internet professionnel\r\n   -- Protection DDOS","link":{"title":"En savoir plus","url":"https:\/\/www.gas-com.ch\/fr\/produits\/ethernet\/","target":"_blank"}}},{"teaser":{"seo_title":{"titel":"Cloud Connect Services <hr style=\"height:16px !important; background-color:#9fcf62 !important; \">","tag":"h2"},"text":"\u2022 Connexions directes\r\n  -- Amazon AWS\r\n  -- MS Azure\r\n  -- Oracle Cloud \r\n  -- IBM Cloud\r\n  -- Google Cloud","link":{"title":"En savoir plus","url":"https:\/\/www.gas-com.ch\/fr\/produits\/cloud-connect-service\/","target":"_blank"}}}]}],"inhaltsmodule_clone":{"inhalts_module":[{"acf_fc_layout":"heading","seo_title":{"titel":"<strong><span style=\"text-shadow:   2px  2px 2px #000000;\"> Produits GAS&COM <span><\/strong>","tag":"h1"},"headline":"Une infrastructure et une connectivit\u00e9 solides. Une valeur ajout\u00e9e pour les clients Trigon."},{"acf_fc_layout":"text","text":"<p><img loading=\"lazy\" decoding=\"async\" class=\"size-medium wp-image-3560 alignnone\" src=\"https:\/\/trigon.ch\/wp-content\/uploads\/2026\/02\/logo-gascom-768x225-1.png\" alt=\"\" width=\"300\" height=\"88\" \/><\/p>\n<p>Gr\u00e2ce \u00e0 l&#8217;\u00e9troite collaboration entre Trigon AG et GAS&#038;COM, les clients b\u00e9n\u00e9ficient de solutions de connectivit\u00e9 performantes, s\u00fbres et p\u00e9rennes. GAS&#038;COM compl\u00e8te l&#8217;offre de Trigon AG avec plus de 25 ans d&#8217;exp\u00e9rience en tant qu&#8217;op\u00e9rateur ind\u00e9pendant de r\u00e9seau fibre optique en Suisse.<\/p>\n<p>GAS&#038;COM exploite l&#8217;un des r\u00e9seaux fibre optique les plus s\u00fbrs et les plus rapides de Suisse. Les c\u00e2bles longent les trac\u00e9s des conduites de gaz naturel \u00e0 haute pression suisses et sont soumis \u00e0 des r\u00e8gles de s\u00e9curit\u00e9 particuli\u00e8rement strictes. Cela garantit une disponibilit\u00e9 exceptionnellement \u00e9lev\u00e9e et un risque de dommages minimal, id\u00e9al pour les applications critiques.<\/p>\n<p>Gr\u00e2ce \u00e0 des partenariats de longue date avec des op\u00e9rateurs de r\u00e9seaux r\u00e9gionaux et urbains, GAS&#038;COM propose des connexions exclusives par fibre optique de maison \u00e0 maison, de ville \u00e0 ville et vers des sites internationaux. Les clients de Trigon ont ainsi acc\u00e8s \u00e0 des services \u00e9volutifs de bande passante, IP et fibre optique dans des n\u0153uds de centres de donn\u00e9es centraux en Suisse et dans les pays voisins.<\/p>\n<p>La base technologique est constitu\u00e9e d&#8217;un r\u00e9seau DWDM et Layer 3 moderne avec des d\u00e9bits de transmission allant jusqu&#8217;\u00e0 48 t\u00e9rabits par seconde par paire de fibres, compl\u00e9t\u00e9 par un r\u00e9seau MPLS propre \u00e0 l&#8217;\u00e9chelle nationale. Des solutions telles que SWISS DATACENTER LINK garantissent des connexions redondantes et hautement performantes aux centres de donn\u00e9es ainsi qu&#8217;une fiabilit\u00e9 maximale.<\/p>\n<p>Ces synergies permettent \u00e0 Trigon AG d&#8217;offrir \u00e0 ses clients des solutions globales encore plus compl\u00e8tes, s\u00fbres et performantes pour la mise en r\u00e9seau, le transport de donn\u00e9es et l&#8217;infrastructure num\u00e9rique.<\/p>\n"},{"acf_fc_layout":"teasers_four","type":"","seo_title":{"titel":"Produits GAS&COM","tag":"h1"},"teasers":[{"teaser":{"seo_title":{"titel":"Infrastructure de base <hr style=\"height:16px !important; background-color:#7f7f7f !important; \">","tag":"div"},"text":"\u2022 R\u00e9seaux de canalisations\r\n\u2022 Speedpipe\r\n\u2022 Colocation\/rack\/\u00e9lectricit\u00e9\r\n\u2022 Fibre noire","link":{"title":"En savoir plus","url":"https:\/\/www.gas-com.ch\/fr\/produits\/dark-fiber\/","target":"_blank"}}},{"teaser":{"seo_title":{"titel":"Bandes passantes haut d\u00e9bit <hr style=\"height:16px !important; background-color:#628dd1 !important; \">","tag":"h2"},"text":"\u2022 Backbone DWDM\r\n   -- Jusqu'\u00e0 400 Gbps\r\n   -- Cryptage\r\n\u2022 Fibre Channel\r\n   -- Jusqu'\u00e0 32 Gbps","link":{"title":"En savoir plus","url":"https:\/\/www.gas-com.ch\/fr\/produits\/dwdm\/","target":"_blank"}}},{"teaser":{"seo_title":{"titel":"Managed Services <hr style=\"height:16px !important; background-color:#ea9b56 !important; \">","tag":"h2"},"text":"\u2022 Backbone SCION\r\n   -- Domaine SSUN\r\n\u2022 Backbone MPLS\r\n   -- Jusqu'\u00e0 100 Gbps\r\n\u2022 Ethernet Layer2\r\n\u2022 Transit IP\r\n   -- Protection DDoS\r\n\u2022 Internet professionnel\r\n   -- Protection DDOS","link":{"title":"En savoir plus","url":"https:\/\/www.gas-com.ch\/fr\/produits\/ethernet\/","target":"_blank"}}},{"teaser":{"seo_title":{"titel":"Cloud Connect Services <hr style=\"height:16px !important; background-color:#9fcf62 !important; \">","tag":"h2"},"text":"\u2022 Connexions directes\r\n  -- Amazon AWS\r\n  -- MS Azure\r\n  -- Oracle Cloud \r\n  -- IBM Cloud\r\n  -- Google Cloud","link":{"title":"En savoir plus","url":"https:\/\/www.gas-com.ch\/fr\/produits\/cloud-connect-service\/","target":"_blank"}}}]}]}},"yoast_head":"<!-- This site is optimized with the Yoast SEO plugin v27.3 - https:\/\/yoast.com\/product\/yoast-seo-wordpress\/ -->\n<title>Produits GAS&amp;COM | Trigon AG<\/title>\n<meta name=\"robots\" content=\"index, follow, max-snippet:-1, max-image-preview:large, max-video-preview:-1\" \/>\n<link rel=\"canonical\" href=\"https:\/\/trigon.ch\/fr\/solutions-de-reseau\/gascom-produits\/\" \/>\n<meta property=\"og:locale\" content=\"fr_FR\" \/>\n<meta property=\"og:type\" content=\"article\" \/>\n<meta property=\"og:title\" content=\"Produits GAS&amp;COM | Trigon AG\" \/>\n<meta property=\"og:url\" content=\"https:\/\/trigon.ch\/fr\/solutions-de-reseau\/gascom-produits\/\" \/>\n<meta property=\"og:site_name\" content=\"Trigon AG\" \/>\n<meta property=\"article:modified_time\" content=\"2026-02-11T13:06:21+00:00\" \/>\n<meta property=\"og:image\" content=\"https:\/\/trigon.ch\/wp-content\/uploads\/2026\/02\/Trigon_GASCOM_Produkte_2_ed4-1.jpg\" \/>\n\t<meta property=\"og:image:width\" content=\"1920\" \/>\n\t<meta property=\"og:image:height\" content=\"1080\" \/>\n\t<meta property=\"og:image:type\" content=\"image\/jpeg\" \/>\n<meta name=\"twitter:card\" content=\"summary_large_image\" \/>\n<meta name=\"twitter:label1\" content=\"Est. reading time\" \/>\n\t<meta name=\"twitter:data1\" content=\"1 minute\" \/>\n<script type=\"application\/ld+json\" class=\"yoast-schema-graph\">{\"@context\":\"https:\\\/\\\/schema.org\",\"@graph\":[{\"@type\":\"WebPage\",\"@id\":\"https:\\\/\\\/trigon.ch\\\/fr\\\/solutions-de-reseau\\\/gascom-produits\\\/\",\"url\":\"https:\\\/\\\/trigon.ch\\\/fr\\\/solutions-de-reseau\\\/gascom-produits\\\/\",\"name\":\"Produits GAS&amp;COM | Trigon AG\",\"isPartOf\":{\"@id\":\"https:\\\/\\\/trigon.ch\\\/#website\"},\"primaryImageOfPage\":{\"@id\":\"https:\\\/\\\/trigon.ch\\\/fr\\\/solutions-de-reseau\\\/gascom-produits\\\/#primaryimage\"},\"image\":{\"@id\":\"https:\\\/\\\/trigon.ch\\\/fr\\\/solutions-de-reseau\\\/gascom-produits\\\/#primaryimage\"},\"thumbnailUrl\":\"https:\\\/\\\/trigon.ch\\\/wp-content\\\/uploads\\\/2026\\\/02\\\/Trigon_GASCOM_Produkte_2_ed4-1.jpg\",\"datePublished\":\"2026-02-11T11:04:21+00:00\",\"dateModified\":\"2026-02-11T13:06:21+00:00\",\"breadcrumb\":{\"@id\":\"https:\\\/\\\/trigon.ch\\\/fr\\\/solutions-de-reseau\\\/gascom-produits\\\/#breadcrumb\"},\"inLanguage\":\"fr-FR\",\"potentialAction\":[{\"@type\":\"ReadAction\",\"target\":[\"https:\\\/\\\/trigon.ch\\\/fr\\\/solutions-de-reseau\\\/gascom-produits\\\/\"]}]},{\"@type\":\"ImageObject\",\"inLanguage\":\"fr-FR\",\"@id\":\"https:\\\/\\\/trigon.ch\\\/fr\\\/solutions-de-reseau\\\/gascom-produits\\\/#primaryimage\",\"url\":\"https:\\\/\\\/trigon.ch\\\/wp-content\\\/uploads\\\/2026\\\/02\\\/Trigon_GASCOM_Produkte_2_ed4-1.jpg\",\"contentUrl\":\"https:\\\/\\\/trigon.ch\\\/wp-content\\\/uploads\\\/2026\\\/02\\\/Trigon_GASCOM_Produkte_2_ed4-1.jpg\",\"width\":1920,\"height\":1080},{\"@type\":\"BreadcrumbList\",\"@id\":\"https:\\\/\\\/trigon.ch\\\/fr\\\/solutions-de-reseau\\\/gascom-produits\\\/#breadcrumb\",\"itemListElement\":[{\"@type\":\"ListItem\",\"position\":1,\"name\":\"Home\",\"item\":\"https:\\\/\\\/trigon.ch\\\/fr\\\/\"},{\"@type\":\"ListItem\",\"position\":2,\"name\":\"Solutions de r\u00e9seau\",\"item\":\"https:\\\/\\\/trigon.ch\\\/fr\\\/solutions-de-reseau\\\/\"},{\"@type\":\"ListItem\",\"position\":3,\"name\":\"Produits GAS&amp;COM\"}]},{\"@type\":\"WebSite\",\"@id\":\"https:\\\/\\\/trigon.ch\\\/#website\",\"url\":\"https:\\\/\\\/trigon.ch\\\/\",\"name\":\"Trigon AG\",\"description\":\"\",\"potentialAction\":[{\"@type\":\"SearchAction\",\"target\":{\"@type\":\"EntryPoint\",\"urlTemplate\":\"https:\\\/\\\/trigon.ch\\\/?s={search_term_string}\"},\"query-input\":{\"@type\":\"PropertyValueSpecification\",\"valueRequired\":true,\"valueName\":\"search_term_string\"}}],\"inLanguage\":\"fr-FR\"}]}<\/script>\n<!-- \/ Yoast SEO plugin. -->","yoast_head_json":{"title":"Produits GAS&amp;COM | Trigon AG","robots":{"index":"index","follow":"follow","max-snippet":"max-snippet:-1","max-image-preview":"max-image-preview:large","max-video-preview":"max-video-preview:-1"},"canonical":"https:\/\/trigon.ch\/fr\/solutions-de-reseau\/gascom-produits\/","og_locale":"fr_FR","og_type":"article","og_title":"Produits GAS&amp;COM | Trigon AG","og_url":"https:\/\/trigon.ch\/fr\/solutions-de-reseau\/gascom-produits\/","og_site_name":"Trigon AG","article_modified_time":"2026-02-11T13:06:21+00:00","og_image":[{"width":1920,"height":1080,"url":"https:\/\/trigon.ch\/wp-content\/uploads\/2026\/02\/Trigon_GASCOM_Produkte_2_ed4-1.jpg","type":"image\/jpeg"}],"twitter_card":"summary_large_image","twitter_misc":{"Est. reading time":"1 minute"},"schema":{"@context":"https:\/\/schema.org","@graph":[{"@type":"WebPage","@id":"https:\/\/trigon.ch\/fr\/solutions-de-reseau\/gascom-produits\/","url":"https:\/\/trigon.ch\/fr\/solutions-de-reseau\/gascom-produits\/","name":"Produits GAS&amp;COM | Trigon AG","isPartOf":{"@id":"https:\/\/trigon.ch\/#website"},"primaryImageOfPage":{"@id":"https:\/\/trigon.ch\/fr\/solutions-de-reseau\/gascom-produits\/#primaryimage"},"image":{"@id":"https:\/\/trigon.ch\/fr\/solutions-de-reseau\/gascom-produits\/#primaryimage"},"thumbnailUrl":"https:\/\/trigon.ch\/wp-content\/uploads\/2026\/02\/Trigon_GASCOM_Produkte_2_ed4-1.jpg","datePublished":"2026-02-11T11:04:21+00:00","dateModified":"2026-02-11T13:06:21+00:00","breadcrumb":{"@id":"https:\/\/trigon.ch\/fr\/solutions-de-reseau\/gascom-produits\/#breadcrumb"},"inLanguage":"fr-FR","potentialAction":[{"@type":"ReadAction","target":["https:\/\/trigon.ch\/fr\/solutions-de-reseau\/gascom-produits\/"]}]},{"@type":"ImageObject","inLanguage":"fr-FR","@id":"https:\/\/trigon.ch\/fr\/solutions-de-reseau\/gascom-produits\/#primaryimage","url":"https:\/\/trigon.ch\/wp-content\/uploads\/2026\/02\/Trigon_GASCOM_Produkte_2_ed4-1.jpg","contentUrl":"https:\/\/trigon.ch\/wp-content\/uploads\/2026\/02\/Trigon_GASCOM_Produkte_2_ed4-1.jpg","width":1920,"height":1080},{"@type":"BreadcrumbList","@id":"https:\/\/trigon.ch\/fr\/solutions-de-reseau\/gascom-produits\/#breadcrumb","itemListElement":[{"@type":"ListItem","position":1,"name":"Home","item":"https:\/\/trigon.ch\/fr\/"},{"@type":"ListItem","position":2,"name":"Solutions de r\u00e9seau","item":"https:\/\/trigon.ch\/fr\/solutions-de-reseau\/"},{"@type":"ListItem","position":3,"name":"Produits GAS&amp;COM"}]},{"@type":"WebSite","@id":"https:\/\/trigon.ch\/#website","url":"https:\/\/trigon.ch\/","name":"Trigon AG","description":"","potentialAction":[{"@type":"SearchAction","target":{"@type":"EntryPoint","urlTemplate":"https:\/\/trigon.ch\/?s={search_term_string}"},"query-input":{"@type":"PropertyValueSpecification","valueRequired":true,"valueName":"search_term_string"}}],"inLanguage":"fr-FR"}]}},"_links":{"self":[{"href":"https:\/\/trigon.ch\/fr\/wp-json\/wp\/v2\/pages\/3453","targetHints":{"allow":["GET"]}}],"collection":[{"href":"https:\/\/trigon.ch\/fr\/wp-json\/wp\/v2\/pages"}],"about":[{"href":"https:\/\/trigon.ch\/fr\/wp-json\/wp\/v2\/types\/page"}],"author":[{"embeddable":true,"href":"https:\/\/trigon.ch\/fr\/wp-json\/wp\/v2\/users\/3"}],"replies":[{"embeddable":true,"href":"https:\/\/trigon.ch\/fr\/wp-json\/wp\/v2\/comments?post=3453"}],"version-history":[{"count":0,"href":"https:\/\/trigon.ch\/fr\/wp-json\/wp\/v2\/pages\/3453\/revisions"}],"up":[{"embeddable":true,"href":"https:\/\/trigon.ch\/fr\/wp-json\/wp\/v2\/pages\/2607"}],"wp:featuredmedia":[{"embeddable":true,"href":"https:\/\/trigon.ch\/fr\/wp-json\/wp\/v2\/media\/3450"}],"wp:attachment":[{"href":"https:\/\/trigon.ch\/fr\/wp-json\/wp\/v2\/media?parent=3453"}],"curies":[{"name":"wp","href":"https:\/\/api.w.org\/{rel}","templated":true}]}}