{"id":3471,"date":"2026-02-11T12:22:54","date_gmt":"2026-02-11T11:22:54","guid":{"rendered":"https:\/\/trigon.ch\/a-propos-de-trigon\/verwaltungsrat\/"},"modified":"2026-02-11T14:19:50","modified_gmt":"2026-02-11T13:19:50","slug":"conseil-dadministration","status":"publish","type":"page","link":"https:\/\/trigon.ch\/fr\/a-propos-de-trigon\/conseil-dadministration\/","title":{"rendered":"Conseil d&#8217;administration"},"content":{"rendered":"","protected":false},"excerpt":{"rendered":"","protected":false},"author":3,"featured_media":0,"parent":2643,"menu_order":0,"comment_status":"closed","ping_status":"closed","template":"","meta":{"_acf_changed":false,"inline_featured_image":false,"footnotes":""},"class_list":["post-3471","page","type-page","status-publish","hentry"],"acf":{"feature_image_vertical_focus":"50","inhalts_module":[{"acf_fc_layout":"text","text":"<h3 style=\"text-align: center;\">Exp\u00e9rience, responsabilit\u00e9 et vision strat\u00e9gique<\/h3>\n<p>Le conseil d&#8217;administration de Trigon AG allie exp\u00e9rience entrepreneuriale, comp\u00e9tence strat\u00e9gique et connaissance approfondie du secteur. Gr\u00e2ce \u00e0 une gouvernance claire, une perspective ind\u00e9pendante et une vision commune de la croissance durable, il accompagne l&#8217;orientation \u00e0 long terme de l&#8217;entreprise. Les membres du conseil d&#8217;administration apportent leur expertise de mani\u00e8re cibl\u00e9e afin de promouvoir l&#8217;innovation, de g\u00e9rer les risques de mani\u00e8re responsable et de pr\u00e9server les int\u00e9r\u00eats des clients, des partenaires et des collaborateurs.<\/p>\n"},{"acf_fc_layout":"team"}],"inhaltsmodule_clone":{"inhalts_module":[{"acf_fc_layout":"text","text":"<h3 style=\"text-align: center;\">Exp\u00e9rience, responsabilit\u00e9 et vision strat\u00e9gique<\/h3>\n<p>Le conseil d&#8217;administration de Trigon AG allie exp\u00e9rience entrepreneuriale, comp\u00e9tence strat\u00e9gique et connaissance approfondie du secteur. Gr\u00e2ce \u00e0 une gouvernance claire, une perspective ind\u00e9pendante et une vision commune de la croissance durable, il accompagne l&#8217;orientation \u00e0 long terme de l&#8217;entreprise. Les membres du conseil d&#8217;administration apportent leur expertise de mani\u00e8re cibl\u00e9e afin de promouvoir l&#8217;innovation, de g\u00e9rer les risques de mani\u00e8re responsable et de pr\u00e9server les int\u00e9r\u00eats des clients, des partenaires et des collaborateurs.<\/p>\n"},{"acf_fc_layout":"team"}]}},"yoast_head":"<!-- This site is optimized with the Yoast SEO plugin v27.3 - https:\/\/yoast.com\/product\/yoast-seo-wordpress\/ -->\n<title>Conseil d&#039;administration | Trigon AG<\/title>\n<meta name=\"robots\" content=\"index, follow, max-snippet:-1, max-image-preview:large, max-video-preview:-1\" \/>\n<link rel=\"canonical\" href=\"https:\/\/trigon.ch\/fr\/a-propos-de-trigon\/conseil-dadministration\/\" \/>\n<meta property=\"og:locale\" content=\"fr_FR\" \/>\n<meta property=\"og:type\" content=\"article\" \/>\n<meta property=\"og:title\" content=\"Conseil d&#039;administration | Trigon AG\" \/>\n<meta property=\"og:url\" content=\"https:\/\/trigon.ch\/fr\/a-propos-de-trigon\/conseil-dadministration\/\" \/>\n<meta property=\"og:site_name\" content=\"Trigon AG\" \/>\n<meta property=\"article:modified_time\" content=\"2026-02-11T13:19:50+00:00\" \/>\n<meta name=\"twitter:card\" content=\"summary_large_image\" \/>\n<script type=\"application\/ld+json\" class=\"yoast-schema-graph\">{\"@context\":\"https:\\\/\\\/schema.org\",\"@graph\":[{\"@type\":\"WebPage\",\"@id\":\"https:\\\/\\\/trigon.ch\\\/fr\\\/a-propos-de-trigon\\\/conseil-dadministration\\\/\",\"url\":\"https:\\\/\\\/trigon.ch\\\/fr\\\/a-propos-de-trigon\\\/conseil-dadministration\\\/\",\"name\":\"Conseil d'administration | Trigon AG\",\"isPartOf\":{\"@id\":\"https:\\\/\\\/trigon.ch\\\/#website\"},\"datePublished\":\"2026-02-11T11:22:54+00:00\",\"dateModified\":\"2026-02-11T13:19:50+00:00\",\"breadcrumb\":{\"@id\":\"https:\\\/\\\/trigon.ch\\\/fr\\\/a-propos-de-trigon\\\/conseil-dadministration\\\/#breadcrumb\"},\"inLanguage\":\"fr-FR\",\"potentialAction\":[{\"@type\":\"ReadAction\",\"target\":[\"https:\\\/\\\/trigon.ch\\\/fr\\\/a-propos-de-trigon\\\/conseil-dadministration\\\/\"]}]},{\"@type\":\"BreadcrumbList\",\"@id\":\"https:\\\/\\\/trigon.ch\\\/fr\\\/a-propos-de-trigon\\\/conseil-dadministration\\\/#breadcrumb\",\"itemListElement\":[{\"@type\":\"ListItem\",\"position\":1,\"name\":\"Home\",\"item\":\"https:\\\/\\\/trigon.ch\\\/fr\\\/\"},{\"@type\":\"ListItem\",\"position\":2,\"name\":\"\u00c0 propos de Trigon\",\"item\":\"https:\\\/\\\/trigon.ch\\\/fr\\\/a-propos-de-trigon\\\/\"},{\"@type\":\"ListItem\",\"position\":3,\"name\":\"Conseil d&#8217;administration\"}]},{\"@type\":\"WebSite\",\"@id\":\"https:\\\/\\\/trigon.ch\\\/#website\",\"url\":\"https:\\\/\\\/trigon.ch\\\/\",\"name\":\"Trigon AG\",\"description\":\"\",\"potentialAction\":[{\"@type\":\"SearchAction\",\"target\":{\"@type\":\"EntryPoint\",\"urlTemplate\":\"https:\\\/\\\/trigon.ch\\\/?s={search_term_string}\"},\"query-input\":{\"@type\":\"PropertyValueSpecification\",\"valueRequired\":true,\"valueName\":\"search_term_string\"}}],\"inLanguage\":\"fr-FR\"}]}<\/script>\n<!-- \/ Yoast SEO plugin. -->","yoast_head_json":{"title":"Conseil d'administration | Trigon AG","robots":{"index":"index","follow":"follow","max-snippet":"max-snippet:-1","max-image-preview":"max-image-preview:large","max-video-preview":"max-video-preview:-1"},"canonical":"https:\/\/trigon.ch\/fr\/a-propos-de-trigon\/conseil-dadministration\/","og_locale":"fr_FR","og_type":"article","og_title":"Conseil d'administration | Trigon AG","og_url":"https:\/\/trigon.ch\/fr\/a-propos-de-trigon\/conseil-dadministration\/","og_site_name":"Trigon AG","article_modified_time":"2026-02-11T13:19:50+00:00","twitter_card":"summary_large_image","schema":{"@context":"https:\/\/schema.org","@graph":[{"@type":"WebPage","@id":"https:\/\/trigon.ch\/fr\/a-propos-de-trigon\/conseil-dadministration\/","url":"https:\/\/trigon.ch\/fr\/a-propos-de-trigon\/conseil-dadministration\/","name":"Conseil d'administration | Trigon AG","isPartOf":{"@id":"https:\/\/trigon.ch\/#website"},"datePublished":"2026-02-11T11:22:54+00:00","dateModified":"2026-02-11T13:19:50+00:00","breadcrumb":{"@id":"https:\/\/trigon.ch\/fr\/a-propos-de-trigon\/conseil-dadministration\/#breadcrumb"},"inLanguage":"fr-FR","potentialAction":[{"@type":"ReadAction","target":["https:\/\/trigon.ch\/fr\/a-propos-de-trigon\/conseil-dadministration\/"]}]},{"@type":"BreadcrumbList","@id":"https:\/\/trigon.ch\/fr\/a-propos-de-trigon\/conseil-dadministration\/#breadcrumb","itemListElement":[{"@type":"ListItem","position":1,"name":"Home","item":"https:\/\/trigon.ch\/fr\/"},{"@type":"ListItem","position":2,"name":"\u00c0 propos de Trigon","item":"https:\/\/trigon.ch\/fr\/a-propos-de-trigon\/"},{"@type":"ListItem","position":3,"name":"Conseil d&#8217;administration"}]},{"@type":"WebSite","@id":"https:\/\/trigon.ch\/#website","url":"https:\/\/trigon.ch\/","name":"Trigon AG","description":"","potentialAction":[{"@type":"SearchAction","target":{"@type":"EntryPoint","urlTemplate":"https:\/\/trigon.ch\/?s={search_term_string}"},"query-input":{"@type":"PropertyValueSpecification","valueRequired":true,"valueName":"search_term_string"}}],"inLanguage":"fr-FR"}]}},"_links":{"self":[{"href":"https:\/\/trigon.ch\/fr\/wp-json\/wp\/v2\/pages\/3471","targetHints":{"allow":["GET"]}}],"collection":[{"href":"https:\/\/trigon.ch\/fr\/wp-json\/wp\/v2\/pages"}],"about":[{"href":"https:\/\/trigon.ch\/fr\/wp-json\/wp\/v2\/types\/page"}],"author":[{"embeddable":true,"href":"https:\/\/trigon.ch\/fr\/wp-json\/wp\/v2\/users\/3"}],"replies":[{"embeddable":true,"href":"https:\/\/trigon.ch\/fr\/wp-json\/wp\/v2\/comments?post=3471"}],"version-history":[{"count":0,"href":"https:\/\/trigon.ch\/fr\/wp-json\/wp\/v2\/pages\/3471\/revisions"}],"up":[{"embeddable":true,"href":"https:\/\/trigon.ch\/fr\/wp-json\/wp\/v2\/pages\/2643"}],"wp:attachment":[{"href":"https:\/\/trigon.ch\/fr\/wp-json\/wp\/v2\/media?parent=3471"}],"curies":[{"name":"wp","href":"https:\/\/api.w.org\/{rel}","templated":true}]}}